{"id":11120,"date":"2022-12-16T12:39:47","date_gmt":"2022-12-16T12:39:47","guid":{"rendered":"https:\/\/triplex.com.bo\/index.php\/product\/tramontina-parrilla-grill-40-cm-diametro-tcp-400\/"},"modified":"2025-04-03T10:22:23","modified_gmt":"2025-04-03T14:22:23","slug":"tramontina-parrilla-grill-40-cm-diametro-tcp-400","status":"publish","type":"product","link":"https:\/\/triplex.com.bo\/index.php\/product\/tramontina-parrilla-grill-40-cm-diametro-tcp-400\/","title":{"rendered":"TRAMONTINA PARRILLA GRILL 40 CM DIAMETRO TCP-400"},"content":{"rendered":"<p>Grill a Carb\u00f3n Tramontina TCP 400 de Acero Inoxidable con Bandeja para Carb\u00f3n de Acero Esmaltado. Ideal para asar las mejores piezas de carne, ahorra carb\u00f3n y es muy f\u00e1cil de armar y usar. Altamente durable, se fabrica en acero inoxidable y tiene una bandeja para carb\u00f3n de acero esmaltado. Es un grill que tiene alto desempe\u00f1o y que garantiza la practicidad a la hora de preparar un delicioso asado.<br \/>\nMarca<br \/>\nTRAMONTINA<br \/>\nSistema<br \/>\nParrilla a Carb\u00f3n<br \/>\nColor<br \/>\nInox<br \/>\nPeso<br \/>\n8,20 kg<br \/>\nDimensi\u00f3n<br \/>\n40 cm di\u00e1metro<br \/>\nMaterial<br \/>\nAcero Inoxidable<br \/>\nQuemadores<br \/>\nNo<br \/>\nEspecificaciones Adicionales<br \/>\nProtecciones laterales que protegen la carne contra el viento, proporcionando m\u00e1s concentraci\u00f3n del calor en el alimento, acelerando la cocci\u00f3n. Proyectada para preparar un asado completo usando apenas 1,5 kg de carb\u00f3n.<\/p>\n","protected":false},"excerpt":{"rendered":"<p>TRAMONTINA PARRILLA GRILL 40 CM DIAMETRO TCP-400<\/p>\n","protected":false},"featured_media":11919,"comment_status":"open","ping_status":"closed","template":"","meta":{"_acf_changed":false},"pwb-brand":[368],"product_brand":[],"product_cat":[346,196],"product_tag":[],"class_list":{"0":"post-11120","1":"product","2":"type-product","3":"status-publish","4":"has-post-thumbnail","6":"pwb-brand-tramontina","7":"product_cat-menajeria-churrasco","8":"product_cat-menajeria","10":"first","11":"instock","12":"shipping-taxable","13":"purchasable","14":"product-type-simple"},"acf":[],"brands":[{"id":368,"name":"TRAMONTINA","slug":"tramontina"}],"_links":{"self":[{"href":"https:\/\/triplex.com.bo\/index.php\/wp-json\/wp\/v2\/product\/11120","targetHints":{"allow":["GET"]}}],"collection":[{"href":"https:\/\/triplex.com.bo\/index.php\/wp-json\/wp\/v2\/product"}],"about":[{"href":"https:\/\/triplex.com.bo\/index.php\/wp-json\/wp\/v2\/types\/product"}],"replies":[{"embeddable":true,"href":"https:\/\/triplex.com.bo\/index.php\/wp-json\/wp\/v2\/comments?post=11120"}],"wp:featuredmedia":[{"embeddable":true,"href":"https:\/\/triplex.com.bo\/index.php\/wp-json\/wp\/v2\/media\/11919"}],"wp:attachment":[{"href":"https:\/\/triplex.com.bo\/index.php\/wp-json\/wp\/v2\/media?parent=11120"}],"wp:term":[{"taxonomy":"pwb-brand","embeddable":true,"href":"https:\/\/triplex.com.bo\/index.php\/wp-json\/wp\/v2\/pwb-brand?post=11120"},{"taxonomy":"product_brand","embeddable":true,"href":"https:\/\/triplex.com.bo\/index.php\/wp-json\/wp\/v2\/product_brand?post=11120"},{"taxonomy":"product_cat","embeddable":true,"href":"https:\/\/triplex.com.bo\/index.php\/wp-json\/wp\/v2\/product_cat?post=11120"},{"taxonomy":"product_tag","embeddable":true,"href":"https:\/\/triplex.com.bo\/index.php\/wp-json\/wp\/v2\/product_tag?post=11120"}],"curies":[{"name":"wp","href":"https:\/\/api.w.org\/{rel}","templated":true}]}}