{"id":11106,"date":"2022-12-16T12:39:09","date_gmt":"2022-12-16T12:39:09","guid":{"rendered":"https:\/\/triplex.com.bo\/index.php\/product\/depiladora-philips-bre255\/"},"modified":"2025-02-13T14:23:58","modified_gmt":"2025-02-13T18:23:58","slug":"depiladora-philips-bre255","status":"publish","type":"product","link":"https:\/\/triplex.com.bo\/index.php\/product\/depiladora-philips-bre255\/","title":{"rendered":"DEPILADORA PHILIPS BRE255"},"content":{"rendered":"<ul>\n<li>Depiladora compacta con cable BRE255\/00<\/li>\n<li>Disfruta de unas piernas suaves durante semanas con Philips Satinelle. Elimina suavemente el vello, tan corto como 0,5 mm, desde la ra\u00edz. Depilaci\u00f3n f\u00e1cil con mango ergon\u00f3mico y cabezal lavable para una higiene \u00f3ptima.<\/li>\n<li>El sistema de depilaci\u00f3n eficiente arranca el vello desde la ra\u00edz<\/li>\n<li>El sistema de depilaci\u00f3n eficiente deja la piel suave y sin vello durante semanas<\/li>\n<li>Luz integrada exclusiva para una mayor visibilidad del vello fino<\/li>\n<li>La exclusiva luz integrada garantiza que se pierda menos vello para una depilaci\u00f3n m\u00e1s eficaz.<\/li>\n<li>2 configuraciones de velocidad para agarrar pelos m\u00e1s delgados y m\u00e1s gruesos<\/li>\n<li>2 configuraciones de velocidad para eliminar el vello m\u00e1s fino y m\u00e1s grueso para un tratamiento de depilaci\u00f3n m\u00e1s personalizado.<\/li>\n<li>Empu\u00f1adura ergon\u00f3mica y perfilada para un manejo c\u00f3modo<\/li>\n<li>La forma redondeada se adapta perfectamente a la mano para una depilaci\u00f3n c\u00f3moda. \u00a1Tambi\u00e9n se ve genial!<\/li>\n<li>Cabezal de depilaci\u00f3n lavable para mayor higiene y f\u00e1cil limpieza<\/li>\n<li>Esta depiladora tiene un cabezal de depilaci\u00f3n lavable. El cabezal se puede desmontar y limpiar con agua corriente para una mejor higiene<\/li>\n<li>Gorro sensitivo para eliminar el vello no deseado<\/li>\n<li>Para una mayor suavidad en diferentes zonas del cuerpo, incluye un gorro para zonas delicadas que elimina f\u00e1cilmente el vello no deseado de las axilas y el bikini.<\/li>\n<li>Incluye gorro de masaje<\/li>\n<li>El gorro de masaje alivia la sensaci\u00f3n de depilaci\u00f3n.<\/li>\n<li>Depilaci\u00f3n f\u00e1cil<\/li>\n<li>Piel suave durante semanas<\/li>\n<li>Con Optilight<\/li>\n<li>para piernas<\/li>\n<li>+ 3 accesorios<\/li>\n<li>Especificaciones t\u00e9cnicas<\/li>\n<li>Rendimiento<\/li>\n<li>Sistema de depilaci\u00f3n: Sistema de depilaci\u00f3n eficiente<\/li>\n<li>Discos de depilaci\u00f3n: Discos de pinzas suaves<\/li>\n<li>Facilidad de uso<\/li>\n<li>Opti-luz: s\u00ed<\/li>\n<li>Encargarse de: Ergon\u00f3mico<\/li>\n<li>Cabezal de depilaci\u00f3n lavable: S\u00ed<\/li>\n<li>Voltaje: 15V<\/li>\n<li>Color: Blanco\/Rosado<\/li>\n<li>Modelo: BRE255\/00<\/li>\n<li>Marca: Philips<\/li>\n<\/ul>\n","protected":false},"excerpt":{"rendered":"<p>DEPILADORA PHILIPS BRE255<\/p>\n","protected":false},"featured_media":11328,"comment_status":"open","ping_status":"closed","template":"","meta":{"_acf_changed":false},"pwb-brand":[342],"product_brand":[],"product_cat":[188],"product_tag":[],"class_list":{"0":"post-11106","1":"product","2":"type-product","3":"status-publish","4":"has-post-thumbnail","6":"pwb-brand-philips","7":"product_cat-cuidado-personal","9":"first","10":"outofstock","11":"shipping-taxable","12":"purchasable","13":"product-type-simple"},"acf":[],"brands":[{"id":342,"name":"PHILIPS","slug":"philips"}],"_links":{"self":[{"href":"https:\/\/triplex.com.bo\/index.php\/wp-json\/wp\/v2\/product\/11106","targetHints":{"allow":["GET"]}}],"collection":[{"href":"https:\/\/triplex.com.bo\/index.php\/wp-json\/wp\/v2\/product"}],"about":[{"href":"https:\/\/triplex.com.bo\/index.php\/wp-json\/wp\/v2\/types\/product"}],"replies":[{"embeddable":true,"href":"https:\/\/triplex.com.bo\/index.php\/wp-json\/wp\/v2\/comments?post=11106"}],"wp:featuredmedia":[{"embeddable":true,"href":"https:\/\/triplex.com.bo\/index.php\/wp-json\/wp\/v2\/media\/11328"}],"wp:attachment":[{"href":"https:\/\/triplex.com.bo\/index.php\/wp-json\/wp\/v2\/media?parent=11106"}],"wp:term":[{"taxonomy":"pwb-brand","embeddable":true,"href":"https:\/\/triplex.com.bo\/index.php\/wp-json\/wp\/v2\/pwb-brand?post=11106"},{"taxonomy":"product_brand","embeddable":true,"href":"https:\/\/triplex.com.bo\/index.php\/wp-json\/wp\/v2\/product_brand?post=11106"},{"taxonomy":"product_cat","embeddable":true,"href":"https:\/\/triplex.com.bo\/index.php\/wp-json\/wp\/v2\/product_cat?post=11106"},{"taxonomy":"product_tag","embeddable":true,"href":"https:\/\/triplex.com.bo\/index.php\/wp-json\/wp\/v2\/product_tag?post=11106"}],"curies":[{"name":"wp","href":"https:\/\/api.w.org\/{rel}","templated":true}]}}