{"id":11105,"date":"2022-12-16T12:39:07","date_gmt":"2022-12-16T12:39:07","guid":{"rendered":"https:\/\/triplex.com.bo\/index.php\/product\/secador-de-pelo-philips-bhc010\/"},"modified":"2024-03-27T19:29:47","modified_gmt":"2024-03-27T19:29:47","slug":"secador-de-pelo-philips-bhc010","status":"publish","type":"product","link":"https:\/\/triplex.com.bo\/index.php\/product\/secador-de-pelo-philips-bhc010\/","title":{"rendered":"SECADOR DE PELO PHILIPS BHC010"},"content":{"rendered":"<p>El secador de cabello PHILIPS dispone de un pr\u00e1ctico mango que se pliega para reducir el tama\u00f1o y te permite transportarlo vayas donde vayas. Te ofrece tres posiciones de calor y velocidad preseleccionadas, para un secado r\u00e1pido, en fr\u00edo y de mayor cuidado. El ajuste ThermoProtect proporciona una temperatura de secado \u00f3ptima y ofrece mayor protecci\u00f3n. La combinaci\u00f3n del flujo de aire y del calor \u00f3ptimos ThermoProtect te permiten secar r\u00e1pidamente tu cabello sin sobrecalentarlo, lo que mantiene un nivel natural de humedad en el cabello y proporciona un aspecto saludable y brillante. \u2022 Ajuste de aire fr\u00edo para un secado suave. \u2022 Dise\u00f1o compacto para un uso y transporte sencillos.<\/p>\n","protected":false},"excerpt":{"rendered":"<p>SECADOR DE PELO PHILIPS BHC010<\/p>\n","protected":false},"featured_media":11327,"comment_status":"open","ping_status":"closed","template":"","meta":{"_acf_changed":false},"pwb-brand":[342],"product_brand":[],"product_cat":[188],"product_tag":[],"class_list":{"0":"post-11105","1":"product","2":"type-product","3":"status-publish","4":"has-post-thumbnail","6":"pwb-brand-philips","7":"product_cat-cuidado-personal","9":"first","10":"outofstock","11":"shipping-taxable","12":"purchasable","13":"product-type-simple"},"acf":[],"brands":[{"id":342,"name":"PHILIPS","slug":"philips"}],"_links":{"self":[{"href":"https:\/\/triplex.com.bo\/index.php\/wp-json\/wp\/v2\/product\/11105","targetHints":{"allow":["GET"]}}],"collection":[{"href":"https:\/\/triplex.com.bo\/index.php\/wp-json\/wp\/v2\/product"}],"about":[{"href":"https:\/\/triplex.com.bo\/index.php\/wp-json\/wp\/v2\/types\/product"}],"replies":[{"embeddable":true,"href":"https:\/\/triplex.com.bo\/index.php\/wp-json\/wp\/v2\/comments?post=11105"}],"wp:featuredmedia":[{"embeddable":true,"href":"https:\/\/triplex.com.bo\/index.php\/wp-json\/wp\/v2\/media\/11327"}],"wp:attachment":[{"href":"https:\/\/triplex.com.bo\/index.php\/wp-json\/wp\/v2\/media?parent=11105"}],"wp:term":[{"taxonomy":"pwb-brand","embeddable":true,"href":"https:\/\/triplex.com.bo\/index.php\/wp-json\/wp\/v2\/pwb-brand?post=11105"},{"taxonomy":"product_brand","embeddable":true,"href":"https:\/\/triplex.com.bo\/index.php\/wp-json\/wp\/v2\/product_brand?post=11105"},{"taxonomy":"product_cat","embeddable":true,"href":"https:\/\/triplex.com.bo\/index.php\/wp-json\/wp\/v2\/product_cat?post=11105"},{"taxonomy":"product_tag","embeddable":true,"href":"https:\/\/triplex.com.bo\/index.php\/wp-json\/wp\/v2\/product_tag?post=11105"}],"curies":[{"name":"wp","href":"https:\/\/api.w.org\/{rel}","templated":true}]}}