{"id":11100,"date":"2022-12-16T12:38:55","date_gmt":"2022-12-16T12:38:55","guid":{"rendered":"https:\/\/triplex.com.bo\/index.php\/product\/somier-ecocuero-king-140x190x22\/"},"modified":"2025-04-03T10:23:21","modified_gmt":"2025-04-03T14:23:21","slug":"somier-ecocuero-king-140x190x22","status":"publish","type":"product","link":"https:\/\/triplex.com.bo\/index.php\/product\/somier-ecocuero-king-140x190x22\/","title":{"rendered":"SOMIER ECOCUERO KING 140X190X22"},"content":{"rendered":"<p>Dise\u00f1o moderno, ideal para decoraci\u00f3n sobria en su dormitorio, disponible en cuero ecol\u00f3gico.<\/p>\n","protected":false},"excerpt":{"rendered":"<p>SOMIER ECOCUERO KING 140X190X22<\/p>\n","protected":false},"featured_media":11938,"comment_status":"open","ping_status":"closed","template":"","meta":{"_acf_changed":false},"pwb-brand":[366],"product_brand":[],"product_cat":[378,147],"product_tag":[],"class_list":{"0":"post-11100","1":"product","2":"type-product","3":"status-publish","4":"has-post-thumbnail","6":"pwb-brand-maxiking","7":"product_cat-dormitorio","8":"product_cat-muebles","10":"first","11":"instock","12":"shipping-taxable","13":"purchasable","14":"product-type-simple"},"acf":[],"brands":[{"id":366,"name":"MAXIKING","slug":"maxiking"}],"_links":{"self":[{"href":"https:\/\/triplex.com.bo\/index.php\/wp-json\/wp\/v2\/product\/11100","targetHints":{"allow":["GET"]}}],"collection":[{"href":"https:\/\/triplex.com.bo\/index.php\/wp-json\/wp\/v2\/product"}],"about":[{"href":"https:\/\/triplex.com.bo\/index.php\/wp-json\/wp\/v2\/types\/product"}],"replies":[{"embeddable":true,"href":"https:\/\/triplex.com.bo\/index.php\/wp-json\/wp\/v2\/comments?post=11100"}],"wp:featuredmedia":[{"embeddable":true,"href":"https:\/\/triplex.com.bo\/index.php\/wp-json\/wp\/v2\/media\/11938"}],"wp:attachment":[{"href":"https:\/\/triplex.com.bo\/index.php\/wp-json\/wp\/v2\/media?parent=11100"}],"wp:term":[{"taxonomy":"pwb-brand","embeddable":true,"href":"https:\/\/triplex.com.bo\/index.php\/wp-json\/wp\/v2\/pwb-brand?post=11100"},{"taxonomy":"product_brand","embeddable":true,"href":"https:\/\/triplex.com.bo\/index.php\/wp-json\/wp\/v2\/product_brand?post=11100"},{"taxonomy":"product_cat","embeddable":true,"href":"https:\/\/triplex.com.bo\/index.php\/wp-json\/wp\/v2\/product_cat?post=11100"},{"taxonomy":"product_tag","embeddable":true,"href":"https:\/\/triplex.com.bo\/index.php\/wp-json\/wp\/v2\/product_tag?post=11100"}],"curies":[{"name":"wp","href":"https:\/\/api.w.org\/{rel}","templated":true}]}}