{"id":11089,"date":"2022-12-16T12:38:26","date_gmt":"2022-12-16T12:38:26","guid":{"rendered":"https:\/\/triplex.com.bo\/index.php\/product\/karcher-k2-dakar-pe\/"},"modified":"2026-03-04T18:27:43","modified_gmt":"2026-03-04T22:27:43","slug":"karcher-k2-dakar-pe","status":"publish","type":"product","link":"https:\/\/triplex.com.bo\/index.php\/product\/karcher-k2-dakar-pe\/","title":{"rendered":"KARCHER K2 DAKAR PE"},"content":{"rendered":"<p>Los accesorios especiales para la K 2 Car incluyen un pr\u00e1ctico jet de espuma para el uso de detergentes y un cepillo de lavado que fue especialmente desarrollado para la limpieza de coches. El equipo est\u00e1ndar incluye una manija ergon\u00f3mica, ruedas de funcionamiento suave para facilitar el transporte, una manguera de alta presi\u00f3n de 4 m, una lanza de aspersi\u00f3n Vario Power ajustable y un desintegrador de suciedad con chorro giratorio para hacer frente a la suciedad persistente. Adem\u00e1s de limpiar coches, la K 2 Car es ideal para la limpieza ocasional de peque\u00f1os jardines, bicicletas, motocicletas y aparatos de jard\u00edn.<\/p>\n<p>Tipo de corriente (V) 220<br \/>\nPresi\u00f3n (bar\/PSI) 110 \/ 1600<br \/>\nCaudal (l\/min) 4<br \/>\nTemperatura de entrada (\u00b0C) m\u00e1x. 40<br \/>\nPeso sin accesorios. (kg) 4,9<br \/>\nPeso con embalaje incluido. (kg) 6,9<br \/>\nDimensiones (la. \u00d7 an. \u00d7 al.). (mm) 242 x 280 x 783<\/p>\n","protected":false},"excerpt":{"rendered":"<p>KARCHER K2 DAKAR PE<\/p>\n","protected":false},"featured_media":11324,"comment_status":"open","ping_status":"closed","template":"","meta":{"_acf_changed":false},"pwb-brand":[],"product_brand":[],"product_cat":[157,164],"product_tag":[],"class_list":{"0":"post-11089","1":"product","2":"type-product","3":"status-publish","4":"has-post-thumbnail","6":"product_cat-electromenor","7":"product_cat-electromenor-hidrolavadoras","9":"first","10":"instock","11":"shipping-taxable","12":"purchasable","13":"product-type-simple"},"acf":[],"brands":[],"_links":{"self":[{"href":"https:\/\/triplex.com.bo\/index.php\/wp-json\/wp\/v2\/product\/11089","targetHints":{"allow":["GET"]}}],"collection":[{"href":"https:\/\/triplex.com.bo\/index.php\/wp-json\/wp\/v2\/product"}],"about":[{"href":"https:\/\/triplex.com.bo\/index.php\/wp-json\/wp\/v2\/types\/product"}],"replies":[{"embeddable":true,"href":"https:\/\/triplex.com.bo\/index.php\/wp-json\/wp\/v2\/comments?post=11089"}],"wp:featuredmedia":[{"embeddable":true,"href":"https:\/\/triplex.com.bo\/index.php\/wp-json\/wp\/v2\/media\/11324"}],"wp:attachment":[{"href":"https:\/\/triplex.com.bo\/index.php\/wp-json\/wp\/v2\/media?parent=11089"}],"wp:term":[{"taxonomy":"pwb-brand","embeddable":true,"href":"https:\/\/triplex.com.bo\/index.php\/wp-json\/wp\/v2\/pwb-brand?post=11089"},{"taxonomy":"product_brand","embeddable":true,"href":"https:\/\/triplex.com.bo\/index.php\/wp-json\/wp\/v2\/product_brand?post=11089"},{"taxonomy":"product_cat","embeddable":true,"href":"https:\/\/triplex.com.bo\/index.php\/wp-json\/wp\/v2\/product_cat?post=11089"},{"taxonomy":"product_tag","embeddable":true,"href":"https:\/\/triplex.com.bo\/index.php\/wp-json\/wp\/v2\/product_tag?post=11089"}],"curies":[{"name":"wp","href":"https:\/\/api.w.org\/{rel}","templated":true}]}}