{"id":11086,"date":"2022-12-16T12:38:18","date_gmt":"2022-12-16T12:38:18","guid":{"rendered":"https:\/\/triplex.com.bo\/index.php\/product\/karcher-sc-2-deluxe-easyfix-eu\/"},"modified":"2026-02-20T23:05:17","modified_gmt":"2026-02-21T03:05:17","slug":"karcher-sc-2-deluxe-easyfix-eu","status":"publish","type":"product","link":"https:\/\/triplex.com.bo\/index.php\/product\/karcher-sc-2-deluxe-easyfix-eu\/","title":{"rendered":"KARCHER SC 2 DELUXE EASYFIX EU"},"content":{"rendered":"<p>La nueva limpiadora de vapor b\u00e1sica SC 2 Deluxe EasyFix, compacta y ligera, dispone de dos posiciones de regulaci\u00f3n del vapor para adaptar su intensidad en funci\u00f3n de la superficie y el grado de suciedad. Con una limpieza en profundidad con la limpiadora de vapor de K\u00e4rcher se elimina hasta el 99,999 % de los coronavirus* y el 99,99 % de todas las bacterias comunes** de las superficies duras que se encuentran normalmente en el hogar. Y lo hace completamente sin productos qu\u00edmicos. A trav\u00e9s de su anillo luminoso LED situado en el asa, la SC 2 Deluxe EasyFix muestra en todo momento el modo de funcionamiento. Cuando est\u00e1 rojo, el equipo a\u00fan se est\u00e1 calentando; cuando est\u00e1 verde, la limpiadora de vapor SC est\u00e1 lista para su uso. Los accesorios se pueden guardar completos (incluidos los dos tubos de prolongaci\u00f3n) en la bolsa extralarga para accesorios o en el equipo. La boquilla para suelos EasyFix con articulaci\u00f3n flexible garantiza la m\u00e1xima ergonom\u00eda y proporciona unos resultados de limpieza perfectos gracias a la tecnolog\u00eda de l\u00e1minas. El c\u00f3modo sistema de cierre de autofijaci\u00f3n permite fijar de manera sencilla y r\u00e1pida el pa\u00f1o para suelos de microfibra a la boquilla para suelos y quitarlo sin entrar en contacto con la suciedad. Con un uso adecuado de los diversos accesorios, limpia de forma higi\u00e9nica las baldosas, la placa de cocina, la campana extractora y hasta las ranuras m\u00e1s peque\u00f1as. Incluso la suciedad resistente se elimina con eficacia.<\/p>\n","protected":false},"excerpt":{"rendered":"<p>KARCHER SC 2 DELUXE EASYFIX EU<\/p>\n","protected":false},"featured_media":11700,"comment_status":"open","ping_status":"closed","template":"","meta":{"_acf_changed":false},"pwb-brand":[],"product_brand":[],"product_cat":[158,157],"product_tag":[],"class_list":{"0":"post-11086","1":"product","2":"type-product","3":"status-publish","4":"has-post-thumbnail","6":"product_cat-electromenor-aspiradoras","7":"product_cat-electromenor","9":"first","10":"outofstock","11":"shipping-taxable","12":"purchasable","13":"product-type-simple"},"acf":[],"brands":[],"_links":{"self":[{"href":"https:\/\/triplex.com.bo\/index.php\/wp-json\/wp\/v2\/product\/11086","targetHints":{"allow":["GET"]}}],"collection":[{"href":"https:\/\/triplex.com.bo\/index.php\/wp-json\/wp\/v2\/product"}],"about":[{"href":"https:\/\/triplex.com.bo\/index.php\/wp-json\/wp\/v2\/types\/product"}],"replies":[{"embeddable":true,"href":"https:\/\/triplex.com.bo\/index.php\/wp-json\/wp\/v2\/comments?post=11086"}],"wp:featuredmedia":[{"embeddable":true,"href":"https:\/\/triplex.com.bo\/index.php\/wp-json\/wp\/v2\/media\/11700"}],"wp:attachment":[{"href":"https:\/\/triplex.com.bo\/index.php\/wp-json\/wp\/v2\/media?parent=11086"}],"wp:term":[{"taxonomy":"pwb-brand","embeddable":true,"href":"https:\/\/triplex.com.bo\/index.php\/wp-json\/wp\/v2\/pwb-brand?post=11086"},{"taxonomy":"product_brand","embeddable":true,"href":"https:\/\/triplex.com.bo\/index.php\/wp-json\/wp\/v2\/product_brand?post=11086"},{"taxonomy":"product_cat","embeddable":true,"href":"https:\/\/triplex.com.bo\/index.php\/wp-json\/wp\/v2\/product_cat?post=11086"},{"taxonomy":"product_tag","embeddable":true,"href":"https:\/\/triplex.com.bo\/index.php\/wp-json\/wp\/v2\/product_tag?post=11086"}],"curies":[{"name":"wp","href":"https:\/\/api.w.org\/{rel}","templated":true}]}}