{"id":11080,"date":"2022-12-16T12:38:01","date_gmt":"2022-12-16T12:38:01","guid":{"rendered":"https:\/\/triplex.com.bo\/index.php\/product\/smartwatch-gt2-mujer\/"},"modified":"2025-03-24T12:37:37","modified_gmt":"2025-03-24T16:37:37","slug":"smartwatch-gt2-mujer","status":"publish","type":"product","link":"https:\/\/triplex.com.bo\/index.php\/product\/smartwatch-gt2-mujer\/","title":{"rendered":"SMARTWATCH GT2 MUJER"},"content":{"rendered":"<p>SMARTWATCH GT2 MUJER<br \/>\nGPS<br \/>\nDisponible<\/p>\n<p>CONECTIVIDAD<br \/>\nBluetooth: BT5.1, BLE \/ BR \/ EDR<\/p>\n<p>SENSORES<br \/>\nAceler\u00f3metro<br \/>\nSensor de giroscopio<br \/>\nSensor geomagn\u00e9tico<br \/>\nSensor \u00f3ptico de frecuencia card\u00edaca<br \/>\nSensor de luz ambiental<br \/>\nSensor de presi\u00f3n del aire<br \/>\nSensor capacitivo<\/p>\n<p>BATER\u00cdA<br \/>\nHUAWEI WATCH GT 2 (46 mm):<br \/>\n14 dias en uso normal. (Valor t\u00edpico. La capacidad real puede variar ligeramente.Esta capacidad es la capacidad nominal de la bater\u00eda. La capacidad real de la bater\u00eda para cada tel\u00e9fono individual puede estar ligeramente por encima o por debajo de la capacidad nominal de la bater\u00eda.)<br \/>\nRequisitos de voltaje y corriente del cargador:<br \/>\n5V 0,5A \/ 1A \/ 1,5A \/ 2A<br \/>\nHUAWEI WATCH GT 2 (42 mm):<br \/>\n7 dias en uso normal. (Valor t\u00edpico. La capacidad real puede variar ligeramente.Esta capacidad es la capacidad nominal de la bater\u00eda. La capacidad real de la bater\u00eda para cada tel\u00e9fono individual puede estar ligeramente por encima o por debajo de la capacidad nominal de la bater\u00eda.)<br \/>\nRequisitos de voltaje y corriente del cargador:<br \/>\n5V 0,5A \/ 1A \/ 1,5A \/ 2A<\/p>\n<ul>\n<li>BOTONES<br \/>\nBot\u00f3n de encendido, bot\u00f3n de funci\u00f3n<\/li>\n<li>PUERTO DE CARGA<br \/>\nCarga magn\u00e9tica<\/li>\n<li>SYSTEM REQUIREMENTS<br \/>\nAndroid 4.4 o posterior<br \/>\niOS 9.0 o posterior<\/li>\n<li>RESTENCIA AL AGUA<br \/>\n5ATM<\/li>\n<li>Los dispositivos que cumplen con el agua con clasificaci\u00f3n 5ATM tienen una clasificaci\u00f3n de resistencia al agua de 50 metros seg\u00fan la norma ISO 22810:2010. Esto significa que pueden usarse para actividades en aguas poco profundas como nadar en una piscina o en el oc\u00e9ano. Sin embargo, no deben usarse para buceo, esqu\u00ed acu\u00e1tico u otras actividades que involucren agua de alta velocidad o inmersi\u00f3n por debajo de poca profundidad.<\/li>\n<\/ul>\n","protected":false},"excerpt":{"rendered":"<p>SMARTWATCH GT2 MUJER<\/p>\n","protected":false},"featured_media":12494,"comment_status":"open","ping_status":"closed","template":"","meta":{"_acf_changed":false},"pwb-brand":[363],"product_brand":[],"product_cat":[380,195],"product_tag":[],"class_list":{"0":"post-11080","1":"product","2":"type-product","3":"status-publish","4":"has-post-thumbnail","6":"pwb-brand-huawei","7":"product_cat-smartwatch","8":"product_cat-tecnologia","10":"first","11":"outofstock","12":"shipping-taxable","13":"purchasable","14":"product-type-simple"},"acf":[],"brands":[{"id":363,"name":"HUAWEI","slug":"huawei"}],"_links":{"self":[{"href":"https:\/\/triplex.com.bo\/index.php\/wp-json\/wp\/v2\/product\/11080","targetHints":{"allow":["GET"]}}],"collection":[{"href":"https:\/\/triplex.com.bo\/index.php\/wp-json\/wp\/v2\/product"}],"about":[{"href":"https:\/\/triplex.com.bo\/index.php\/wp-json\/wp\/v2\/types\/product"}],"replies":[{"embeddable":true,"href":"https:\/\/triplex.com.bo\/index.php\/wp-json\/wp\/v2\/comments?post=11080"}],"wp:featuredmedia":[{"embeddable":true,"href":"https:\/\/triplex.com.bo\/index.php\/wp-json\/wp\/v2\/media\/12494"}],"wp:attachment":[{"href":"https:\/\/triplex.com.bo\/index.php\/wp-json\/wp\/v2\/media?parent=11080"}],"wp:term":[{"taxonomy":"pwb-brand","embeddable":true,"href":"https:\/\/triplex.com.bo\/index.php\/wp-json\/wp\/v2\/pwb-brand?post=11080"},{"taxonomy":"product_brand","embeddable":true,"href":"https:\/\/triplex.com.bo\/index.php\/wp-json\/wp\/v2\/product_brand?post=11080"},{"taxonomy":"product_cat","embeddable":true,"href":"https:\/\/triplex.com.bo\/index.php\/wp-json\/wp\/v2\/product_cat?post=11080"},{"taxonomy":"product_tag","embeddable":true,"href":"https:\/\/triplex.com.bo\/index.php\/wp-json\/wp\/v2\/product_tag?post=11080"}],"curies":[{"name":"wp","href":"https:\/\/api.w.org\/{rel}","templated":true}]}}