{"id":11070,"date":"2022-12-16T12:37:34","date_gmt":"2022-12-16T12:37:34","guid":{"rendered":"https:\/\/triplex.com.bo\/index.php\/product\/ondulador-y-alisador-philips\/"},"modified":"2024-03-11T20:05:49","modified_gmt":"2024-03-11T20:05:49","slug":"ondulador-y-alisador-philips","status":"publish","type":"product","link":"https:\/\/triplex.com.bo\/index.php\/product\/ondulador-y-alisador-philips\/","title":{"rendered":"ONDULADOR Y ALISADOR PHILIPS BHH811"},"content":{"rendered":"<p>Cuenta con placas alisadoras de 80 mm para un peinado perfecto.<br \/>\nIncluye Tubo de rizado de 25 mm para rizos perfectos, marcados o sueltos.<br \/>\nIncluye una gu\u00eda de peinados para crear m\u00e1s de 10 estilos distintos, 2 bandas el\u00e1sticas para facilitar el peinado y una aguja para peinado para que pod\u00e1s probar distintos looks.<br \/>\nGracias al dise\u00f1o OneClick del Multi-Styler, cambiar los accesorios nunca hab\u00eda sido m\u00e1s r\u00e1pido y f\u00e1cil.<br \/>\nSolo colocalo y presion\u00e1 el bot\u00f3n mientras sosten\u00e9s la punta fr\u00eda para extraer el accesorio.<br \/>\nAlta temperatura profesional para obtener resultados perfectos<br \/>\nCalentamiento r\u00e1pido: listo para usar en 60s<br \/>\nRevestimiento cer\u00e1mico protector que asegura una distribuci\u00f3n uniforme del calor, menor da\u00f1o y un pelo suave.<br \/>\nLa punta del modelador est\u00e1 fabricada con un material aislante que la mantiene fr\u00eda, para sostenerla con seguridad mientras te brinda la facilidad \u00f3ptima de uso.<br \/>\nCable giratorio de alimentaci\u00f3n de 1,8m<\/p>\n","protected":false},"excerpt":{"rendered":"<p>ONDULADOR Y ALISADOR PHILIPS<\/p>\n","protected":false},"featured_media":12125,"comment_status":"open","ping_status":"closed","template":"","meta":{"_acf_changed":false},"pwb-brand":[342],"product_brand":[],"product_cat":[188],"product_tag":[],"class_list":{"0":"post-11070","1":"product","2":"type-product","3":"status-publish","4":"has-post-thumbnail","6":"pwb-brand-philips","7":"product_cat-cuidado-personal","9":"first","10":"instock","11":"shipping-taxable","12":"purchasable","13":"product-type-simple"},"acf":[],"brands":[{"id":342,"name":"PHILIPS","slug":"philips"}],"_links":{"self":[{"href":"https:\/\/triplex.com.bo\/index.php\/wp-json\/wp\/v2\/product\/11070","targetHints":{"allow":["GET"]}}],"collection":[{"href":"https:\/\/triplex.com.bo\/index.php\/wp-json\/wp\/v2\/product"}],"about":[{"href":"https:\/\/triplex.com.bo\/index.php\/wp-json\/wp\/v2\/types\/product"}],"replies":[{"embeddable":true,"href":"https:\/\/triplex.com.bo\/index.php\/wp-json\/wp\/v2\/comments?post=11070"}],"wp:featuredmedia":[{"embeddable":true,"href":"https:\/\/triplex.com.bo\/index.php\/wp-json\/wp\/v2\/media\/12125"}],"wp:attachment":[{"href":"https:\/\/triplex.com.bo\/index.php\/wp-json\/wp\/v2\/media?parent=11070"}],"wp:term":[{"taxonomy":"pwb-brand","embeddable":true,"href":"https:\/\/triplex.com.bo\/index.php\/wp-json\/wp\/v2\/pwb-brand?post=11070"},{"taxonomy":"product_brand","embeddable":true,"href":"https:\/\/triplex.com.bo\/index.php\/wp-json\/wp\/v2\/product_brand?post=11070"},{"taxonomy":"product_cat","embeddable":true,"href":"https:\/\/triplex.com.bo\/index.php\/wp-json\/wp\/v2\/product_cat?post=11070"},{"taxonomy":"product_tag","embeddable":true,"href":"https:\/\/triplex.com.bo\/index.php\/wp-json\/wp\/v2\/product_tag?post=11070"}],"curies":[{"name":"wp","href":"https:\/\/api.w.org\/{rel}","templated":true}]}}