{"id":11065,"date":"2022-12-16T12:37:19","date_gmt":"2022-12-16T12:37:19","guid":{"rendered":"https:\/\/triplex.com.bo\/index.php\/product\/vaporizador-de-ropa-cadence\/"},"modified":"2024-12-05T11:50:15","modified_gmt":"2024-12-05T15:50:15","slug":"vaporizador-de-ropa-cadence","status":"publish","type":"product","link":"https:\/\/triplex.com.bo\/index.php\/product\/vaporizador-de-ropa-cadence\/","title":{"rendered":"Vaporizador de ropa Cadence"},"content":{"rendered":"<p>Elimina g\u00e9rmenes y bacterias con el poder del vapor, sin utilizar productos<br \/>\nproductos qu\u00edmicos.<br \/>\nDeshazte de las abolladuras m\u00e1s dif\u00edciles. Es ideal para planchar cualquier pieza.<br \/>\ncolgante.<br \/>\nPort\u00e1til y vers\u00e1til, se puede utilizar en cualquier lugar de la casa. Tu talla<br \/>\nVarilla compacta y retr\u00e1ctil asegura un almacenamiento r\u00e1pido y f\u00e1cil.<br \/>\nTiene cepillos especiales, para quitar pelusas y pelos, y accesorio para hacer<br \/>\npliegue.<br \/>\nDispone de boquilla anat\u00f3mica para salida de vapor y cable anti-calentamiento.<br \/>\nSoporte plegable para colgar la ropa y correas laterales para colgar<br \/>\npercha. Manguera flexible para un f\u00e1cil manejo.<br \/>\nDep\u00f3sito con una capacidad de 1,5 litros que garantiza un uso continuo durante 60<br \/>\nminutos.<\/p>\n","protected":false},"excerpt":{"rendered":"<p>Vaporizador de ropa Cadence<\/p>\n","protected":false},"featured_media":12168,"comment_status":"open","ping_status":"closed","template":"","meta":{"_acf_changed":false},"pwb-brand":[362],"product_brand":[],"product_cat":[157,168],"product_tag":[],"class_list":{"0":"post-11065","1":"product","2":"type-product","3":"status-publish","4":"has-post-thumbnail","6":"pwb-brand-candence","7":"product_cat-electromenor","8":"product_cat-electromenor-planchas-ropa","10":"first","11":"outofstock","12":"shipping-taxable","13":"purchasable","14":"product-type-simple"},"acf":[],"brands":[{"id":362,"name":"CANDENCE","slug":"candence"}],"_links":{"self":[{"href":"https:\/\/triplex.com.bo\/index.php\/wp-json\/wp\/v2\/product\/11065","targetHints":{"allow":["GET"]}}],"collection":[{"href":"https:\/\/triplex.com.bo\/index.php\/wp-json\/wp\/v2\/product"}],"about":[{"href":"https:\/\/triplex.com.bo\/index.php\/wp-json\/wp\/v2\/types\/product"}],"replies":[{"embeddable":true,"href":"https:\/\/triplex.com.bo\/index.php\/wp-json\/wp\/v2\/comments?post=11065"}],"wp:featuredmedia":[{"embeddable":true,"href":"https:\/\/triplex.com.bo\/index.php\/wp-json\/wp\/v2\/media\/12168"}],"wp:attachment":[{"href":"https:\/\/triplex.com.bo\/index.php\/wp-json\/wp\/v2\/media?parent=11065"}],"wp:term":[{"taxonomy":"pwb-brand","embeddable":true,"href":"https:\/\/triplex.com.bo\/index.php\/wp-json\/wp\/v2\/pwb-brand?post=11065"},{"taxonomy":"product_brand","embeddable":true,"href":"https:\/\/triplex.com.bo\/index.php\/wp-json\/wp\/v2\/product_brand?post=11065"},{"taxonomy":"product_cat","embeddable":true,"href":"https:\/\/triplex.com.bo\/index.php\/wp-json\/wp\/v2\/product_cat?post=11065"},{"taxonomy":"product_tag","embeddable":true,"href":"https:\/\/triplex.com.bo\/index.php\/wp-json\/wp\/v2\/product_tag?post=11065"}],"curies":[{"name":"wp","href":"https:\/\/api.w.org\/{rel}","templated":true}]}}