{"id":11064,"date":"2022-12-16T12:37:16","date_gmt":"2022-12-16T12:37:16","guid":{"rendered":"https:\/\/triplex.com.bo\/index.php\/product\/horno-oster-18ltrs-rojo\/"},"modified":"2026-03-04T18:27:56","modified_gmt":"2026-03-04T22:27:56","slug":"horno-oster-18ltrs-rojo","status":"publish","type":"product","link":"https:\/\/triplex.com.bo\/index.php\/product\/horno-oster-18ltrs-rojo\/","title":{"rendered":"HORNO 18LTS ROJO OSTER"},"content":{"rendered":"<p>CARACTERISTICAS<br \/>\nESPECIFICACIONES TECNICAS<br \/>\ncaracteristicas<br \/>\nFICHA T\u00c9CNICA<br \/>\nSupervisor<br \/>\nembalaje colectivo<br \/>\nmodelo de embalaje individual<br \/>\nVoltaje<br \/>\nPotencia<br \/>\nconsumo<br \/>\ndimensiones [WxHxD]<br \/>\nPeso<br \/>\nGarant\u00eda<br \/>\ndimensiones [WxHxD]<br \/>\nPeso<br \/>\nc\u00f3digo de barras [EAN-13]<br \/>\ndimensiones [WxHxD]<br \/>\nPeso<br \/>\nc\u00f3digo de barras [DUN-14]<br \/>\ncantidad por paquete<br \/>\nclasificaci\u00f3n fiscal<br \/>\nTasa de IPI<br \/>\nHorno de cocci\u00f3n por convecci\u00f3n<br \/>\nFICHA T\u00c9CNICA<br \/>\nRendimiento econ\u00f3mico y superior<br \/>\nCon tecnolog\u00eda de convecci\u00f3n que prepara los alimentos de forma m\u00e1s r\u00e1pida y uniforme con temperaturas m\u00e1s bajas que el horno convencional,<br \/>\nal asar los alimentos haciendo circular el aire caliente por todo el horno, eliminando posibles \u201cpuntos calientes\u201d.<br \/>\ntodo el sabor de la comida.<br \/>\nOperaci\u00f3n diferenciada<br \/>\nTemperatura de 120o<br \/>\nhasta 230o<br \/>\ngrados y capacidad de 18 litros.<br \/>\n5 funciones programables<br \/>\nEl panel de f\u00e1cil control para la preparaci\u00f3n de recetas viene con las siguientes funciones: asar, asar por convecci\u00f3n, tostar, asar a la parrilla y mantener caliente. Tiene un temporizador<br \/>\n60 minutos que suena cuando la receta est\u00e1 lista.<br \/>\nM\u00e1s f\u00e1cil en la cocina<br \/>\nPermite acomodar y hornear una mayor variedad de alimentos porque su fondo es redondeado y la parrilla es ajustable, lo que permite hornear alimentos en platos.<br \/>\nm\u00e1s grande y m\u00e1s alto. La bandeja extra\u00edble te permite eliminar residuos y limpiar el interior del horno con mucha facilidad.<\/p>\n","protected":false},"excerpt":{"rendered":"<p>Horno Oster 18ltrs rojo<\/p>\n","protected":false},"featured_media":12169,"comment_status":"open","ping_status":"closed","template":"","meta":{"_acf_changed":false},"pwb-brand":[235],"product_brand":[],"product_cat":[179,144],"product_tag":[],"class_list":{"0":"post-11064","1":"product","2":"type-product","3":"status-publish","4":"has-post-thumbnail","6":"pwb-brand-oster","7":"product_cat-hornos-microondas-mesa","8":"product_cat-hornos-microondas","10":"first","11":"outofstock","12":"shipping-taxable","13":"purchasable","14":"product-type-simple"},"acf":[],"brands":[{"id":235,"name":"OSTER","slug":"oster"}],"_links":{"self":[{"href":"https:\/\/triplex.com.bo\/index.php\/wp-json\/wp\/v2\/product\/11064","targetHints":{"allow":["GET"]}}],"collection":[{"href":"https:\/\/triplex.com.bo\/index.php\/wp-json\/wp\/v2\/product"}],"about":[{"href":"https:\/\/triplex.com.bo\/index.php\/wp-json\/wp\/v2\/types\/product"}],"replies":[{"embeddable":true,"href":"https:\/\/triplex.com.bo\/index.php\/wp-json\/wp\/v2\/comments?post=11064"}],"wp:featuredmedia":[{"embeddable":true,"href":"https:\/\/triplex.com.bo\/index.php\/wp-json\/wp\/v2\/media\/12169"}],"wp:attachment":[{"href":"https:\/\/triplex.com.bo\/index.php\/wp-json\/wp\/v2\/media?parent=11064"}],"wp:term":[{"taxonomy":"pwb-brand","embeddable":true,"href":"https:\/\/triplex.com.bo\/index.php\/wp-json\/wp\/v2\/pwb-brand?post=11064"},{"taxonomy":"product_brand","embeddable":true,"href":"https:\/\/triplex.com.bo\/index.php\/wp-json\/wp\/v2\/product_brand?post=11064"},{"taxonomy":"product_cat","embeddable":true,"href":"https:\/\/triplex.com.bo\/index.php\/wp-json\/wp\/v2\/product_cat?post=11064"},{"taxonomy":"product_tag","embeddable":true,"href":"https:\/\/triplex.com.bo\/index.php\/wp-json\/wp\/v2\/product_tag?post=11064"}],"curies":[{"name":"wp","href":"https:\/\/api.w.org\/{rel}","templated":true}]}}