{"id":11063,"date":"2022-12-16T12:37:14","date_gmt":"2022-12-16T12:37:14","guid":{"rendered":"https:\/\/triplex.com.bo\/index.php\/product\/tostadora-oster-2-panes-inox\/"},"modified":"2025-12-02T23:28:26","modified_gmt":"2025-12-03T03:28:26","slug":"tostadora-oster-2-panes-inox","status":"publish","type":"product","link":"https:\/\/triplex.com.bo\/index.php\/product\/tostadora-oster-2-panes-inox\/","title":{"rendered":"TOSTADORA OSTER 2 PANES INOX"},"content":{"rendered":"<p>Mayor capacidad<br \/>\nPrepara hasta 2 rebanadas de pan al mismo tiempo y sus aberturas m\u00e1s amplias permiten tostar una amplia variedad de panes. Tiene 4 funciones preprogramables para tostar, hornear, descongelar y tostar r\u00e1pido (30 segundos).<br \/>\n7 opciones de ajuste<br \/>\nM\u00e1s claro o m\u00e1s oscuro, el ajuste con 7 niveles de tostado deja el pan con el color perfecto. Tiene un bot\u00f3n de cancelaci\u00f3n de f\u00e1cil acceso en<br \/>\nen cualquier momento del ciclo de tostado.<br \/>\nCalidad, tecnolog\u00eda y alto rendimiento<br \/>\nLa bandeja recogemigas extra\u00edble es f\u00e1cil de quitar y limpiar, incluso en el lavavajillas. Tiene rejillas dobles que se ajustan autom\u00e1ticamente a la<br \/>\ngrosor del pan y asegurar un dorado uniforme.<br \/>\nExquisito dise\u00f1o<br \/>\nAcabado moderno en acero inoxidable para un desayuno perfecto y refinado.<br \/>\nLa Colecci\u00f3n de Tostadoras El\u00e9ctricas es parte de la L\u00ednea Gourmet Oster\u00ae.<\/p>\n","protected":false},"excerpt":{"rendered":"<p>Tostadora Oster 2 panes Inox<\/p>\n","protected":false},"featured_media":12171,"comment_status":"open","ping_status":"closed","template":"","meta":{"_acf_changed":false},"pwb-brand":[235],"product_brand":[],"product_cat":[157,171],"product_tag":[],"class_list":{"0":"post-11063","1":"product","2":"type-product","3":"status-publish","4":"has-post-thumbnail","6":"pwb-brand-oster","7":"product_cat-electromenor","8":"product_cat-electromenor-tostadoras","10":"first","11":"instock","12":"shipping-taxable","13":"purchasable","14":"product-type-simple"},"acf":[],"brands":[{"id":235,"name":"OSTER","slug":"oster"}],"_links":{"self":[{"href":"https:\/\/triplex.com.bo\/index.php\/wp-json\/wp\/v2\/product\/11063","targetHints":{"allow":["GET"]}}],"collection":[{"href":"https:\/\/triplex.com.bo\/index.php\/wp-json\/wp\/v2\/product"}],"about":[{"href":"https:\/\/triplex.com.bo\/index.php\/wp-json\/wp\/v2\/types\/product"}],"replies":[{"embeddable":true,"href":"https:\/\/triplex.com.bo\/index.php\/wp-json\/wp\/v2\/comments?post=11063"}],"wp:featuredmedia":[{"embeddable":true,"href":"https:\/\/triplex.com.bo\/index.php\/wp-json\/wp\/v2\/media\/12171"}],"wp:attachment":[{"href":"https:\/\/triplex.com.bo\/index.php\/wp-json\/wp\/v2\/media?parent=11063"}],"wp:term":[{"taxonomy":"pwb-brand","embeddable":true,"href":"https:\/\/triplex.com.bo\/index.php\/wp-json\/wp\/v2\/pwb-brand?post=11063"},{"taxonomy":"product_brand","embeddable":true,"href":"https:\/\/triplex.com.bo\/index.php\/wp-json\/wp\/v2\/product_brand?post=11063"},{"taxonomy":"product_cat","embeddable":true,"href":"https:\/\/triplex.com.bo\/index.php\/wp-json\/wp\/v2\/product_cat?post=11063"},{"taxonomy":"product_tag","embeddable":true,"href":"https:\/\/triplex.com.bo\/index.php\/wp-json\/wp\/v2\/product_tag?post=11063"}],"curies":[{"name":"wp","href":"https:\/\/api.w.org\/{rel}","templated":true}]}}