{"id":11062,"date":"2022-12-16T12:37:12","date_gmt":"2022-12-16T12:37:12","guid":{"rendered":"https:\/\/triplex.com.bo\/index.php\/product\/tostadora-oster-2-panes-roja\/"},"modified":"2023-11-30T20:46:48","modified_gmt":"2023-11-30T20:46:48","slug":"tostadora-oster-2-panes-roja","status":"publish","type":"product","link":"https:\/\/triplex.com.bo\/index.php\/product\/tostadora-oster-2-panes-roja\/","title":{"rendered":"Tostadora Oster 2 panes roja"},"content":{"rendered":"<p>Esta tostadora te permite tostar distintos tipos de panes, tales como blancos, integrales, de grano entero y otros, para preparar desayunos, deliciosas meriendas y s\u00e1ndwiches.<\/p>\n<p>Caracteristicas:<\/p>\n<p>Avanzada tecnolog\u00eda al tostar.<br \/>\nGu\u00edas dobles que se ajustan autom\u00e1ticamente al grosor del pan brind\u00e1ndote un tostado uniforme.<br \/>\nSus ranuras anchas y extra largas se adaptan a una gran variedad de alimentos para mayor versatilidad.<br \/>\nC\u00f3modo expulsor de tostadas que eleva el alimento para que lo retires f\u00e1cilmente.<br \/>\nBandeja para migas removible, f\u00e1cil de limpiar, inclusive en lavaplatos autom\u00e1ticos.<br \/>\nBot\u00f3n para cancelar el ciclo de tostado en cualquier momento que as\u00ed lo desees.<br \/>\nPeso: 4(kg)<\/p>\n","protected":false},"excerpt":{"rendered":"<p>Tostadora Oster 2 panes roja<\/p>\n","protected":false},"featured_media":12179,"comment_status":"open","ping_status":"closed","template":"","meta":{"_acf_changed":false},"pwb-brand":[235],"product_brand":[],"product_cat":[171],"product_tag":[],"class_list":{"0":"post-11062","1":"product","2":"type-product","3":"status-publish","4":"has-post-thumbnail","6":"pwb-brand-oster","7":"product_cat-electromenor-tostadoras","9":"first","10":"instock","11":"shipping-taxable","12":"purchasable","13":"product-type-simple"},"acf":[],"brands":[{"id":235,"name":"OSTER","slug":"oster"}],"_links":{"self":[{"href":"https:\/\/triplex.com.bo\/index.php\/wp-json\/wp\/v2\/product\/11062","targetHints":{"allow":["GET"]}}],"collection":[{"href":"https:\/\/triplex.com.bo\/index.php\/wp-json\/wp\/v2\/product"}],"about":[{"href":"https:\/\/triplex.com.bo\/index.php\/wp-json\/wp\/v2\/types\/product"}],"replies":[{"embeddable":true,"href":"https:\/\/triplex.com.bo\/index.php\/wp-json\/wp\/v2\/comments?post=11062"}],"wp:featuredmedia":[{"embeddable":true,"href":"https:\/\/triplex.com.bo\/index.php\/wp-json\/wp\/v2\/media\/12179"}],"wp:attachment":[{"href":"https:\/\/triplex.com.bo\/index.php\/wp-json\/wp\/v2\/media?parent=11062"}],"wp:term":[{"taxonomy":"pwb-brand","embeddable":true,"href":"https:\/\/triplex.com.bo\/index.php\/wp-json\/wp\/v2\/pwb-brand?post=11062"},{"taxonomy":"product_brand","embeddable":true,"href":"https:\/\/triplex.com.bo\/index.php\/wp-json\/wp\/v2\/product_brand?post=11062"},{"taxonomy":"product_cat","embeddable":true,"href":"https:\/\/triplex.com.bo\/index.php\/wp-json\/wp\/v2\/product_cat?post=11062"},{"taxonomy":"product_tag","embeddable":true,"href":"https:\/\/triplex.com.bo\/index.php\/wp-json\/wp\/v2\/product_tag?post=11062"}],"curies":[{"name":"wp","href":"https:\/\/api.w.org\/{rel}","templated":true}]}}