{"id":11059,"date":"2022-12-16T12:37:04","date_gmt":"2022-12-16T12:37:04","guid":{"rendered":"https:\/\/triplex.com.bo\/index.php\/product\/olla-electrica-cadence\/"},"modified":"2024-12-04T11:37:56","modified_gmt":"2024-12-04T15:37:56","slug":"olla-electrica-cadence","status":"publish","type":"product","link":"https:\/\/triplex.com.bo\/index.php\/product\/olla-electrica-cadence\/","title":{"rendered":"OLLA ELECTRICA CADENCE"},"content":{"rendered":"<p>Descripci\u00f3n del producto<br \/>\nFre\u00edr, cocinar, hornear, calentar, gratinar, asar, tostar, dorar y mantener los alimentos calientes. Pr\u00e1ctico y elegante, se puede llevar a la mesa. No es necesario utilizar grasas. Recubrimientos antiadherentes internos y externos: m\u00e1s f\u00e1ciles de limpiar. Termostato extra\u00edble con selector de temperatura con 5 posiciones diferentes. Tapa de vidrio templado y transparente con borde de acero inoxidable: permite la visualizaci\u00f3n de los alimentos. Tap\u00f3n alto con v\u00e1lvula para salida de vapor. Dispone de asas laterales anat\u00f3micas e isot\u00e9rmicas que no se calientan y facilitan el transporte. Medidas internas de la sart\u00e9n: 29,8 x 29,8cm.<\/p>\n<p>Diferencias:<\/p>\n<p>&#8211; Tapa de vidrio templado: Permite la visualizaci\u00f3n de la comida.<\/p>\n<p>&#8211; Practicidad: Se puede llevar a la mesa.<\/p>\n<p>&#8211; Superficie antiadherente: no es necesario utilizar grasa.<\/p>\n<p>&#8211; Energ\u00eda: Termostato extra\u00edble con selector de temperatura y 5 opciones de calefacci\u00f3n.<br \/>\n&#8211; Capacidad: 4,6 litros.<\/p>\n","protected":false},"excerpt":{"rendered":"<p>Olla electrica Cadence<\/p>\n","protected":false},"featured_media":12203,"comment_status":"open","ping_status":"closed","template":"","meta":{"_acf_changed":false},"pwb-brand":[362],"product_brand":[],"product_cat":[157,274],"product_tag":[],"class_list":{"0":"post-11059","1":"product","2":"type-product","3":"status-publish","4":"has-post-thumbnail","6":"pwb-brand-candence","7":"product_cat-electromenor","8":"product_cat-electromenor-ollas-electricas","10":"first","11":"instock","12":"shipping-taxable","13":"purchasable","14":"product-type-simple"},"acf":[],"brands":[{"id":362,"name":"CANDENCE","slug":"candence"}],"_links":{"self":[{"href":"https:\/\/triplex.com.bo\/index.php\/wp-json\/wp\/v2\/product\/11059","targetHints":{"allow":["GET"]}}],"collection":[{"href":"https:\/\/triplex.com.bo\/index.php\/wp-json\/wp\/v2\/product"}],"about":[{"href":"https:\/\/triplex.com.bo\/index.php\/wp-json\/wp\/v2\/types\/product"}],"replies":[{"embeddable":true,"href":"https:\/\/triplex.com.bo\/index.php\/wp-json\/wp\/v2\/comments?post=11059"}],"wp:featuredmedia":[{"embeddable":true,"href":"https:\/\/triplex.com.bo\/index.php\/wp-json\/wp\/v2\/media\/12203"}],"wp:attachment":[{"href":"https:\/\/triplex.com.bo\/index.php\/wp-json\/wp\/v2\/media?parent=11059"}],"wp:term":[{"taxonomy":"pwb-brand","embeddable":true,"href":"https:\/\/triplex.com.bo\/index.php\/wp-json\/wp\/v2\/pwb-brand?post=11059"},{"taxonomy":"product_brand","embeddable":true,"href":"https:\/\/triplex.com.bo\/index.php\/wp-json\/wp\/v2\/product_brand?post=11059"},{"taxonomy":"product_cat","embeddable":true,"href":"https:\/\/triplex.com.bo\/index.php\/wp-json\/wp\/v2\/product_cat?post=11059"},{"taxonomy":"product_tag","embeddable":true,"href":"https:\/\/triplex.com.bo\/index.php\/wp-json\/wp\/v2\/product_tag?post=11059"}],"curies":[{"name":"wp","href":"https:\/\/api.w.org\/{rel}","templated":true}]}}