{"id":11056,"date":"2022-12-16T12:36:48","date_gmt":"2022-12-16T12:36:48","guid":{"rendered":"https:\/\/triplex.com.bo\/index.php\/product\/grill-panini-oster\/"},"modified":"2025-05-29T15:59:01","modified_gmt":"2025-05-29T19:59:01","slug":"grill-panini-oster","status":"publish","type":"product","link":"https:\/\/triplex.com.bo\/index.php\/product\/grill-panini-oster\/","title":{"rendered":"GRILL PANINI OSTER"},"content":{"rendered":"<p>Parrilla El\u00e9ctrica Multiusos Oster Inox 2 en 1 OGRL660 220v<br \/>\nCon la parrilla el\u00e9ctrica multiprop\u00f3sito de Oster, prepara bocadillos y varios tipos de recetas de una manera f\u00e1cil y saludable.<br \/>\nPescados, carnes, brochetas, bocadillos, hamburguesas.<br \/>\nTu encuentro con amigos y familiares ser\u00e1 a\u00fan m\u00e1s delicioso.<br \/>\nPara todos los gustos y perfecto en cualquier momento.<\/p>\n<p>2 en 1: practicidad para su vida diaria<br \/>\n: con calefacci\u00f3n en ambos lados, puede asar en ambas placas: abierta o cerrada.<br \/>\n&#8211; Dispone de apertura de 180o para facilitar a\u00fan m\u00e1s la preparaci\u00f3n de una comida saludable.<br \/>\n&#8211; Tambi\u00e9n tiene un recolector de grasa, que ayuda con la limpieza.<\/p>\n<p>6 niveles de temperatura<br \/>\n&#8211; 200o C a 250o C, para la preparaci\u00f3n de diversos alimentos.<\/p>\n<p>Sistema de altura regulable<br \/>\n&#8211; Una alternativa pr\u00e1ctica y r\u00e1pida para preparar diferentes tipos de alimentos, variedades de panes, verduras, carnes, entre otros.<br \/>\n&#8211; Encuentra la altura perfecta para cada tipo de comida.<\/p>\n<p>Platos antiadherentes extra\u00edbles<br \/>\n&#8211; No se adhieren a los alimentos en el momento de la preparaci\u00f3n.<br \/>\n&#8211; Proporciona una mayor durabilidad, es resistente a los rayones, f\u00e1cil de limpiar y eficiente a la hora de cocinar.<\/p>\n","protected":false},"excerpt":{"rendered":"<p>Grill Panini Oster<\/p>\n","protected":false},"featured_media":12214,"comment_status":"open","ping_status":"closed","template":"","meta":{"_acf_changed":false},"pwb-brand":[235],"product_brand":[],"product_cat":[157,170],"product_tag":[],"class_list":{"0":"post-11056","1":"product","2":"type-product","3":"status-publish","4":"has-post-thumbnail","6":"pwb-brand-oster","7":"product_cat-electromenor","8":"product_cat-electromenor-sandwicheras-wafleras","10":"first","11":"outofstock","12":"shipping-taxable","13":"purchasable","14":"product-type-simple"},"acf":[],"brands":[{"id":235,"name":"OSTER","slug":"oster"}],"_links":{"self":[{"href":"https:\/\/triplex.com.bo\/index.php\/wp-json\/wp\/v2\/product\/11056","targetHints":{"allow":["GET"]}}],"collection":[{"href":"https:\/\/triplex.com.bo\/index.php\/wp-json\/wp\/v2\/product"}],"about":[{"href":"https:\/\/triplex.com.bo\/index.php\/wp-json\/wp\/v2\/types\/product"}],"replies":[{"embeddable":true,"href":"https:\/\/triplex.com.bo\/index.php\/wp-json\/wp\/v2\/comments?post=11056"}],"wp:featuredmedia":[{"embeddable":true,"href":"https:\/\/triplex.com.bo\/index.php\/wp-json\/wp\/v2\/media\/12214"}],"wp:attachment":[{"href":"https:\/\/triplex.com.bo\/index.php\/wp-json\/wp\/v2\/media?parent=11056"}],"wp:term":[{"taxonomy":"pwb-brand","embeddable":true,"href":"https:\/\/triplex.com.bo\/index.php\/wp-json\/wp\/v2\/pwb-brand?post=11056"},{"taxonomy":"product_brand","embeddable":true,"href":"https:\/\/triplex.com.bo\/index.php\/wp-json\/wp\/v2\/product_brand?post=11056"},{"taxonomy":"product_cat","embeddable":true,"href":"https:\/\/triplex.com.bo\/index.php\/wp-json\/wp\/v2\/product_cat?post=11056"},{"taxonomy":"product_tag","embeddable":true,"href":"https:\/\/triplex.com.bo\/index.php\/wp-json\/wp\/v2\/product_tag?post=11056"}],"curies":[{"name":"wp","href":"https:\/\/api.w.org\/{rel}","templated":true}]}}