{"id":11055,"date":"2022-12-16T12:36:47","date_gmt":"2022-12-16T12:36:47","guid":{"rendered":"https:\/\/triplex.com.bo\/index.php\/product\/aspiradora-oster-2-en-1\/"},"modified":"2024-08-15T14:53:48","modified_gmt":"2024-08-15T18:53:48","slug":"aspiradora-oster-2-en-1","status":"publish","type":"product","link":"https:\/\/triplex.com.bo\/index.php\/product\/aspiradora-oster-2-en-1\/","title":{"rendered":"ASPIRADORA OSTER 2 EN 1"},"content":{"rendered":"<p>Modelo OASP651-BAT<br \/>\nVoltaje Bivolt<br \/>\nPotencia 110W<br \/>\nConsumo 0,11 kW \/ h<br \/>\nDimensiones [WxHxD] 275x1140x190 mil\u00edmetro<br \/>\nGarant\u00eda 12 meses<br \/>\nPeso 3,1 kilogramos<br \/>\nc\u00f3digo de barras 7898615988966<br \/>\nLa nueva aspiradora Duo Clean Oster\u00ae tiene una alta potencia de succi\u00f3n para garantizar un mayor rendimiento de limpieza. Y con la tecnolog\u00eda Duo Clean, tienes dos velocidades para conservar muebles y cortinas.<br \/>\nCon una bater\u00eda de litio, el nuevo Aspirador Duo Clean Oster\u00ae tiene 45 minutos de uso y el indicador LED muestra el nivel de la bater\u00eda.<br \/>\nCon la boquilla articulada, simplemente gire ligeramente la aspiradora Duo Clean Oster\u00ae para llegar a las esquinas y \u00e1reas m\u00e1s dif\u00edciles.<br \/>\nUtilice el nuevo Aspirador Duo Clean Oster\u00ae, tambi\u00e9n en la versi\u00f3n port\u00e1til, sin el cable de extensi\u00f3n, para limpiar tapizados y llegar a las zonas menos accesibles.<br \/>\nEl aspirador Duo Clean Oster\u00ae tiene una capacidad de 0,5 litros y una base de carga con estacionamiento vertical. Es decir, ahorras espacio a la hora de esperar, y siempre estar\u00e1 listo para su uso.<\/p>\n","protected":false},"excerpt":{"rendered":"<p>Aspiradora Oster 2 en 1<\/p>\n","protected":false},"featured_media":13118,"comment_status":"open","ping_status":"closed","template":"","meta":{"_acf_changed":false},"pwb-brand":[235],"product_brand":[],"product_cat":[158,157],"product_tag":[],"class_list":{"0":"post-11055","1":"product","2":"type-product","3":"status-publish","4":"has-post-thumbnail","6":"pwb-brand-oster","7":"product_cat-electromenor-aspiradoras","8":"product_cat-electromenor","10":"first","11":"instock","12":"shipping-taxable","13":"purchasable","14":"product-type-simple"},"acf":[],"brands":[{"id":235,"name":"OSTER","slug":"oster"}],"_links":{"self":[{"href":"https:\/\/triplex.com.bo\/index.php\/wp-json\/wp\/v2\/product\/11055","targetHints":{"allow":["GET"]}}],"collection":[{"href":"https:\/\/triplex.com.bo\/index.php\/wp-json\/wp\/v2\/product"}],"about":[{"href":"https:\/\/triplex.com.bo\/index.php\/wp-json\/wp\/v2\/types\/product"}],"replies":[{"embeddable":true,"href":"https:\/\/triplex.com.bo\/index.php\/wp-json\/wp\/v2\/comments?post=11055"}],"wp:featuredmedia":[{"embeddable":true,"href":"https:\/\/triplex.com.bo\/index.php\/wp-json\/wp\/v2\/media\/13118"}],"wp:attachment":[{"href":"https:\/\/triplex.com.bo\/index.php\/wp-json\/wp\/v2\/media?parent=11055"}],"wp:term":[{"taxonomy":"pwb-brand","embeddable":true,"href":"https:\/\/triplex.com.bo\/index.php\/wp-json\/wp\/v2\/pwb-brand?post=11055"},{"taxonomy":"product_brand","embeddable":true,"href":"https:\/\/triplex.com.bo\/index.php\/wp-json\/wp\/v2\/product_brand?post=11055"},{"taxonomy":"product_cat","embeddable":true,"href":"https:\/\/triplex.com.bo\/index.php\/wp-json\/wp\/v2\/product_cat?post=11055"},{"taxonomy":"product_tag","embeddable":true,"href":"https:\/\/triplex.com.bo\/index.php\/wp-json\/wp\/v2\/product_tag?post=11055"}],"curies":[{"name":"wp","href":"https:\/\/api.w.org\/{rel}","templated":true}]}}