{"id":11046,"date":"2022-12-16T12:36:26","date_gmt":"2022-12-16T12:36:26","guid":{"rendered":"https:\/\/triplex.com.bo\/index.php\/product\/cocina-encimera-electrica-1-hornalla-cadence\/"},"modified":"2025-06-02T12:41:13","modified_gmt":"2025-06-02T16:41:13","slug":"cocina-encimera-electrica-1-hornalla-cadence","status":"publish","type":"product","link":"https:\/\/triplex.com.bo\/index.php\/product\/cocina-encimera-electrica-1-hornalla-cadence\/","title":{"rendered":"COCINA ENCIMERA ELECTRICA 1 HORNALLA CADENCE"},"content":{"rendered":"<p>Placa de inducci\u00f3n Cadence Perfect Cuisine FOG601 2000W 220V<br \/>\nPlaca de inducci\u00f3n Cadence Perfect Cuisine FOG601 2000W 220V<\/p>\n<p>La estufa de inducci\u00f3n Cadence Perfect Cuisine FOG601 es un producto moderno, compacto y f\u00e1cil de usar. Tiene 2000w de potencia, variaci\u00f3n de temperatura, temporizador que permite programarlo de 1 min a 3 horas, bloqueo de seguridad, que solo libera las funciones despu\u00e9s de que se desactiva, y adem\u00e1s, funciona solo cuando la sart\u00e9n est\u00e1 en su superficie . Dado que no utiliza gas, no hay riesgo de fugas.<\/p>\n<p>Le permite seleccionar la temperatura m\u00e1s baja de 60oC a 240oC, o la potencia que va de 200W a 2000W (en la versi\u00f3n de 220v).<\/p>\n<p>Especificaciones tecnicas<br \/>\nModelo FOG601-220<br \/>\nVoltaje 220V<br \/>\nPotencia 2000w (220V)<br \/>\nConsumo 2.0KWh<br \/>\nDimensiones [WxHxD] 315x98x400mm<br \/>\nGarant\u00eda 01 a\u00f1o.<\/p>\n","protected":false},"excerpt":{"rendered":"<p>Cocina encimera electrica 1 hornalla Cadence<\/p>\n","protected":false},"featured_media":12256,"comment_status":"open","ping_status":"closed","template":"","meta":{"_acf_changed":false},"pwb-brand":[362],"product_brand":[],"product_cat":[156,140],"product_tag":[],"class_list":{"0":"post-11046","1":"product","2":"type-product","3":"status-publish","4":"has-post-thumbnail","6":"pwb-brand-candence","7":"product_cat-cocinas-empotrables","8":"product_cat-cocinas","10":"first","11":"instock","12":"shipping-taxable","13":"purchasable","14":"product-type-simple"},"acf":[],"brands":[{"id":362,"name":"CANDENCE","slug":"candence"}],"_links":{"self":[{"href":"https:\/\/triplex.com.bo\/index.php\/wp-json\/wp\/v2\/product\/11046","targetHints":{"allow":["GET"]}}],"collection":[{"href":"https:\/\/triplex.com.bo\/index.php\/wp-json\/wp\/v2\/product"}],"about":[{"href":"https:\/\/triplex.com.bo\/index.php\/wp-json\/wp\/v2\/types\/product"}],"replies":[{"embeddable":true,"href":"https:\/\/triplex.com.bo\/index.php\/wp-json\/wp\/v2\/comments?post=11046"}],"wp:featuredmedia":[{"embeddable":true,"href":"https:\/\/triplex.com.bo\/index.php\/wp-json\/wp\/v2\/media\/12256"}],"wp:attachment":[{"href":"https:\/\/triplex.com.bo\/index.php\/wp-json\/wp\/v2\/media?parent=11046"}],"wp:term":[{"taxonomy":"pwb-brand","embeddable":true,"href":"https:\/\/triplex.com.bo\/index.php\/wp-json\/wp\/v2\/pwb-brand?post=11046"},{"taxonomy":"product_brand","embeddable":true,"href":"https:\/\/triplex.com.bo\/index.php\/wp-json\/wp\/v2\/product_brand?post=11046"},{"taxonomy":"product_cat","embeddable":true,"href":"https:\/\/triplex.com.bo\/index.php\/wp-json\/wp\/v2\/product_cat?post=11046"},{"taxonomy":"product_tag","embeddable":true,"href":"https:\/\/triplex.com.bo\/index.php\/wp-json\/wp\/v2\/product_tag?post=11046"}],"curies":[{"name":"wp","href":"https:\/\/api.w.org\/{rel}","templated":true}]}}