{"id":11044,"date":"2022-12-16T12:36:21","date_gmt":"2022-12-16T12:36:21","guid":{"rendered":"https:\/\/triplex.com.bo\/index.php\/product\/campana-60cm-piramide-cadence\/"},"modified":"2026-03-04T19:50:52","modified_gmt":"2026-03-04T23:50:52","slug":"campana-60cm-piramide-cadence","status":"publish","type":"product","link":"https:\/\/triplex.com.bo\/index.php\/product\/campana-60cm-piramide-cadence\/","title":{"rendered":"CAMPANA 60 CM PIRAMIDE CADENCE"},"content":{"rendered":"<p>3 velocidades<br \/>\nBaja, media y alta para regular seg\u00fan su uso.<br \/>\nUse alta velocidad para alimentos fritos y cenas especiales.<br \/>\nIluminaci\u00f3n LED incorporada<br \/>\nEcon\u00f3mica, la iluminaci\u00f3n LED incorporada facilita la visualizaci\u00f3n<br \/>\nde la preparaci\u00f3n de alimentos y agrega un toque de modernidad a su cocina.<br \/>\nFiltro lavable<br \/>\nViene con filtros de malla de aluminio lavables y filtros de carb\u00f3n que se pueden cambiar cada 3 meses.<br \/>\nModelo CFA260-127 \/ CFA260-220<br \/>\nVoltaje 127V \/ 220V<br \/>\nPotencia 75W<br \/>\nConsumo 0,075 kWh<br \/>\nDimensiones [WxHxD] 600&#215;647-1000x430mm<br \/>\nGarant\u00eda 12 meses<br \/>\nPeso 6,85 kg<br \/>\nc\u00f3digo de barras 7898615982629\/7898615982636<\/p>\n","protected":false},"excerpt":{"rendered":"<p>Campana 60cm piramide Cadence<\/p>\n","protected":false},"featured_media":12070,"comment_status":"open","ping_status":"closed","template":"","meta":{"_acf_changed":false},"pwb-brand":[362],"product_brand":[],"product_cat":[146,185,209],"product_tag":[],"class_list":{"0":"post-11044","1":"product","2":"type-product","3":"status-publish","4":"has-post-thumbnail","6":"pwb-brand-candence","7":"product_cat-campanas-extractoras","8":"product_cat-campanas-extractoras-isla","9":"product_cat-ofertas-especiales","11":"first","12":"instock","13":"sale","14":"shipping-taxable","15":"purchasable","16":"product-type-simple"},"acf":[],"brands":[{"id":362,"name":"CANDENCE","slug":"candence"}],"_links":{"self":[{"href":"https:\/\/triplex.com.bo\/index.php\/wp-json\/wp\/v2\/product\/11044","targetHints":{"allow":["GET"]}}],"collection":[{"href":"https:\/\/triplex.com.bo\/index.php\/wp-json\/wp\/v2\/product"}],"about":[{"href":"https:\/\/triplex.com.bo\/index.php\/wp-json\/wp\/v2\/types\/product"}],"replies":[{"embeddable":true,"href":"https:\/\/triplex.com.bo\/index.php\/wp-json\/wp\/v2\/comments?post=11044"}],"wp:featuredmedia":[{"embeddable":true,"href":"https:\/\/triplex.com.bo\/index.php\/wp-json\/wp\/v2\/media\/12070"}],"wp:attachment":[{"href":"https:\/\/triplex.com.bo\/index.php\/wp-json\/wp\/v2\/media?parent=11044"}],"wp:term":[{"taxonomy":"pwb-brand","embeddable":true,"href":"https:\/\/triplex.com.bo\/index.php\/wp-json\/wp\/v2\/pwb-brand?post=11044"},{"taxonomy":"product_brand","embeddable":true,"href":"https:\/\/triplex.com.bo\/index.php\/wp-json\/wp\/v2\/product_brand?post=11044"},{"taxonomy":"product_cat","embeddable":true,"href":"https:\/\/triplex.com.bo\/index.php\/wp-json\/wp\/v2\/product_cat?post=11044"},{"taxonomy":"product_tag","embeddable":true,"href":"https:\/\/triplex.com.bo\/index.php\/wp-json\/wp\/v2\/product_tag?post=11044"}],"curies":[{"name":"wp","href":"https:\/\/api.w.org\/{rel}","templated":true}]}}