{"id":11041,"date":"2022-12-16T12:36:15","date_gmt":"2022-12-16T12:36:15","guid":{"rendered":"https:\/\/triplex.com.bo\/index.php\/product\/hervidora-1-7ltrs-cadence-roja\/"},"modified":"2025-01-02T16:12:42","modified_gmt":"2025-01-02T20:12:42","slug":"hervidora-1-7ltrs-cadence-roja","status":"publish","type":"product","link":"https:\/\/triplex.com.bo\/index.php\/product\/hervidora-1-7ltrs-cadence-roja\/","title":{"rendered":"HERVIDORA 1.7LTS CADENCE ROJA"},"content":{"rendered":"<p>Tensi\u00f3n: 127V \/ 220V | Tapa con abertura automatica | Poder: 1200W \/ 1850W | Consumo: 1,20kWh \/ 1,85kWh Calienta agua de manera rapida y practica. Resistencia embutida: m\u00e1s seguridad e higiene. Sistema luminoso que indica el proceso de ebullici\u00f3n. base antideslizante. jarra independiente en la base. puede llevarse a la mesa. potente y bajo consumo de energ\u00eda. Dimensiones [LxAxP] 210x233x145mm Peso 0,72kg<\/p>\n","protected":false},"excerpt":{"rendered":"<p>Hervidora 1.7ltrs Cadence Roja<\/p>\n","protected":false},"featured_media":12443,"comment_status":"open","ping_status":"closed","template":"","meta":{"_acf_changed":false},"pwb-brand":[362],"product_brand":[],"product_cat":[157,163],"product_tag":[],"class_list":{"0":"post-11041","1":"product","2":"type-product","3":"status-publish","4":"has-post-thumbnail","6":"pwb-brand-candence","7":"product_cat-electromenor","8":"product_cat-electromenor-hervidoras","10":"first","11":"instock","12":"shipping-taxable","13":"purchasable","14":"product-type-simple"},"acf":[],"brands":[{"id":362,"name":"CANDENCE","slug":"candence"}],"_links":{"self":[{"href":"https:\/\/triplex.com.bo\/index.php\/wp-json\/wp\/v2\/product\/11041","targetHints":{"allow":["GET"]}}],"collection":[{"href":"https:\/\/triplex.com.bo\/index.php\/wp-json\/wp\/v2\/product"}],"about":[{"href":"https:\/\/triplex.com.bo\/index.php\/wp-json\/wp\/v2\/types\/product"}],"replies":[{"embeddable":true,"href":"https:\/\/triplex.com.bo\/index.php\/wp-json\/wp\/v2\/comments?post=11041"}],"wp:featuredmedia":[{"embeddable":true,"href":"https:\/\/triplex.com.bo\/index.php\/wp-json\/wp\/v2\/media\/12443"}],"wp:attachment":[{"href":"https:\/\/triplex.com.bo\/index.php\/wp-json\/wp\/v2\/media?parent=11041"}],"wp:term":[{"taxonomy":"pwb-brand","embeddable":true,"href":"https:\/\/triplex.com.bo\/index.php\/wp-json\/wp\/v2\/pwb-brand?post=11041"},{"taxonomy":"product_brand","embeddable":true,"href":"https:\/\/triplex.com.bo\/index.php\/wp-json\/wp\/v2\/product_brand?post=11041"},{"taxonomy":"product_cat","embeddable":true,"href":"https:\/\/triplex.com.bo\/index.php\/wp-json\/wp\/v2\/product_cat?post=11041"},{"taxonomy":"product_tag","embeddable":true,"href":"https:\/\/triplex.com.bo\/index.php\/wp-json\/wp\/v2\/product_tag?post=11041"}],"curies":[{"name":"wp","href":"https:\/\/api.w.org\/{rel}","templated":true}]}}