{"id":11037,"date":"2022-12-16T12:36:05","date_gmt":"2022-12-16T12:36:05","guid":{"rendered":"https:\/\/triplex.com.bo\/index.php\/product\/balanza-electronica-cadence\/"},"modified":"2026-02-20T23:10:01","modified_gmt":"2026-02-21T03:10:01","slug":"balanza-electronica-cadence","status":"publish","type":"product","link":"https:\/\/triplex.com.bo\/index.php\/product\/balanza-electronica-cadence\/","title":{"rendered":"BALANZA ELECTRICA CADENCE"},"content":{"rendered":"<p>B\u00e1scula de ba\u00f1o electr\u00f3nica CADENCE BAL163 BAT<br \/>\nLa vida sana comienza con el control del peso. La b\u00e1scula electr\u00f3nica BASIS Cadence ser\u00e1 el nuevo aliado en la b\u00fasqueda de la<br \/>\ncalidad de vida. Con un estampado moderno, aporta sencillez y practicidad al medio ambiente. Estampados exclusivos dise\u00f1ados para combinar con tu decoraci\u00f3n<\/p>\n<p>Tiene un sistema con 4 sensores y graduaci\u00f3n de alta precisi\u00f3n (100g).<br \/>\nSu pantalla LCD digital muestra n\u00fameros grandes y es f\u00e1cil de ver.<br \/>\nCapacidad: 150Kg.<\/p>\n<p>Tu seguridad est\u00e1 garantizada gracias a los pies antideslizantes bajo una plataforma de vidrio templado ultrarresistente.<\/p>\n<p>Muy pr\u00e1ctico, se activa con el simple toque de los pies, y adem\u00e1s se apaga autom\u00e1ticamente despu\u00e9s de unos segundos sin uso. Pantalla de cristal l\u00edquido y totalmente electr\u00f3nica.<\/p>\n","protected":false},"excerpt":{"rendered":"<p>Balanza electronica Cadence<\/p>\n","protected":false},"featured_media":12131,"comment_status":"open","ping_status":"closed","template":"","meta":{"_acf_changed":false},"pwb-brand":[362],"product_brand":[],"product_cat":[159,157],"product_tag":[],"class_list":{"0":"post-11037","1":"product","2":"type-product","3":"status-publish","4":"has-post-thumbnail","6":"pwb-brand-candence","7":"product_cat-electromenor-balanzas","8":"product_cat-electromenor","10":"first","11":"outofstock","12":"shipping-taxable","13":"purchasable","14":"product-type-simple"},"acf":[],"brands":[{"id":362,"name":"CANDENCE","slug":"candence"}],"_links":{"self":[{"href":"https:\/\/triplex.com.bo\/index.php\/wp-json\/wp\/v2\/product\/11037","targetHints":{"allow":["GET"]}}],"collection":[{"href":"https:\/\/triplex.com.bo\/index.php\/wp-json\/wp\/v2\/product"}],"about":[{"href":"https:\/\/triplex.com.bo\/index.php\/wp-json\/wp\/v2\/types\/product"}],"replies":[{"embeddable":true,"href":"https:\/\/triplex.com.bo\/index.php\/wp-json\/wp\/v2\/comments?post=11037"}],"wp:featuredmedia":[{"embeddable":true,"href":"https:\/\/triplex.com.bo\/index.php\/wp-json\/wp\/v2\/media\/12131"}],"wp:attachment":[{"href":"https:\/\/triplex.com.bo\/index.php\/wp-json\/wp\/v2\/media?parent=11037"}],"wp:term":[{"taxonomy":"pwb-brand","embeddable":true,"href":"https:\/\/triplex.com.bo\/index.php\/wp-json\/wp\/v2\/pwb-brand?post=11037"},{"taxonomy":"product_brand","embeddable":true,"href":"https:\/\/triplex.com.bo\/index.php\/wp-json\/wp\/v2\/product_brand?post=11037"},{"taxonomy":"product_cat","embeddable":true,"href":"https:\/\/triplex.com.bo\/index.php\/wp-json\/wp\/v2\/product_cat?post=11037"},{"taxonomy":"product_tag","embeddable":true,"href":"https:\/\/triplex.com.bo\/index.php\/wp-json\/wp\/v2\/product_tag?post=11037"}],"curies":[{"name":"wp","href":"https:\/\/api.w.org\/{rel}","templated":true}]}}