{"id":11036,"date":"2022-12-16T12:36:03","date_gmt":"2022-12-16T12:36:03","guid":{"rendered":"https:\/\/triplex.com.bo\/index.php\/product\/aspiradora-cadence-1000w\/"},"modified":"2025-11-10T15:21:01","modified_gmt":"2025-11-10T19:21:01","slug":"aspiradora-cadence-1000w","status":"publish","type":"product","link":"https:\/\/triplex.com.bo\/index.php\/product\/aspiradora-cadence-1000w\/","title":{"rendered":"ASPIRADORA CADENCE 1000W"},"content":{"rendered":"<p>adence ASP503-220.<br \/>\nAspiradora 1000W Polvo.<\/p>\n<p>El aspirador de polvo Max Clean Cadence es compacto y muy potente, 1000W de potencia, proporcionando limpieza completa para todas las habitaciones de su casa, en su coche u oficina. Ideal para pisos, tapizados y alfombras.<br \/>\nBolsa de recolecci\u00f3n y filtro de aire extra\u00edbles y f\u00e1ciles de lavar.<br \/>\nCompacto y ligero, muy f\u00e1cil de guardar.<br \/>\nTiene manguera larga flexible.<br \/>\nCaracter\u00edsticas:<\/p>\n<p>Potencia: 1000 W, lo que resulta en un alto poder de succi\u00f3n.<br \/>\nCapacidad: 3 kgs. de carga.<br \/>\nIndicador de bolsa para polvo lleno, m\u00e1s practicidad y comodidad, pues indica cuando la bolsa de polvo necesita ser limpiada.<br \/>\nMango y ruedas para transporte, facilita el transporte para que pueda ser llevado a cualquier lugar.<br \/>\nFiltro lavable, ayuda a la hora de retirar la suciedad del filtro del aspirador.<br \/>\nManguera flexible, m\u00e1s practicidad y flexibilidad durante el uso. 2 tubos prolongadores, facilita el uso y mejora la ergonom\u00eda. Voltaje 127V \/ 220V<br \/>\nPotencia 1000W<br \/>\nConsumo 1.0KWh<br \/>\nDimensiones [WxHxD] 260x210x310mm<br \/>\nGarant\u00eda 12 meses<\/p>\n","protected":false},"excerpt":{"rendered":"<p>Aspiradora Cadence 1000W<\/p>\n","protected":false},"featured_media":11626,"comment_status":"open","ping_status":"closed","template":"","meta":{"_acf_changed":false},"pwb-brand":[362],"product_brand":[],"product_cat":[158,157],"product_tag":[],"class_list":{"0":"post-11036","1":"product","2":"type-product","3":"status-publish","4":"has-post-thumbnail","6":"pwb-brand-candence","7":"product_cat-electromenor-aspiradoras","8":"product_cat-electromenor","10":"first","11":"instock","12":"shipping-taxable","13":"purchasable","14":"product-type-simple"},"acf":[],"brands":[{"id":362,"name":"CANDENCE","slug":"candence"}],"_links":{"self":[{"href":"https:\/\/triplex.com.bo\/index.php\/wp-json\/wp\/v2\/product\/11036","targetHints":{"allow":["GET"]}}],"collection":[{"href":"https:\/\/triplex.com.bo\/index.php\/wp-json\/wp\/v2\/product"}],"about":[{"href":"https:\/\/triplex.com.bo\/index.php\/wp-json\/wp\/v2\/types\/product"}],"replies":[{"embeddable":true,"href":"https:\/\/triplex.com.bo\/index.php\/wp-json\/wp\/v2\/comments?post=11036"}],"wp:featuredmedia":[{"embeddable":true,"href":"https:\/\/triplex.com.bo\/index.php\/wp-json\/wp\/v2\/media\/11626"}],"wp:attachment":[{"href":"https:\/\/triplex.com.bo\/index.php\/wp-json\/wp\/v2\/media?parent=11036"}],"wp:term":[{"taxonomy":"pwb-brand","embeddable":true,"href":"https:\/\/triplex.com.bo\/index.php\/wp-json\/wp\/v2\/pwb-brand?post=11036"},{"taxonomy":"product_brand","embeddable":true,"href":"https:\/\/triplex.com.bo\/index.php\/wp-json\/wp\/v2\/product_brand?post=11036"},{"taxonomy":"product_cat","embeddable":true,"href":"https:\/\/triplex.com.bo\/index.php\/wp-json\/wp\/v2\/product_cat?post=11036"},{"taxonomy":"product_tag","embeddable":true,"href":"https:\/\/triplex.com.bo\/index.php\/wp-json\/wp\/v2\/product_tag?post=11036"}],"curies":[{"name":"wp","href":"https:\/\/api.w.org\/{rel}","templated":true}]}}