{"id":11035,"date":"2022-12-16T12:36:00","date_gmt":"2022-12-16T12:36:00","guid":{"rendered":"https:\/\/triplex.com.bo\/index.php\/product\/estufa-cadence-1200w\/"},"modified":"2024-08-01T09:17:36","modified_gmt":"2024-08-01T13:17:36","slug":"estufa-cadence-1200w","status":"publish","type":"product","link":"https:\/\/triplex.com.bo\/index.php\/product\/estufa-cadence-1200w\/","title":{"rendered":"ESTUFA CADENCE 1200W"},"content":{"rendered":"<p>calentador hal\u00f3geno Mercury de Cadence. Pr\u00e1ctico, ligero y port\u00e1til,<br \/>\ncon 3 niveles de calefacci\u00f3n y un sistema de oscilaci\u00f3n que mantiene<br \/>\ntodo el espacio y te calienta.<br \/>\nTiene un sistema de apagado autom\u00e1tico en caso de que el producto se caiga accidentalmente.<br \/>\nEsto hace que el calentador sea seguro de usar en cualquier entorno.<br \/>\nY para garantizar a\u00fan m\u00e1s seguridad, dispone de una rejilla frontal para proteger los alf\u00e9izares de<br \/>\ncalefacci\u00f3n en caso de ca\u00eddas o accidentes.<br \/>\nSeguridad multinivel<br \/>\nRejilla de seguridad: Menor riesgo de accidentes con resistencias protegidas.<br \/>\nPotencia 1200W<br \/>\nConsumo 1,2 kWh<br \/>\nDimensiones [WxHxD] 370 x 520 x 270 mm<br \/>\nPeso 1,7 kilogramos<\/p>\n","protected":false},"excerpt":{"rendered":"<p>Estufa Cadence 1200W<\/p>\n","protected":false},"featured_media":11651,"comment_status":"open","ping_status":"closed","template":"","meta":{"_acf_changed":false},"pwb-brand":[362],"product_brand":[],"product_cat":[206,139],"product_tag":[],"class_list":{"0":"post-11035","1":"product","2":"type-product","3":"status-publish","4":"has-post-thumbnail","6":"pwb-brand-candence","7":"product_cat-estufas","8":"product_cat-climatizacion","10":"first","11":"outofstock","12":"shipping-taxable","13":"purchasable","14":"product-type-simple"},"acf":[],"brands":[{"id":362,"name":"CANDENCE","slug":"candence"}],"_links":{"self":[{"href":"https:\/\/triplex.com.bo\/index.php\/wp-json\/wp\/v2\/product\/11035","targetHints":{"allow":["GET"]}}],"collection":[{"href":"https:\/\/triplex.com.bo\/index.php\/wp-json\/wp\/v2\/product"}],"about":[{"href":"https:\/\/triplex.com.bo\/index.php\/wp-json\/wp\/v2\/types\/product"}],"replies":[{"embeddable":true,"href":"https:\/\/triplex.com.bo\/index.php\/wp-json\/wp\/v2\/comments?post=11035"}],"wp:featuredmedia":[{"embeddable":true,"href":"https:\/\/triplex.com.bo\/index.php\/wp-json\/wp\/v2\/media\/11651"}],"wp:attachment":[{"href":"https:\/\/triplex.com.bo\/index.php\/wp-json\/wp\/v2\/media?parent=11035"}],"wp:term":[{"taxonomy":"pwb-brand","embeddable":true,"href":"https:\/\/triplex.com.bo\/index.php\/wp-json\/wp\/v2\/pwb-brand?post=11035"},{"taxonomy":"product_brand","embeddable":true,"href":"https:\/\/triplex.com.bo\/index.php\/wp-json\/wp\/v2\/product_brand?post=11035"},{"taxonomy":"product_cat","embeddable":true,"href":"https:\/\/triplex.com.bo\/index.php\/wp-json\/wp\/v2\/product_cat?post=11035"},{"taxonomy":"product_tag","embeddable":true,"href":"https:\/\/triplex.com.bo\/index.php\/wp-json\/wp\/v2\/product_tag?post=11035"}],"curies":[{"name":"wp","href":"https:\/\/api.w.org\/{rel}","templated":true}]}}