{"id":11014,"date":"2022-12-16T12:35:09","date_gmt":"2022-12-16T12:35:09","guid":{"rendered":"https:\/\/triplex.com.bo\/index.php\/product\/split-18000btu-frio-calor-pride-r410a\/"},"modified":"2025-07-24T22:58:31","modified_gmt":"2025-07-25T02:58:31","slug":"split-18000btu-frio-calor-pride-r410a","status":"publish","type":"product","link":"https:\/\/triplex.com.bo\/index.php\/product\/split-18000btu-frio-calor-pride-r410a\/","title":{"rendered":"SPLIT 18000 BTU FRIO CALOR CONVENCIONAL PRIDE"},"content":{"rendered":"<p>Tipo Bomba de calefacci\u00f3n<br \/>\nTipo de control Remoto<br \/>\nCapacidad nominal de refrigeraci\u00f3n Btu\/h 18000(4095~19500)<br \/>\nCapacidad de calefacci\u00f3n nominal Btu\/h 18000(4095~19500)<br \/>\nEER para refrigeraci\u00f3n W\/W 2,82<br \/>\nCOP para calefacci\u00f3n W\/W 3.07<br \/>\nEliminaci\u00f3n de humedad Litros\/h 1,8<br \/>\nPresi\u00f3n Alta (DP) MPa 4.5<br \/>\nBajo (SP) MPa 1.9<br \/>\nNivel de ruido interior en refrigeraci\u00f3n Alto dB(A) 43<br \/>\nMedicina. dB(A) 38<br \/>\nBajo dB(A) 33<br \/>\nNivel de ruido exterior dB(A) 52<br \/>\nDatos el\u00e9ctricos<br \/>\nFuente de alimentaci\u00f3n 208-230V~\/50Hz\/1P<br \/>\nRango de voltaje V 165~265<br \/>\nCorriente nominal Refrigeraci\u00f3n A 8.9(1.4~12.0)<br \/>\nCalefacci\u00f3n A 8.1 (1.4~12.0)<br \/>\nEntrada nominal Refrigeraci\u00f3n W 1870(300~2500)<br \/>\nCalefacci\u00f3n W 1720(300~2500)<br \/>\nRefrigeraci\u00f3n de corriente m\u00e1xima A 12.0<br \/>\nCalefacci\u00f3n A 12.0<br \/>\nEntrada de potencia m\u00e1xima Refrigeraci\u00f3n W 2500<br \/>\nCalefacci\u00f3n W 2500<br \/>\nSistema de refrigeraci\u00f3n<br \/>\nRefrigerante R410A\/1060g<br \/>\nTipo de compresor rotativo<br \/>\nModelo KSN140D33UFZ3<br \/>\nMFG GMCC<br \/>\nEvaporador<br \/>\nCondensador<br \/>\nSistema de ventilador<br \/>\nCirculaci\u00f3n de aire interior (refrigeraci\u00f3n) m3\/h 950<br \/>\nTipo de ventilador interior Flujo cruzado<br \/>\nVelocidad del ventilador interior H\/M\/L Refrigeraci\u00f3n rpm 1350\/1250\/1050\/850\/750<br \/>\nCalefacci\u00f3n rpm 1350\/1250\/1050\/850\/750<br \/>\nSeco rpm 1350<br \/>\nSue\u00f1o rpm 850<br \/>\nMotor de ventilador interior \u00ab22001-000409<br \/>\n210900495H\u00bb<br \/>\nPotencia motor ventilador interior W 25<br \/>\nVentilador exterior tipo H\u00e9lice<br \/>\nMotor de ventilador exterior 22001-000551<br \/>\nVelocidad del ventilador exterior rpm 1000<br \/>\nPotencia motor ventilador exterior W 33<br \/>\nConexiones<br \/>\nTubo Conexion Gas Pulgadas 3\/8\u00bb<br \/>\nL\u00edquido Pulgadas 1\/4\u00bb<br \/>\nTama\u00f1o del cableado de conexi\u00f3n x n\u00famero de n\u00facleo 4 \u00d7 0,75 mm2<br \/>\nTubo de drenaje OD 16 mm<br \/>\nOtros<br \/>\n\u00c1rea adecuada m2 20~35<br \/>\nDimensiones netas (An. x Pr. x Al.) Interior mm 910\u00d7294\u00d7206<br \/>\nExterior mm 853\u00d7349\u00d7602<br \/>\nPeso neto Interior kg 10<br \/>\nExterior kg 28<br \/>\nDimensiones del embalaje (An. x Pr. x Al.) Interior mm 979\u00d7372\u00d7277<br \/>\nExterior mm 890\u00d7385\u00d7628<br \/>\nPeso bruto con tuber\u00eda Interior kg 13<br \/>\nExterior kg 32<br \/>\nCapacidad de carga 40HQ con tuber\u00eda PCS 212<\/p>\n","protected":false},"excerpt":{"rendered":"<p>SPLIT 18000BTU FRIO CALOR PRIDE R410A<\/p>\n","protected":false},"featured_media":12053,"comment_status":"open","ping_status":"closed","template":"","meta":{"_acf_changed":false},"pwb-brand":[228],"product_brand":[],"product_cat":[152,139],"product_tag":[],"class_list":{"0":"post-11014","1":"product","2":"type-product","3":"status-publish","4":"has-post-thumbnail","6":"pwb-brand-pride","7":"product_cat-climatizacion-split","8":"product_cat-climatizacion","10":"first","11":"outofstock","12":"shipping-taxable","13":"purchasable","14":"product-type-simple"},"acf":[],"brands":[{"id":228,"name":"PRIDE","slug":"pride"}],"_links":{"self":[{"href":"https:\/\/triplex.com.bo\/index.php\/wp-json\/wp\/v2\/product\/11014","targetHints":{"allow":["GET"]}}],"collection":[{"href":"https:\/\/triplex.com.bo\/index.php\/wp-json\/wp\/v2\/product"}],"about":[{"href":"https:\/\/triplex.com.bo\/index.php\/wp-json\/wp\/v2\/types\/product"}],"replies":[{"embeddable":true,"href":"https:\/\/triplex.com.bo\/index.php\/wp-json\/wp\/v2\/comments?post=11014"}],"wp:featuredmedia":[{"embeddable":true,"href":"https:\/\/triplex.com.bo\/index.php\/wp-json\/wp\/v2\/media\/12053"}],"wp:attachment":[{"href":"https:\/\/triplex.com.bo\/index.php\/wp-json\/wp\/v2\/media?parent=11014"}],"wp:term":[{"taxonomy":"pwb-brand","embeddable":true,"href":"https:\/\/triplex.com.bo\/index.php\/wp-json\/wp\/v2\/pwb-brand?post=11014"},{"taxonomy":"product_brand","embeddable":true,"href":"https:\/\/triplex.com.bo\/index.php\/wp-json\/wp\/v2\/product_brand?post=11014"},{"taxonomy":"product_cat","embeddable":true,"href":"https:\/\/triplex.com.bo\/index.php\/wp-json\/wp\/v2\/product_cat?post=11014"},{"taxonomy":"product_tag","embeddable":true,"href":"https:\/\/triplex.com.bo\/index.php\/wp-json\/wp\/v2\/product_tag?post=11014"}],"curies":[{"name":"wp","href":"https:\/\/api.w.org\/{rel}","templated":true}]}}