{"id":11008,"date":"2022-12-16T12:34:51","date_gmt":"2022-12-16T12:34:51","guid":{"rendered":"https:\/\/triplex.com.bo\/index.php\/product\/sarten-grafito-3pcs-20-24-28cm-negro\/"},"modified":"2024-12-20T10:01:39","modified_gmt":"2024-12-20T14:01:39","slug":"sarten-grafito-3pcs-20-24-28cm-negro","status":"publish","type":"product","link":"https:\/\/triplex.com.bo\/index.php\/product\/sarten-grafito-3pcs-20-24-28cm-negro\/","title":{"rendered":"SARTEN GRAFITO 3PCS 20-24-28CM NEGRO"},"content":{"rendered":"<p>Juego de 3 piezas en grafito forjado con<br \/>\nantiadherente interior extra resistente y mangas suaves<br \/>\nal tacto.<br \/>\n*Antiadherente interior extra resistente<br \/>\n*Apto para cocinas de Inducci\u00f3n, Gas, El\u00e9ctricas y Vitrocer\u00e1micas<br \/>\n*Asas y pomos suaves al tacto<br \/>\n*Use utensilios de pl\u00e1stico, caucho o madera, no de metal<\/p>\n","protected":false},"excerpt":{"rendered":"<p>SARTEN GRAFITO 3PCS 20-24-28CM NEGRO<\/p>\n","protected":false},"featured_media":12292,"comment_status":"open","ping_status":"closed","template":"","meta":{"_acf_changed":false},"pwb-brand":[359],"product_brand":[],"product_cat":[204],"product_tag":[],"class_list":{"0":"post-11008","1":"product","2":"type-product","3":"status-publish","4":"has-post-thumbnail","6":"pwb-brand-warenhaus","7":"product_cat-ollas-y-sartenes","9":"first","10":"outofstock","11":"shipping-taxable","12":"purchasable","13":"product-type-simple"},"acf":[],"brands":[{"id":359,"name":"Warenhaus","slug":"warenhaus"}],"_links":{"self":[{"href":"https:\/\/triplex.com.bo\/index.php\/wp-json\/wp\/v2\/product\/11008","targetHints":{"allow":["GET"]}}],"collection":[{"href":"https:\/\/triplex.com.bo\/index.php\/wp-json\/wp\/v2\/product"}],"about":[{"href":"https:\/\/triplex.com.bo\/index.php\/wp-json\/wp\/v2\/types\/product"}],"replies":[{"embeddable":true,"href":"https:\/\/triplex.com.bo\/index.php\/wp-json\/wp\/v2\/comments?post=11008"}],"wp:featuredmedia":[{"embeddable":true,"href":"https:\/\/triplex.com.bo\/index.php\/wp-json\/wp\/v2\/media\/12292"}],"wp:attachment":[{"href":"https:\/\/triplex.com.bo\/index.php\/wp-json\/wp\/v2\/media?parent=11008"}],"wp:term":[{"taxonomy":"pwb-brand","embeddable":true,"href":"https:\/\/triplex.com.bo\/index.php\/wp-json\/wp\/v2\/pwb-brand?post=11008"},{"taxonomy":"product_brand","embeddable":true,"href":"https:\/\/triplex.com.bo\/index.php\/wp-json\/wp\/v2\/product_brand?post=11008"},{"taxonomy":"product_cat","embeddable":true,"href":"https:\/\/triplex.com.bo\/index.php\/wp-json\/wp\/v2\/product_cat?post=11008"},{"taxonomy":"product_tag","embeddable":true,"href":"https:\/\/triplex.com.bo\/index.php\/wp-json\/wp\/v2\/product_tag?post=11008"}],"curies":[{"name":"wp","href":"https:\/\/api.w.org\/{rel}","templated":true}]}}