{"id":10952,"date":"2022-12-16T12:32:29","date_gmt":"2022-12-16T12:32:29","guid":{"rendered":"https:\/\/triplex.com.bo\/index.php\/product\/cocina-empotar-5h-negra-airlux\/"},"modified":"2025-03-20T15:32:44","modified_gmt":"2025-03-20T19:32:44","slug":"cocina-empotar-5h-negra-airlux","status":"publish","type":"product","link":"https:\/\/triplex.com.bo\/index.php\/product\/cocina-empotar-5h-negra-airlux\/","title":{"rendered":"COCINA EMPOTRAR 5H NEGRA AIRLUX"},"content":{"rendered":"<p>\u2705 Quemadores sellados<br \/>\n\u2705 Construcci\u00f3n duradera<br \/>\n\u2705 Parrillas de hierro fundido<br \/>\n\u2705 Panel de control mec\u00e1nico<br \/>\n\u2705 Dise\u00f1o Italiano de extraordinaria elegancia<br \/>\n\u2705 Superficie de metal enlozado de f\u00e1cil limpieza<br \/>\n\u2705 Recubrimiento especial contra la fricci\u00f3n, el desgaste y la corrosi\u00f3n<br \/>\n\u2705 Predispuesta a gas de garrafa (Glp) + kit de conversi\u00f3n para gas natural (Gn)<br \/>\n\u2705 5 hornillas de cocci\u00f3n: 1 hornilla triple corona, 2 hornallas semi r\u00e1pido, 1 hornilla auxiliar y 1 hornilla r\u00e1pido<br \/>\n\u2705 Encendido el\u00e9ctrico s\u00faper autom\u00e1tico: pr\u00e1ctico sistema que permite encender el quemador con tan solo girar la perilla<br \/>\n\u2705 Quemadores con dispositivo de falla de llama: interrumpen el flujo de gas en caso de que la llama se apague accidentalmente<br \/>\n\u2705 Medidas del producto: Alto 4,5 cm. Ancho 86 cm. Largo 50 cm.<br \/>\n\u2705 Dimensiones aproximadas del cuerpo que va empotrado: Alto 3 cm. Ancho 82 cm. Largo 46,5 cm.<\/p>\n","protected":false},"excerpt":{"rendered":"<p>Elige elegancia, elige calidad, elige Airlux \u2022 simbolo de calidad<\/p>\n","protected":false},"featured_media":13344,"comment_status":"open","ping_status":"closed","template":"","meta":{"_acf_changed":false},"pwb-brand":[280],"product_brand":[],"product_cat":[156],"product_tag":[],"class_list":{"0":"post-10952","1":"product","2":"type-product","3":"status-publish","4":"has-post-thumbnail","6":"pwb-brand-airlux","7":"product_cat-cocinas-empotrables","9":"first","10":"outofstock","11":"shipping-taxable","12":"purchasable","13":"product-type-simple"},"acf":[],"brands":[{"id":280,"name":"AIRLUX","slug":"airlux"}],"_links":{"self":[{"href":"https:\/\/triplex.com.bo\/index.php\/wp-json\/wp\/v2\/product\/10952","targetHints":{"allow":["GET"]}}],"collection":[{"href":"https:\/\/triplex.com.bo\/index.php\/wp-json\/wp\/v2\/product"}],"about":[{"href":"https:\/\/triplex.com.bo\/index.php\/wp-json\/wp\/v2\/types\/product"}],"replies":[{"embeddable":true,"href":"https:\/\/triplex.com.bo\/index.php\/wp-json\/wp\/v2\/comments?post=10952"}],"wp:featuredmedia":[{"embeddable":true,"href":"https:\/\/triplex.com.bo\/index.php\/wp-json\/wp\/v2\/media\/13344"}],"wp:attachment":[{"href":"https:\/\/triplex.com.bo\/index.php\/wp-json\/wp\/v2\/media?parent=10952"}],"wp:term":[{"taxonomy":"pwb-brand","embeddable":true,"href":"https:\/\/triplex.com.bo\/index.php\/wp-json\/wp\/v2\/pwb-brand?post=10952"},{"taxonomy":"product_brand","embeddable":true,"href":"https:\/\/triplex.com.bo\/index.php\/wp-json\/wp\/v2\/product_brand?post=10952"},{"taxonomy":"product_cat","embeddable":true,"href":"https:\/\/triplex.com.bo\/index.php\/wp-json\/wp\/v2\/product_cat?post=10952"},{"taxonomy":"product_tag","embeddable":true,"href":"https:\/\/triplex.com.bo\/index.php\/wp-json\/wp\/v2\/product_tag?post=10952"}],"curies":[{"name":"wp","href":"https:\/\/api.w.org\/{rel}","templated":true}]}}