{"id":10937,"date":"2022-12-16T12:31:48","date_gmt":"2022-12-16T12:31:48","guid":{"rendered":"https:\/\/triplex.com.bo\/index.php\/product\/olla-a-presion-4-ltrs-oster\/"},"modified":"2026-03-27T14:27:23","modified_gmt":"2026-03-27T18:27:23","slug":"olla-a-presion-4-ltrs-oster","status":"publish","type":"product","link":"https:\/\/triplex.com.bo\/index.php\/product\/olla-a-presion-4-ltrs-oster\/","title":{"rendered":"OLLA A PRESION 4 LTRS OSTER"},"content":{"rendered":"<p>Cuatro litros de capacidad y cuatro v\u00e1lvulas de seguridad: siseo, de presi\u00f3n, de resorte y fundible; te brindan toda la confiabilidad que necesitas a la hora de cocinar. Disfruta con tranquilidad gracias a su tapa con cierre de seguridad.<br \/>\nFabricaci\u00f3n de aluminio durable y ligero<br \/>\n4 v\u00e1lvulas de seguridad para mayor confiabilidad<br \/>\nTapa con cierre de seguridad<br \/>\nFiltro integrado para retener part\u00edculas de alimentos y evitar la obstrucci\u00f3n de la v\u00e1lvula de presi\u00f3n<br \/>\nDoble asa para un manejo m\u00e1s c\u00f3modo<\/p>\n","protected":false},"excerpt":{"rendered":"<p>OLLA A PRESION 4 LTRS OSTER<\/p>\n","protected":false},"featured_media":11458,"comment_status":"open","ping_status":"closed","template":"","meta":{"_acf_changed":false},"pwb-brand":[235],"product_brand":[],"product_cat":[204],"product_tag":[],"class_list":{"0":"post-10937","1":"product","2":"type-product","3":"status-publish","4":"has-post-thumbnail","6":"pwb-brand-oster","7":"product_cat-ollas-y-sartenes","9":"first","10":"outofstock","11":"shipping-taxable","12":"purchasable","13":"product-type-simple"},"acf":[],"brands":[{"id":235,"name":"OSTER","slug":"oster"}],"_links":{"self":[{"href":"https:\/\/triplex.com.bo\/index.php\/wp-json\/wp\/v2\/product\/10937","targetHints":{"allow":["GET"]}}],"collection":[{"href":"https:\/\/triplex.com.bo\/index.php\/wp-json\/wp\/v2\/product"}],"about":[{"href":"https:\/\/triplex.com.bo\/index.php\/wp-json\/wp\/v2\/types\/product"}],"replies":[{"embeddable":true,"href":"https:\/\/triplex.com.bo\/index.php\/wp-json\/wp\/v2\/comments?post=10937"}],"wp:featuredmedia":[{"embeddable":true,"href":"https:\/\/triplex.com.bo\/index.php\/wp-json\/wp\/v2\/media\/11458"}],"wp:attachment":[{"href":"https:\/\/triplex.com.bo\/index.php\/wp-json\/wp\/v2\/media?parent=10937"}],"wp:term":[{"taxonomy":"pwb-brand","embeddable":true,"href":"https:\/\/triplex.com.bo\/index.php\/wp-json\/wp\/v2\/pwb-brand?post=10937"},{"taxonomy":"product_brand","embeddable":true,"href":"https:\/\/triplex.com.bo\/index.php\/wp-json\/wp\/v2\/product_brand?post=10937"},{"taxonomy":"product_cat","embeddable":true,"href":"https:\/\/triplex.com.bo\/index.php\/wp-json\/wp\/v2\/product_cat?post=10937"},{"taxonomy":"product_tag","embeddable":true,"href":"https:\/\/triplex.com.bo\/index.php\/wp-json\/wp\/v2\/product_tag?post=10937"}],"curies":[{"name":"wp","href":"https:\/\/api.w.org\/{rel}","templated":true}]}}