{"id":10924,"date":"2022-12-16T12:31:06","date_gmt":"2022-12-16T12:31:06","guid":{"rendered":"https:\/\/triplex.com.bo\/index.php\/product\/horno-electrico-15ltrs-oster\/"},"modified":"2026-01-20T10:21:38","modified_gmt":"2026-01-20T14:21:38","slug":"horno-electrico-15ltrs-oster","status":"publish","type":"product","link":"https:\/\/triplex.com.bo\/index.php\/product\/horno-electrico-15ltrs-oster\/","title":{"rendered":"HORNO ELECTRICO DE MESA 15LTS OSTER"},"content":{"rendered":"<ul>\n<li>El horno tostador que te permite preparar una amplia variedad de deliciosas comidas y bocadillos.<\/li>\n<li>Capacidad para 4 rebanadas\/15 litros<\/li>\n<li>Control de temperatura completamente ajustable de 90\u00b0C a 230\u00b0C (194\u00b0F a 450\u00b0F) para una amplia variedad de usos<\/li>\n<li>Rejilla ajustable a dos posiciones y capacidad de 15 litros con una bandeja para hornear y una parrilla para asar<\/li>\n<li>Funciones para hornear, asar, tostar y recalentar que te permite crear comidas y refrigerios con facilidad<\/li>\n<li>\u00datil cron\u00f3metro de 60 minutos que apaga el horno autom\u00e1ticamente para mayor seguridad<\/li>\n<\/ul>\n","protected":false},"excerpt":{"rendered":"<p>HORNO ELECTRICO DE MESA 15LTRS OSTER<\/p>\n","protected":false},"featured_media":12163,"comment_status":"open","ping_status":"closed","template":"","meta":{"_acf_changed":false},"pwb-brand":[235],"product_brand":[],"product_cat":[179,144],"product_tag":[],"class_list":{"0":"post-10924","1":"product","2":"type-product","3":"status-publish","4":"has-post-thumbnail","6":"pwb-brand-oster","7":"product_cat-hornos-microondas-mesa","8":"product_cat-hornos-microondas","10":"first","11":"outofstock","12":"shipping-taxable","13":"purchasable","14":"product-type-simple"},"acf":[],"brands":[{"id":235,"name":"OSTER","slug":"oster"}],"_links":{"self":[{"href":"https:\/\/triplex.com.bo\/index.php\/wp-json\/wp\/v2\/product\/10924","targetHints":{"allow":["GET"]}}],"collection":[{"href":"https:\/\/triplex.com.bo\/index.php\/wp-json\/wp\/v2\/product"}],"about":[{"href":"https:\/\/triplex.com.bo\/index.php\/wp-json\/wp\/v2\/types\/product"}],"replies":[{"embeddable":true,"href":"https:\/\/triplex.com.bo\/index.php\/wp-json\/wp\/v2\/comments?post=10924"}],"wp:featuredmedia":[{"embeddable":true,"href":"https:\/\/triplex.com.bo\/index.php\/wp-json\/wp\/v2\/media\/12163"}],"wp:attachment":[{"href":"https:\/\/triplex.com.bo\/index.php\/wp-json\/wp\/v2\/media?parent=10924"}],"wp:term":[{"taxonomy":"pwb-brand","embeddable":true,"href":"https:\/\/triplex.com.bo\/index.php\/wp-json\/wp\/v2\/pwb-brand?post=10924"},{"taxonomy":"product_brand","embeddable":true,"href":"https:\/\/triplex.com.bo\/index.php\/wp-json\/wp\/v2\/product_brand?post=10924"},{"taxonomy":"product_cat","embeddable":true,"href":"https:\/\/triplex.com.bo\/index.php\/wp-json\/wp\/v2\/product_cat?post=10924"},{"taxonomy":"product_tag","embeddable":true,"href":"https:\/\/triplex.com.bo\/index.php\/wp-json\/wp\/v2\/product_tag?post=10924"}],"curies":[{"name":"wp","href":"https:\/\/api.w.org\/{rel}","templated":true}]}}