{"id":10920,"date":"2022-12-16T12:30:57","date_gmt":"2022-12-16T12:30:57","guid":{"rendered":"https:\/\/triplex.com.bo\/index.php\/product\/plancha-a-vapor-oster-negra-y-morado\/"},"modified":"2024-11-08T16:24:27","modified_gmt":"2024-11-08T20:24:27","slug":"plancha-a-vapor-oster-negra-y-morado","status":"publish","type":"product","link":"https:\/\/triplex.com.bo\/index.php\/product\/plancha-a-vapor-oster-negra-y-morado\/","title":{"rendered":"PLANCHA A VAPOR OSTER NEGRA Y MORADO"},"content":{"rendered":"<p>Es un modelo de vapor, cuenta con suela de cer\u00e1mica y tanque de 240 ml. Se complementa con un mango ergon\u00f3mico y 1200 Watts de potencia, adem\u00e1s, tiene sistema de autoapagado y autolimpieza; todo lo que necesitas para eliminar las arrugas de las prendas sin mayor complicaci\u00f3n.<\/p>\n","protected":false},"excerpt":{"rendered":"<p>PLANCHA A VAPOR OSTER NEGRA Y MORADO<\/p>\n","protected":false},"featured_media":12459,"comment_status":"open","ping_status":"closed","template":"","meta":{"_acf_changed":false},"pwb-brand":[235],"product_brand":[],"product_cat":[157,168],"product_tag":[],"class_list":{"0":"post-10920","1":"product","2":"type-product","3":"status-publish","4":"has-post-thumbnail","6":"pwb-brand-oster","7":"product_cat-electromenor","8":"product_cat-electromenor-planchas-ropa","10":"first","11":"outofstock","12":"shipping-taxable","13":"purchasable","14":"product-type-simple"},"acf":[],"brands":[{"id":235,"name":"OSTER","slug":"oster"}],"_links":{"self":[{"href":"https:\/\/triplex.com.bo\/index.php\/wp-json\/wp\/v2\/product\/10920","targetHints":{"allow":["GET"]}}],"collection":[{"href":"https:\/\/triplex.com.bo\/index.php\/wp-json\/wp\/v2\/product"}],"about":[{"href":"https:\/\/triplex.com.bo\/index.php\/wp-json\/wp\/v2\/types\/product"}],"replies":[{"embeddable":true,"href":"https:\/\/triplex.com.bo\/index.php\/wp-json\/wp\/v2\/comments?post=10920"}],"wp:featuredmedia":[{"embeddable":true,"href":"https:\/\/triplex.com.bo\/index.php\/wp-json\/wp\/v2\/media\/12459"}],"wp:attachment":[{"href":"https:\/\/triplex.com.bo\/index.php\/wp-json\/wp\/v2\/media?parent=10920"}],"wp:term":[{"taxonomy":"pwb-brand","embeddable":true,"href":"https:\/\/triplex.com.bo\/index.php\/wp-json\/wp\/v2\/pwb-brand?post=10920"},{"taxonomy":"product_brand","embeddable":true,"href":"https:\/\/triplex.com.bo\/index.php\/wp-json\/wp\/v2\/product_brand?post=10920"},{"taxonomy":"product_cat","embeddable":true,"href":"https:\/\/triplex.com.bo\/index.php\/wp-json\/wp\/v2\/product_cat?post=10920"},{"taxonomy":"product_tag","embeddable":true,"href":"https:\/\/triplex.com.bo\/index.php\/wp-json\/wp\/v2\/product_tag?post=10920"}],"curies":[{"name":"wp","href":"https:\/\/api.w.org\/{rel}","templated":true}]}}