{"id":10913,"date":"2022-12-16T12:30:37","date_gmt":"2022-12-16T12:30:37","guid":{"rendered":"https:\/\/triplex.com.bo\/index.php\/product\/microondas-25ltrs-electrolux-gris\/"},"modified":"2025-09-09T10:09:35","modified_gmt":"2025-09-09T14:09:35","slug":"microondas-25ltrs-electrolux-gris","status":"publish","type":"product","link":"https:\/\/triplex.com.bo\/index.php\/product\/microondas-25ltrs-electrolux-gris\/","title":{"rendered":"MICROONDAS 25 LTS ELECTROLUX GRIS"},"content":{"rendered":"<p>Caracter\u00edsticas Generales<br \/>\nPantalla digital Tecla Potencia\/Porciones Teclado num\u00e9rico Reloj digital Elimina olores Menu Kids Mantener caliente Menu descongelar Menu D\u00eda a D\u00eda Funci\u00f3n mudo Puerta espejada<br \/>\nColor<br \/>\nPlateado<br \/>\nVolumen Total (Litros)<br \/>\n25<br \/>\nStuffing (20\u2019 \/ 40\u2019 \/ 40\u2019HC)<br \/>\n370\/760\/865<br \/>\nAlto X Ancho X Prof. (Mm)<br \/>\n281x483x373<br \/>\nGrill<br \/>\nS\u00ed<br \/>\nApertura De La Puerta<br \/>\nPush Button<br \/>\nSistema Del Plato<br \/>\nGiratorio<\/p>\n","protected":false},"excerpt":{"rendered":"<p>MICROONDAS 25LTRS ELECTROLUX GRIS<\/p>\n","protected":false},"featured_media":12185,"comment_status":"open","ping_status":"closed","template":"","meta":{"_acf_changed":false},"pwb-brand":[207],"product_brand":[],"product_cat":[181,144],"product_tag":[],"class_list":{"0":"post-10913","1":"product","2":"type-product","3":"status-publish","4":"has-post-thumbnail","6":"pwb-brand-electrolux","7":"product_cat-hornos-microondas-2","8":"product_cat-hornos-microondas","10":"first","11":"outofstock","12":"sold-individually","13":"shipping-taxable","14":"purchasable","15":"product-type-simple"},"acf":[],"brands":[{"id":207,"name":"Electrolux","slug":"electrolux"}],"_links":{"self":[{"href":"https:\/\/triplex.com.bo\/index.php\/wp-json\/wp\/v2\/product\/10913","targetHints":{"allow":["GET"]}}],"collection":[{"href":"https:\/\/triplex.com.bo\/index.php\/wp-json\/wp\/v2\/product"}],"about":[{"href":"https:\/\/triplex.com.bo\/index.php\/wp-json\/wp\/v2\/types\/product"}],"replies":[{"embeddable":true,"href":"https:\/\/triplex.com.bo\/index.php\/wp-json\/wp\/v2\/comments?post=10913"}],"wp:featuredmedia":[{"embeddable":true,"href":"https:\/\/triplex.com.bo\/index.php\/wp-json\/wp\/v2\/media\/12185"}],"wp:attachment":[{"href":"https:\/\/triplex.com.bo\/index.php\/wp-json\/wp\/v2\/media?parent=10913"}],"wp:term":[{"taxonomy":"pwb-brand","embeddable":true,"href":"https:\/\/triplex.com.bo\/index.php\/wp-json\/wp\/v2\/pwb-brand?post=10913"},{"taxonomy":"product_brand","embeddable":true,"href":"https:\/\/triplex.com.bo\/index.php\/wp-json\/wp\/v2\/product_brand?post=10913"},{"taxonomy":"product_cat","embeddable":true,"href":"https:\/\/triplex.com.bo\/index.php\/wp-json\/wp\/v2\/product_cat?post=10913"},{"taxonomy":"product_tag","embeddable":true,"href":"https:\/\/triplex.com.bo\/index.php\/wp-json\/wp\/v2\/product_tag?post=10913"}],"curies":[{"name":"wp","href":"https:\/\/api.w.org\/{rel}","templated":true}]}}