{"id":10906,"date":"2022-12-16T12:30:19","date_gmt":"2022-12-16T12:30:19","guid":{"rendered":"https:\/\/triplex.com.bo\/index.php\/product\/cocina-5-en-1-oster\/"},"modified":"2026-02-02T18:09:40","modified_gmt":"2026-02-02T22:09:40","slug":"cocina-5-en-1-oster","status":"publish","type":"product","link":"https:\/\/triplex.com.bo\/index.php\/product\/cocina-5-en-1-oster\/","title":{"rendered":"COCINA 5 EN 1 OSTER"},"content":{"rendered":"<p>Recubrimiento antiadherente natural para cocinar m\u00e1s saludablemente<br \/>\nCuatro veces m\u00e1s duradero y resistente a raspaduras que cocina 20% m\u00e1s r\u00e1pido que los recubrimientos comunes<br \/>\nBotones suaves programados con 5 funciones inteligente que abarcan diversas tareas de cocci\u00f3n: sofre\u00edr, cocci\u00f3n lenta, asar, hornea y cocina al vapor<br \/>\nPantalla digital que muestra f\u00e1cilmente las opciones elegidas y el avance del proceso de cocci\u00f3n<br \/>\nTapa de vidrio templado para ver f\u00e1cilmente mientras cocinas y asa fr\u00eda al tacto<br \/>\nIncluye rejilla cromada que a\u00f1ade versatilidad gracias a sus dos posiciones para asar y cocinar al vapor<br \/>\nAcabado en acero inoxidable le a\u00f1ade un toque de modernidad a tu cocina<\/p>\n","protected":false},"excerpt":{"rendered":"<p>COCINA 5 EN 1 OSTER<\/p>\n","protected":false},"featured_media":11276,"comment_status":"open","ping_status":"closed","template":"","meta":{"_acf_changed":false},"pwb-brand":[235],"product_brand":[],"product_cat":[157,274],"product_tag":[],"class_list":{"0":"post-10906","1":"product","2":"type-product","3":"status-publish","4":"has-post-thumbnail","6":"pwb-brand-oster","7":"product_cat-electromenor","8":"product_cat-electromenor-ollas-electricas","10":"first","11":"outofstock","12":"shipping-taxable","13":"purchasable","14":"product-type-simple"},"acf":[],"brands":[{"id":235,"name":"OSTER","slug":"oster"}],"_links":{"self":[{"href":"https:\/\/triplex.com.bo\/index.php\/wp-json\/wp\/v2\/product\/10906","targetHints":{"allow":["GET"]}}],"collection":[{"href":"https:\/\/triplex.com.bo\/index.php\/wp-json\/wp\/v2\/product"}],"about":[{"href":"https:\/\/triplex.com.bo\/index.php\/wp-json\/wp\/v2\/types\/product"}],"replies":[{"embeddable":true,"href":"https:\/\/triplex.com.bo\/index.php\/wp-json\/wp\/v2\/comments?post=10906"}],"wp:featuredmedia":[{"embeddable":true,"href":"https:\/\/triplex.com.bo\/index.php\/wp-json\/wp\/v2\/media\/11276"}],"wp:attachment":[{"href":"https:\/\/triplex.com.bo\/index.php\/wp-json\/wp\/v2\/media?parent=10906"}],"wp:term":[{"taxonomy":"pwb-brand","embeddable":true,"href":"https:\/\/triplex.com.bo\/index.php\/wp-json\/wp\/v2\/pwb-brand?post=10906"},{"taxonomy":"product_brand","embeddable":true,"href":"https:\/\/triplex.com.bo\/index.php\/wp-json\/wp\/v2\/product_brand?post=10906"},{"taxonomy":"product_cat","embeddable":true,"href":"https:\/\/triplex.com.bo\/index.php\/wp-json\/wp\/v2\/product_cat?post=10906"},{"taxonomy":"product_tag","embeddable":true,"href":"https:\/\/triplex.com.bo\/index.php\/wp-json\/wp\/v2\/product_tag?post=10906"}],"curies":[{"name":"wp","href":"https:\/\/api.w.org\/{rel}","templated":true}]}}