{"id":10898,"date":"2022-12-16T12:29:58","date_gmt":"2022-12-16T12:29:58","guid":{"rendered":"https:\/\/triplex.com.bo\/index.php\/product\/vinera-1-puerta-34-botellas-electrolux\/"},"modified":"2024-04-19T13:08:45","modified_gmt":"2024-04-19T13:08:45","slug":"vinera-1-puerta-34-botellas-electrolux","status":"publish","type":"product","link":"https:\/\/triplex.com.bo\/index.php\/product\/vinera-1-puerta-34-botellas-electrolux\/","title":{"rendered":"VINERA 1 PUERTA 34 BOTELLAS ELECTROLUX"},"content":{"rendered":"<p>\u00abIluminaci\u00f3n interna LED Estantes ergon\u00f3micos y removibles Panel de control y display de la temperatura externo. Bajo nivel de ruido Apagado autom\u00e1tico, manteniendo la calidad del vino. Ajuste preciso de temperatura interna a\u00fan con la puerta cerrada. M\u00e1s sofisticaci\u00f3n y durabilidad. Mejor aislamiento t\u00e9rmico y protecci\u00f3n contra rayos ultravioletas. Variaci\u00f3n de temperatura interna: 4\u00baC a 18\u00baC Cantidad de puertas: 1 Voltaje (V): 220 Frecuencia (Hz): 50 Caracter\u00edsticas Principales:<\/p>\n<p>\u2022Puerta de vidrio doble, templado<\/p>\n<p>\u2022 Ajuste inteligente por tipo de vino<\/p>\n<p>\u2022 Estantes cromados y removibles<\/p>\n<p>\u2022 Color: negro con acabado inox<\/p>\n<p>\u2022 Panel Touch Control, con funci\u00f3n de bloqueo de panel<\/p>\n<p>\u2022Estantes ergon\u00f3micos y removibles<\/p>\n<p>\u2022Panel de control y display de la temperatura externo\u00bb<\/p>\n","protected":false},"excerpt":{"rendered":"<p>VINERA 1 PUERTA 34 BOTELLAS ELECTROLUX<\/p>\n","protected":false},"featured_media":12344,"comment_status":"open","ping_status":"closed","template":"","meta":{"_acf_changed":false},"pwb-brand":[207],"product_brand":[],"product_cat":[175],"product_tag":[],"class_list":{"0":"post-10898","1":"product","2":"type-product","3":"status-publish","4":"has-post-thumbnail","6":"pwb-brand-electrolux","7":"product_cat-refrigeradores-frigobares","9":"first","10":"outofstock","11":"sold-individually","12":"shipping-taxable","13":"purchasable","14":"product-type-simple"},"acf":[],"brands":[{"id":207,"name":"Electrolux","slug":"electrolux"}],"_links":{"self":[{"href":"https:\/\/triplex.com.bo\/index.php\/wp-json\/wp\/v2\/product\/10898","targetHints":{"allow":["GET"]}}],"collection":[{"href":"https:\/\/triplex.com.bo\/index.php\/wp-json\/wp\/v2\/product"}],"about":[{"href":"https:\/\/triplex.com.bo\/index.php\/wp-json\/wp\/v2\/types\/product"}],"replies":[{"embeddable":true,"href":"https:\/\/triplex.com.bo\/index.php\/wp-json\/wp\/v2\/comments?post=10898"}],"wp:featuredmedia":[{"embeddable":true,"href":"https:\/\/triplex.com.bo\/index.php\/wp-json\/wp\/v2\/media\/12344"}],"wp:attachment":[{"href":"https:\/\/triplex.com.bo\/index.php\/wp-json\/wp\/v2\/media?parent=10898"}],"wp:term":[{"taxonomy":"pwb-brand","embeddable":true,"href":"https:\/\/triplex.com.bo\/index.php\/wp-json\/wp\/v2\/pwb-brand?post=10898"},{"taxonomy":"product_brand","embeddable":true,"href":"https:\/\/triplex.com.bo\/index.php\/wp-json\/wp\/v2\/product_brand?post=10898"},{"taxonomy":"product_cat","embeddable":true,"href":"https:\/\/triplex.com.bo\/index.php\/wp-json\/wp\/v2\/product_cat?post=10898"},{"taxonomy":"product_tag","embeddable":true,"href":"https:\/\/triplex.com.bo\/index.php\/wp-json\/wp\/v2\/product_tag?post=10898"}],"curies":[{"name":"wp","href":"https:\/\/api.w.org\/{rel}","templated":true}]}}