{"id":10895,"date":"2022-12-16T12:29:50","date_gmt":"2022-12-16T12:29:50","guid":{"rendered":"https:\/\/triplex.com.bo\/index.php\/product\/microondas-23ltrs-acero-electrolux\/"},"modified":"2024-07-05T09:43:31","modified_gmt":"2024-07-05T13:43:31","slug":"microondas-23ltrs-acero-electrolux","status":"publish","type":"product","link":"https:\/\/triplex.com.bo\/index.php\/product\/microondas-23ltrs-acero-electrolux\/","title":{"rendered":"MICROONDAS 23LTRS ACERO ELECTROLUX"},"content":{"rendered":"<p>EMDN23G5MLS<br \/>\nColor Acero inoxidable<br \/>\nCapacidad (L) 23 L<br \/>\nAlto (cm) 292.5<br \/>\nAncho (cm) 485<br \/>\nFondo (cm) 410<br \/>\nVoltaje (V) 220 V<br \/>\nFrecuencia (Hz) 50 Hz<br \/>\nDescongelaci\u00f3n por peso<br \/>\nGrill dorador<br \/>\nMen\u00fa Platos R\u00e1pidos<br \/>\nPanel de Uso F\u00e1cil<br \/>\nTraba de seguridad<br \/>\nOpciones m\u00faltiples de cocci\u00f3n<\/p>\n","protected":false},"excerpt":{"rendered":"<p>EMDN23G5MLS Color Acero inoxidable Capacidad (L) 23 L Alto (cm) 292.5 Ancho (cm) 485 Fondo (cm) 410 Voltaje (V) 220 V Frecuencia (Hz) 50 Hz Descongelaci\u00f3n por peso Grill dorador Men\u00fa Platos R\u00e1pidos Panel de Uso F\u00e1cil Traba de seguridad Opciones m\u00faltiples de cocci\u00f3n<\/p>\n","protected":false},"featured_media":11462,"comment_status":"open","ping_status":"closed","template":"","meta":{"_acf_changed":false},"pwb-brand":[207],"product_brand":[],"product_cat":[181,144],"product_tag":[],"class_list":{"0":"post-10895","1":"product","2":"type-product","3":"status-publish","4":"has-post-thumbnail","6":"pwb-brand-electrolux","7":"product_cat-hornos-microondas-2","8":"product_cat-hornos-microondas","10":"first","11":"outofstock","12":"shipping-taxable","13":"purchasable","14":"product-type-simple"},"acf":[],"brands":[{"id":207,"name":"Electrolux","slug":"electrolux"}],"_links":{"self":[{"href":"https:\/\/triplex.com.bo\/index.php\/wp-json\/wp\/v2\/product\/10895","targetHints":{"allow":["GET"]}}],"collection":[{"href":"https:\/\/triplex.com.bo\/index.php\/wp-json\/wp\/v2\/product"}],"about":[{"href":"https:\/\/triplex.com.bo\/index.php\/wp-json\/wp\/v2\/types\/product"}],"replies":[{"embeddable":true,"href":"https:\/\/triplex.com.bo\/index.php\/wp-json\/wp\/v2\/comments?post=10895"}],"wp:featuredmedia":[{"embeddable":true,"href":"https:\/\/triplex.com.bo\/index.php\/wp-json\/wp\/v2\/media\/11462"}],"wp:attachment":[{"href":"https:\/\/triplex.com.bo\/index.php\/wp-json\/wp\/v2\/media?parent=10895"}],"wp:term":[{"taxonomy":"pwb-brand","embeddable":true,"href":"https:\/\/triplex.com.bo\/index.php\/wp-json\/wp\/v2\/pwb-brand?post=10895"},{"taxonomy":"product_brand","embeddable":true,"href":"https:\/\/triplex.com.bo\/index.php\/wp-json\/wp\/v2\/product_brand?post=10895"},{"taxonomy":"product_cat","embeddable":true,"href":"https:\/\/triplex.com.bo\/index.php\/wp-json\/wp\/v2\/product_cat?post=10895"},{"taxonomy":"product_tag","embeddable":true,"href":"https:\/\/triplex.com.bo\/index.php\/wp-json\/wp\/v2\/product_tag?post=10895"}],"curies":[{"name":"wp","href":"https:\/\/api.w.org\/{rel}","templated":true}]}}