{"id":10883,"date":"2022-12-16T12:29:17","date_gmt":"2022-12-16T12:29:17","guid":{"rendered":"https:\/\/triplex.com.bo\/index.php\/product\/tostadora-2-panes-roja-oster-6544rd\/"},"modified":"2025-04-15T14:49:08","modified_gmt":"2025-04-15T18:49:08","slug":"tostadora-2-panes-roja-oster-6544rd","status":"publish","type":"product","link":"https:\/\/triplex.com.bo\/index.php\/product\/tostadora-2-panes-roja-oster-6544rd\/","title":{"rendered":"TOSTADORA 2 PANES ROJA OSTER"},"content":{"rendered":"<p>Tostadora para 2 panes<br \/>\nRanuras extra anchas para todo tipo de pan<br \/>\nGu\u00edas dobles que se ajustan autom\u00e1ticamente al grosor del pan brind\u00e1ndote un tostado parejo<br \/>\nC\u00f3modo expulsor de tostadas que eleva el alimento para que lo retires f\u00e1cilmente<br \/>\nBot\u00f3n para cancelar el ciclo de tostado en cualquier momento que as\u00ed lo desees<br \/>\nIndicador personalizado con 7 niveles de tostado, de claro a oscuro, para tostar los alimentos a tu gusto<br \/>\nBandeja para migas removible, f\u00e1cil de limpiar, inclusive en el lavaplatos autom\u00e1ticos<br \/>\nTostador rojo<br \/>\nPotencia de 750 Watts<\/p>\n","protected":false},"excerpt":{"rendered":"<p>TOSTADORA 2 PANES ROJA OSTER 6544RD<\/p>\n","protected":false},"featured_media":12464,"comment_status":"open","ping_status":"closed","template":"","meta":{"_acf_changed":false},"pwb-brand":[235],"product_brand":[],"product_cat":[157,171],"product_tag":[],"class_list":{"0":"post-10883","1":"product","2":"type-product","3":"status-publish","4":"has-post-thumbnail","6":"pwb-brand-oster","7":"product_cat-electromenor","8":"product_cat-electromenor-tostadoras","10":"first","11":"instock","12":"shipping-taxable","13":"purchasable","14":"product-type-simple"},"acf":[],"brands":[{"id":235,"name":"OSTER","slug":"oster"}],"_links":{"self":[{"href":"https:\/\/triplex.com.bo\/index.php\/wp-json\/wp\/v2\/product\/10883","targetHints":{"allow":["GET"]}}],"collection":[{"href":"https:\/\/triplex.com.bo\/index.php\/wp-json\/wp\/v2\/product"}],"about":[{"href":"https:\/\/triplex.com.bo\/index.php\/wp-json\/wp\/v2\/types\/product"}],"replies":[{"embeddable":true,"href":"https:\/\/triplex.com.bo\/index.php\/wp-json\/wp\/v2\/comments?post=10883"}],"wp:featuredmedia":[{"embeddable":true,"href":"https:\/\/triplex.com.bo\/index.php\/wp-json\/wp\/v2\/media\/12464"}],"wp:attachment":[{"href":"https:\/\/triplex.com.bo\/index.php\/wp-json\/wp\/v2\/media?parent=10883"}],"wp:term":[{"taxonomy":"pwb-brand","embeddable":true,"href":"https:\/\/triplex.com.bo\/index.php\/wp-json\/wp\/v2\/pwb-brand?post=10883"},{"taxonomy":"product_brand","embeddable":true,"href":"https:\/\/triplex.com.bo\/index.php\/wp-json\/wp\/v2\/product_brand?post=10883"},{"taxonomy":"product_cat","embeddable":true,"href":"https:\/\/triplex.com.bo\/index.php\/wp-json\/wp\/v2\/product_cat?post=10883"},{"taxonomy":"product_tag","embeddable":true,"href":"https:\/\/triplex.com.bo\/index.php\/wp-json\/wp\/v2\/product_tag?post=10883"}],"curies":[{"name":"wp","href":"https:\/\/api.w.org\/{rel}","templated":true}]}}