{"id":10832,"date":"2022-12-16T12:27:04","date_gmt":"2022-12-16T12:27:04","guid":{"rendered":"https:\/\/triplex.com.bo\/index.php\/product\/horno-electrico-60cm-electrolux\/"},"modified":"2026-03-21T12:39:59","modified_gmt":"2026-03-21T16:39:59","slug":"horno-electrico-60cm-electrolux","status":"publish","type":"product","link":"https:\/\/triplex.com.bo\/index.php\/product\/horno-electrico-60cm-electrolux\/","title":{"rendered":"HORNO EMPOTRAR 60CM ELECTRICO DIGITAL ELECTROLUX"},"content":{"rendered":"<p>\u2705 Luces LED<br \/>\n\u2705 Grill dorador<br \/>\n\u2705 Seguridad para ni\u00f1os<br \/>\n\u2705 Color acero inoxidable<br \/>\n\u2705 Temporizador con alarma<br \/>\n\u2705 Puerta del horno espejada<br \/>\n\u2705 Gu\u00eda de estantes y puertas removibles<br \/>\n\u2705 Revestimiento interior del horno con esmalte antiadherente<br \/>\n\u2705 Panel digital Blue Touch: totalmente m\u00e1s f\u00e1cil de ver, manipular y limpiar<br \/>\n\u2705 Funciones: grill, convecci\u00f3n, descongelar, resistencia mayor, resistencia menor, resistencia menor y grill<br \/>\n\u2705 Triple vidrio en puerta del horno: mejor aislamiento con el medio externo. El calor permanece en el lado de adentro del horno y la seguridad del lado de afuera<br \/>\n\u2705 Cuenta con 12 funciones preprogramadas y una tecla de recetas, con 9 recetas preprogramadas para obtener la preparaci\u00f3n ideal de cada tipo de alimento en un solo toque<br \/>\n\u2705 Sistema Turbo Convecci\u00f3n: para una mejor, r\u00e1pida y m\u00e1s precisa cocci\u00f3n. Permite la circulaci\u00f3n del aire, garantizando una mejor distribuci\u00f3n de la temperatura en el interior del horno y una cocci\u00f3n m\u00e1s uniforme de sus recetas dej\u00e1ndolas en el punto adecuado para servir<br \/>\n\u2705 Medidas del producto: Alto 59,7 cm. Ancho 59,6 cm. Largo 57 cm.<br \/>\n\u2705 Voltaje: 220-240V\/ 50-60 Hz<br \/>\n\u2705 Corriente nominal: 13,5 A<br \/>\n\u2705 Capacidad: 70 litros<br \/>\n\u2705 Potencia: 3000 W<\/p>\n","protected":false},"excerpt":{"rendered":"<p>El horno Electrolux EOCC24T7MPQS, de la linea de productos Home Pro, es un horno Premium que se caracteriza no solo por una est\u00e9tica \u00fanica y elegante, sino tambi\u00e9n por un funcionamiento excepcional!!<\/p>\n","protected":false},"featured_media":12109,"comment_status":"open","ping_status":"closed","template":"","meta":{"_acf_changed":false},"pwb-brand":[207],"product_brand":[],"product_cat":[180,209,140],"product_tag":[],"class_list":{"0":"post-10832","1":"product","2":"type-product","3":"status-publish","4":"has-post-thumbnail","6":"pwb-brand-electrolux","7":"product_cat-hornos-microondas-empotrables","8":"product_cat-ofertas-especiales","9":"product_cat-cocinas","11":"first","12":"instock","13":"sale","14":"shipping-taxable","15":"purchasable","16":"product-type-simple"},"acf":[],"brands":[{"id":207,"name":"Electrolux","slug":"electrolux"}],"_links":{"self":[{"href":"https:\/\/triplex.com.bo\/index.php\/wp-json\/wp\/v2\/product\/10832","targetHints":{"allow":["GET"]}}],"collection":[{"href":"https:\/\/triplex.com.bo\/index.php\/wp-json\/wp\/v2\/product"}],"about":[{"href":"https:\/\/triplex.com.bo\/index.php\/wp-json\/wp\/v2\/types\/product"}],"replies":[{"embeddable":true,"href":"https:\/\/triplex.com.bo\/index.php\/wp-json\/wp\/v2\/comments?post=10832"}],"wp:featuredmedia":[{"embeddable":true,"href":"https:\/\/triplex.com.bo\/index.php\/wp-json\/wp\/v2\/media\/12109"}],"wp:attachment":[{"href":"https:\/\/triplex.com.bo\/index.php\/wp-json\/wp\/v2\/media?parent=10832"}],"wp:term":[{"taxonomy":"pwb-brand","embeddable":true,"href":"https:\/\/triplex.com.bo\/index.php\/wp-json\/wp\/v2\/pwb-brand?post=10832"},{"taxonomy":"product_brand","embeddable":true,"href":"https:\/\/triplex.com.bo\/index.php\/wp-json\/wp\/v2\/product_brand?post=10832"},{"taxonomy":"product_cat","embeddable":true,"href":"https:\/\/triplex.com.bo\/index.php\/wp-json\/wp\/v2\/product_cat?post=10832"},{"taxonomy":"product_tag","embeddable":true,"href":"https:\/\/triplex.com.bo\/index.php\/wp-json\/wp\/v2\/product_tag?post=10832"}],"curies":[{"name":"wp","href":"https:\/\/api.w.org\/{rel}","templated":true}]}}