{"id":10804,"date":"2022-12-16T12:25:36","date_gmt":"2022-12-16T12:25:36","guid":{"rendered":"https:\/\/triplex.com.bo\/index.php\/product\/horno-electrico-25l-oster-tssttvskbt\/"},"modified":"2026-02-09T09:48:03","modified_gmt":"2026-02-09T13:48:03","slug":"horno-electrico-25l-oster-tssttvskbt","status":"publish","type":"product","link":"https:\/\/triplex.com.bo\/index.php\/product\/horno-electrico-25l-oster-tssttvskbt\/","title":{"rendered":"HORNO ELECTRICO 25L OSTER"},"content":{"rendered":"<p>\u27056-slice tostador horno con convecci\u00f3n tecnolog\u00eda para m\u00e1s r\u00e1pido, m\u00e1s incluso cocinar<br \/>\n\u2705Digital y controles manuales<br \/>\n\u2705extra grande interior-holds 13 por 9), todo, estofados, asados de pollo y jam\u00f3n.<br \/>\n\u2705Bandeja recogemigas externo extra\u00edble; dos posiciones de rack<br \/>\n\u2705Medidas 21.5 x 15.5 x 14.3 pulgadas<br \/>\n\u2705Peso de 19.9 libras<br \/>\n\u2705Color Plomo Met\u00e1lico<br \/>\n\u2705Cocina vers\u00e1til y hasta un 33% m\u00e1s r\u00e1pido con tecnolog\u00eda de convecci\u00f3n <\/p>\n","protected":false},"excerpt":{"rendered":"<p>HORNO ELECTRICO 25L OSTER TSSTTVSKBT<\/p>\n","protected":false},"featured_media":12081,"comment_status":"open","ping_status":"closed","template":"","meta":{"_acf_changed":false},"pwb-brand":[235],"product_brand":[],"product_cat":[179,144],"product_tag":[],"class_list":{"0":"post-10804","1":"product","2":"type-product","3":"status-publish","4":"has-post-thumbnail","6":"pwb-brand-oster","7":"product_cat-hornos-microondas-mesa","8":"product_cat-hornos-microondas","10":"first","11":"outofstock","12":"shipping-taxable","13":"purchasable","14":"product-type-simple"},"acf":[],"brands":[{"id":235,"name":"OSTER","slug":"oster"}],"_links":{"self":[{"href":"https:\/\/triplex.com.bo\/index.php\/wp-json\/wp\/v2\/product\/10804","targetHints":{"allow":["GET"]}}],"collection":[{"href":"https:\/\/triplex.com.bo\/index.php\/wp-json\/wp\/v2\/product"}],"about":[{"href":"https:\/\/triplex.com.bo\/index.php\/wp-json\/wp\/v2\/types\/product"}],"replies":[{"embeddable":true,"href":"https:\/\/triplex.com.bo\/index.php\/wp-json\/wp\/v2\/comments?post=10804"}],"wp:featuredmedia":[{"embeddable":true,"href":"https:\/\/triplex.com.bo\/index.php\/wp-json\/wp\/v2\/media\/12081"}],"wp:attachment":[{"href":"https:\/\/triplex.com.bo\/index.php\/wp-json\/wp\/v2\/media?parent=10804"}],"wp:term":[{"taxonomy":"pwb-brand","embeddable":true,"href":"https:\/\/triplex.com.bo\/index.php\/wp-json\/wp\/v2\/pwb-brand?post=10804"},{"taxonomy":"product_brand","embeddable":true,"href":"https:\/\/triplex.com.bo\/index.php\/wp-json\/wp\/v2\/product_brand?post=10804"},{"taxonomy":"product_cat","embeddable":true,"href":"https:\/\/triplex.com.bo\/index.php\/wp-json\/wp\/v2\/product_cat?post=10804"},{"taxonomy":"product_tag","embeddable":true,"href":"https:\/\/triplex.com.bo\/index.php\/wp-json\/wp\/v2\/product_tag?post=10804"}],"curies":[{"name":"wp","href":"https:\/\/api.w.org\/{rel}","templated":true}]}}