{"id":10768,"date":"2022-12-16T12:23:32","date_gmt":"2022-12-16T12:23:32","guid":{"rendered":"https:\/\/triplex.com.bo\/index.php\/product\/juego-de-20-cubiertos-colores-os-00093\/"},"modified":"2024-01-02T14:57:29","modified_gmt":"2024-01-02T14:57:29","slug":"juego-de-20-cubiertos-colores-os-00093","status":"publish","type":"product","link":"https:\/\/triplex.com.bo\/index.php\/product\/juego-de-20-cubiertos-colores-os-00093\/","title":{"rendered":"JUEGO DE 20 CUBIERTOS COLORES OS-00093"},"content":{"rendered":"<p>Pr\u00e1ctico y \u00fatil set de cubiertos de 20 piezas Oster. Acero inoxidable de gran calidad resistente a manchas.<\/p>\n<p>Piezas de gran tama\u00f1o para ofrecer un producto superior. Acabado con pulido de la m\u00e1s alta calidad para garantizar una excelente presentaci\u00f3n. Mangos de pl\u00e1stico para un manejo c\u00f3modo y seguro.<\/p>\n<p>Piezas:<\/p>\n<p>5 Tenedores<br \/>\n5 Cuchillos<br \/>\n5 Cucharas para sopa<br \/>\n5 Cucharas para postre o caf\u00e9<\/p>\n","protected":false},"excerpt":{"rendered":"<p>JUEGO DE 20 CUBIERTOS COLORES OS-00093<\/p>\n","protected":false},"featured_media":11604,"comment_status":"open","ping_status":"closed","template":"","meta":{"_acf_changed":false},"pwb-brand":[235],"product_brand":[],"product_cat":[199,196],"product_tag":[],"class_list":{"0":"post-10768","1":"product","2":"type-product","3":"status-publish","4":"has-post-thumbnail","6":"pwb-brand-oster","7":"product_cat-menajeria-cuchillos-cubiertos","8":"product_cat-menajeria","10":"first","11":"instock","12":"shipping-taxable","13":"purchasable","14":"product-type-simple"},"acf":[],"brands":[{"id":235,"name":"OSTER","slug":"oster"}],"_links":{"self":[{"href":"https:\/\/triplex.com.bo\/index.php\/wp-json\/wp\/v2\/product\/10768","targetHints":{"allow":["GET"]}}],"collection":[{"href":"https:\/\/triplex.com.bo\/index.php\/wp-json\/wp\/v2\/product"}],"about":[{"href":"https:\/\/triplex.com.bo\/index.php\/wp-json\/wp\/v2\/types\/product"}],"replies":[{"embeddable":true,"href":"https:\/\/triplex.com.bo\/index.php\/wp-json\/wp\/v2\/comments?post=10768"}],"wp:featuredmedia":[{"embeddable":true,"href":"https:\/\/triplex.com.bo\/index.php\/wp-json\/wp\/v2\/media\/11604"}],"wp:attachment":[{"href":"https:\/\/triplex.com.bo\/index.php\/wp-json\/wp\/v2\/media?parent=10768"}],"wp:term":[{"taxonomy":"pwb-brand","embeddable":true,"href":"https:\/\/triplex.com.bo\/index.php\/wp-json\/wp\/v2\/pwb-brand?post=10768"},{"taxonomy":"product_brand","embeddable":true,"href":"https:\/\/triplex.com.bo\/index.php\/wp-json\/wp\/v2\/product_brand?post=10768"},{"taxonomy":"product_cat","embeddable":true,"href":"https:\/\/triplex.com.bo\/index.php\/wp-json\/wp\/v2\/product_cat?post=10768"},{"taxonomy":"product_tag","embeddable":true,"href":"https:\/\/triplex.com.bo\/index.php\/wp-json\/wp\/v2\/product_tag?post=10768"}],"curies":[{"name":"wp","href":"https:\/\/api.w.org\/{rel}","templated":true}]}}