{"id":10754,"date":"2022-12-16T12:22:43","date_gmt":"2022-12-16T12:22:43","guid":{"rendered":"https:\/\/triplex.com.bo\/index.php\/product\/termotanque-electrico-200ltrs-electrolux\/"},"modified":"2025-03-21T15:49:21","modified_gmt":"2025-03-21T19:49:21","slug":"termotanque-electrico-200ltrs-electrolux","status":"publish","type":"product","link":"https:\/\/triplex.com.bo\/index.php\/product\/termotanque-electrico-200ltrs-electrolux\/","title":{"rendered":"TERMOTANQUE ELECTRICO 200LTRS ELECTROLUX"},"content":{"rendered":"<p>Termotanque El\u00e9ctrico de 200 litros de capacidad modelo EIS200L5VSPPW<br \/>\nVoltaje: 220-240V<br \/>\nConsumo: 2000W<br \/>\nControles mec\u00e1nicos<br \/>\nInterior de Enamel<br \/>\nExterior de metal aluminio<br \/>\nColor blanco<br \/>\nAislaci\u00f3n de poliuretano de alta densidad<br \/>\nTermostato ajustable<br \/>\nV\u00e1lvula de seguridad para protecci\u00f3n de presi\u00f3n mayor a 0.7Mpa<br \/>\nCalentador de acero inoxidable<br \/>\nDimensiones: 130.5cm de alto x 45cm de ancho<br \/>\nPeso 42.5 kgrs<\/p>\n","protected":false},"excerpt":{"rendered":"<p>Termotanque El\u00e9ctrico de 200 litros de capacidad modelo EIS200L5VSPPW<\/p>\n","protected":false},"featured_media":11429,"comment_status":"open","ping_status":"closed","template":"","meta":{"_acf_changed":false},"pwb-brand":[207],"product_brand":[],"product_cat":[183],"product_tag":[],"class_list":{"0":"post-10754","1":"product","2":"type-product","3":"status-publish","4":"has-post-thumbnail","6":"pwb-brand-electrolux","7":"product_cat-termotanques","9":"first","10":"outofstock","11":"shipping-taxable","12":"purchasable","13":"product-type-simple"},"acf":[],"brands":[{"id":207,"name":"Electrolux","slug":"electrolux"}],"_links":{"self":[{"href":"https:\/\/triplex.com.bo\/index.php\/wp-json\/wp\/v2\/product\/10754","targetHints":{"allow":["GET"]}}],"collection":[{"href":"https:\/\/triplex.com.bo\/index.php\/wp-json\/wp\/v2\/product"}],"about":[{"href":"https:\/\/triplex.com.bo\/index.php\/wp-json\/wp\/v2\/types\/product"}],"replies":[{"embeddable":true,"href":"https:\/\/triplex.com.bo\/index.php\/wp-json\/wp\/v2\/comments?post=10754"}],"wp:featuredmedia":[{"embeddable":true,"href":"https:\/\/triplex.com.bo\/index.php\/wp-json\/wp\/v2\/media\/11429"}],"wp:attachment":[{"href":"https:\/\/triplex.com.bo\/index.php\/wp-json\/wp\/v2\/media?parent=10754"}],"wp:term":[{"taxonomy":"pwb-brand","embeddable":true,"href":"https:\/\/triplex.com.bo\/index.php\/wp-json\/wp\/v2\/pwb-brand?post=10754"},{"taxonomy":"product_brand","embeddable":true,"href":"https:\/\/triplex.com.bo\/index.php\/wp-json\/wp\/v2\/product_brand?post=10754"},{"taxonomy":"product_cat","embeddable":true,"href":"https:\/\/triplex.com.bo\/index.php\/wp-json\/wp\/v2\/product_cat?post=10754"},{"taxonomy":"product_tag","embeddable":true,"href":"https:\/\/triplex.com.bo\/index.php\/wp-json\/wp\/v2\/product_tag?post=10754"}],"curies":[{"name":"wp","href":"https:\/\/api.w.org\/{rel}","templated":true}]}}