{"id":10753,"date":"2022-12-16T12:22:40","date_gmt":"2022-12-16T12:22:40","guid":{"rendered":"https:\/\/triplex.com.bo\/index.php\/product\/sarten-18cm-color-champag-os-20048-3\/"},"modified":"2024-08-09T11:49:19","modified_gmt":"2024-08-09T15:49:19","slug":"sarten-18cm-color-champag-os-20048-3","status":"publish","type":"product","link":"https:\/\/triplex.com.bo\/index.php\/product\/sarten-18cm-color-champag-os-20048-3\/","title":{"rendered":"SART\u00c9N 18CM COLOR CHAMPAG OS-20048-3"},"content":{"rendered":"<p>Las l\u00edneas de sartenes de Oster son fabricadas con la mejor tecnolog\u00eda. Cuenta con un cuerpo de aluminio de 2.5 mm de espesor ofrece mayor durabilidad y una \u00f3ptima distribuci\u00f3n del calor. El material exterior es resistente al calor y a los rayones. Adem\u00e1s posee mangos o agarraderas de baquelita que brindan una protecci\u00f3n superior contra el calor. Su dise\u00f1o ergon\u00f3mico permite un manejo seguro al cocinar. Interior anti-adherente de doble capa brinda una protecci\u00f3n inigualable contra los rayones. Tiene base Espiral<\/p>\n","protected":false},"excerpt":{"rendered":"<p>SART\u00c9N 18CM COLOR CHAMPAG OS-20048-3<\/p>\n","protected":false},"featured_media":11583,"comment_status":"open","ping_status":"closed","template":"","meta":{"_acf_changed":false},"pwb-brand":[235],"product_brand":[],"product_cat":[204],"product_tag":[],"class_list":{"0":"post-10753","1":"product","2":"type-product","3":"status-publish","4":"has-post-thumbnail","6":"pwb-brand-oster","7":"product_cat-ollas-y-sartenes","9":"first","10":"instock","11":"shipping-taxable","12":"purchasable","13":"product-type-simple"},"acf":[],"brands":[{"id":235,"name":"OSTER","slug":"oster"}],"_links":{"self":[{"href":"https:\/\/triplex.com.bo\/index.php\/wp-json\/wp\/v2\/product\/10753","targetHints":{"allow":["GET"]}}],"collection":[{"href":"https:\/\/triplex.com.bo\/index.php\/wp-json\/wp\/v2\/product"}],"about":[{"href":"https:\/\/triplex.com.bo\/index.php\/wp-json\/wp\/v2\/types\/product"}],"replies":[{"embeddable":true,"href":"https:\/\/triplex.com.bo\/index.php\/wp-json\/wp\/v2\/comments?post=10753"}],"wp:featuredmedia":[{"embeddable":true,"href":"https:\/\/triplex.com.bo\/index.php\/wp-json\/wp\/v2\/media\/11583"}],"wp:attachment":[{"href":"https:\/\/triplex.com.bo\/index.php\/wp-json\/wp\/v2\/media?parent=10753"}],"wp:term":[{"taxonomy":"pwb-brand","embeddable":true,"href":"https:\/\/triplex.com.bo\/index.php\/wp-json\/wp\/v2\/pwb-brand?post=10753"},{"taxonomy":"product_brand","embeddable":true,"href":"https:\/\/triplex.com.bo\/index.php\/wp-json\/wp\/v2\/product_brand?post=10753"},{"taxonomy":"product_cat","embeddable":true,"href":"https:\/\/triplex.com.bo\/index.php\/wp-json\/wp\/v2\/product_cat?post=10753"},{"taxonomy":"product_tag","embeddable":true,"href":"https:\/\/triplex.com.bo\/index.php\/wp-json\/wp\/v2\/product_tag?post=10753"}],"curies":[{"name":"wp","href":"https:\/\/api.w.org\/{rel}","templated":true}]}}