{"id":10731,"date":"2022-12-16T12:21:43","date_gmt":"2022-12-16T12:21:43","guid":{"rendered":"https:\/\/triplex.com.bo\/index.php\/product\/set-de-ollas-rojo-4-piezas-alum-os-16717\/"},"modified":"2023-09-01T00:01:15","modified_gmt":"2023-09-01T00:01:15","slug":"set-de-ollas-rojo-4-piezas-alum-os-16717","status":"publish","type":"product","link":"https:\/\/triplex.com.bo\/index.php\/product\/set-de-ollas-rojo-4-piezas-alum-os-16717\/","title":{"rendered":"SET DE OLLAS ROJO 4 PIEZAS ALUM. OS-16717"},"content":{"rendered":"<p>Acero Inoxidable de alta calidad pulida y con dise\u00f1o combinado en color rojo. Construcci\u00f3n encapsulada que garantiza una excelente transmisi\u00f3n del calor. Tapas de vidrio templado con salidas de vapor que permite monitorear la comida sin levantar la tapa. Interior natural para ofrecer una superficie m\u00e1s eficiente para fre\u00edr. Mangos con revestimiento de silicona de dise\u00f1o ergon\u00f3mico que ofrece un manejo c\u00f3modo y seguro.<br \/>\nPiezas:<br \/>\nCacerola de 14 x 6.5 cm con tapa<br \/>\nCacerola de 18 x 8.5 cm con tapa<br \/>\nOlla de 22 x 10 cm con tapa<br \/>\nSart\u00e9n de 22 cm<\/p>\n","protected":false},"excerpt":{"rendered":"<p>JUEGO OLLAS ROJO 4 PIEZAS ALUM. OS-16717<\/p>\n","protected":false},"featured_media":11554,"comment_status":"open","ping_status":"closed","template":"","meta":{"_acf_changed":false},"pwb-brand":[235],"product_brand":[],"product_cat":[204],"product_tag":[],"class_list":{"0":"post-10731","1":"product","2":"type-product","3":"status-publish","4":"has-post-thumbnail","6":"pwb-brand-oster","7":"product_cat-ollas-y-sartenes","9":"first","10":"instock","11":"shipping-taxable","12":"purchasable","13":"product-type-simple"},"acf":[],"brands":[{"id":235,"name":"OSTER","slug":"oster"}],"_links":{"self":[{"href":"https:\/\/triplex.com.bo\/index.php\/wp-json\/wp\/v2\/product\/10731","targetHints":{"allow":["GET"]}}],"collection":[{"href":"https:\/\/triplex.com.bo\/index.php\/wp-json\/wp\/v2\/product"}],"about":[{"href":"https:\/\/triplex.com.bo\/index.php\/wp-json\/wp\/v2\/types\/product"}],"replies":[{"embeddable":true,"href":"https:\/\/triplex.com.bo\/index.php\/wp-json\/wp\/v2\/comments?post=10731"}],"wp:featuredmedia":[{"embeddable":true,"href":"https:\/\/triplex.com.bo\/index.php\/wp-json\/wp\/v2\/media\/11554"}],"wp:attachment":[{"href":"https:\/\/triplex.com.bo\/index.php\/wp-json\/wp\/v2\/media?parent=10731"}],"wp:term":[{"taxonomy":"pwb-brand","embeddable":true,"href":"https:\/\/triplex.com.bo\/index.php\/wp-json\/wp\/v2\/pwb-brand?post=10731"},{"taxonomy":"product_brand","embeddable":true,"href":"https:\/\/triplex.com.bo\/index.php\/wp-json\/wp\/v2\/product_brand?post=10731"},{"taxonomy":"product_cat","embeddable":true,"href":"https:\/\/triplex.com.bo\/index.php\/wp-json\/wp\/v2\/product_cat?post=10731"},{"taxonomy":"product_tag","embeddable":true,"href":"https:\/\/triplex.com.bo\/index.php\/wp-json\/wp\/v2\/product_tag?post=10731"}],"curies":[{"name":"wp","href":"https:\/\/api.w.org\/{rel}","templated":true}]}}