{"id":10725,"date":"2022-12-16T12:21:29","date_gmt":"2022-12-16T12:21:29","guid":{"rendered":"https:\/\/triplex.com.bo\/index.php\/product\/calefon-a-gas-16-ltrs-min-electrolux\/"},"modified":"2024-06-04T16:33:51","modified_gmt":"2024-06-04T20:33:51","slug":"calefon-a-gas-16-ltrs-min-electrolux","status":"publish","type":"product","link":"https:\/\/triplex.com.bo\/index.php\/product\/calefon-a-gas-16-ltrs-min-electrolux\/","title":{"rendered":"CALEFON A GAS &#8211; 16 LTRS\/MIN ELECTROLUX"},"content":{"rendered":"<p>Potencia nominal 16 Presi\u00f3n del agua (MPa) 0.03-0.8 Tipo de gas LPG \/ NG Presi\u00f3n de gas (Pa) 2800 \/ 2000 Ignici\u00f3n de pulso autom\u00e1tica consecutiva Tubo de escape Control de potencia Control de temperatura del agua Prevenci\u00f3n de cable tierra Prevenci\u00f3n de calentamiento seco Prevenci\u00f3n de sobre presi\u00f3n Battery ignition<\/p>\n","protected":false},"excerpt":{"rendered":"<p>CALEFON A GAS &#8211; 16 LTRS\/MIN ELECTROLUX<\/p>\n","protected":false},"featured_media":11528,"comment_status":"open","ping_status":"closed","template":"","meta":{"_acf_changed":false},"pwb-brand":[207],"product_brand":[],"product_cat":[184,145],"product_tag":[],"class_list":{"0":"post-10725","1":"product","2":"type-product","3":"status-publish","4":"has-post-thumbnail","6":"pwb-brand-electrolux","7":"product_cat-calefones","8":"product_cat-calefones-termotanques","10":"first","11":"outofstock","12":"shipping-taxable","13":"purchasable","14":"product-type-simple"},"acf":[],"brands":[{"id":207,"name":"Electrolux","slug":"electrolux"}],"_links":{"self":[{"href":"https:\/\/triplex.com.bo\/index.php\/wp-json\/wp\/v2\/product\/10725","targetHints":{"allow":["GET"]}}],"collection":[{"href":"https:\/\/triplex.com.bo\/index.php\/wp-json\/wp\/v2\/product"}],"about":[{"href":"https:\/\/triplex.com.bo\/index.php\/wp-json\/wp\/v2\/types\/product"}],"replies":[{"embeddable":true,"href":"https:\/\/triplex.com.bo\/index.php\/wp-json\/wp\/v2\/comments?post=10725"}],"wp:featuredmedia":[{"embeddable":true,"href":"https:\/\/triplex.com.bo\/index.php\/wp-json\/wp\/v2\/media\/11528"}],"wp:attachment":[{"href":"https:\/\/triplex.com.bo\/index.php\/wp-json\/wp\/v2\/media?parent=10725"}],"wp:term":[{"taxonomy":"pwb-brand","embeddable":true,"href":"https:\/\/triplex.com.bo\/index.php\/wp-json\/wp\/v2\/pwb-brand?post=10725"},{"taxonomy":"product_brand","embeddable":true,"href":"https:\/\/triplex.com.bo\/index.php\/wp-json\/wp\/v2\/product_brand?post=10725"},{"taxonomy":"product_cat","embeddable":true,"href":"https:\/\/triplex.com.bo\/index.php\/wp-json\/wp\/v2\/product_cat?post=10725"},{"taxonomy":"product_tag","embeddable":true,"href":"https:\/\/triplex.com.bo\/index.php\/wp-json\/wp\/v2\/product_tag?post=10725"}],"curies":[{"name":"wp","href":"https:\/\/api.w.org\/{rel}","templated":true}]}}