{"id":10648,"date":"2022-12-16T12:13:04","date_gmt":"2022-12-16T12:13:04","guid":{"rendered":"https:\/\/triplex.com.bo\/index.php\/product\/freidora-de-aire-4l-oster-perilla\/"},"modified":"2026-03-04T20:40:10","modified_gmt":"2026-03-05T00:40:10","slug":"freidora-de-aire-4l-oster-perilla","status":"publish","type":"product","link":"https:\/\/triplex.com.bo\/index.php\/product\/freidora-de-aire-4l-oster-perilla\/","title":{"rendered":"FREIDORA DE AIRE 4 LTS OSTER-PERILLA"},"content":{"rendered":"<p>La nueva freidora de aire compacta manual ofrece una variedad de diferentes beneficios, empezando con su bandeja de cocci\u00f3n de 4 litros, que te permite cocinar recetas diversas para toda la familia. La freidora incluye una perilla de control de temperatura y un temporizador ajustable de hasta 60 minutos, para cocinar pollos, carnes, vegetales, pescado y hasta postres a tu gusto. Su recubrimiento natural de cer\u00e1mica Bioceramic\u2122 es bien f\u00e1cil de limpiar y 4 veces m\u00e1s duradero, para que cada uno se sienta como el primero.<\/p>\n<p>Cocina hasta con 99.5% menos aceite, comparado con freidoras tradicionales Oster\u00ae<br \/>\nBandeja de cocci\u00f3n con capacidad de 4 litros<br \/>\nControl de temporizador ajustable de hasta 60 minutos<br \/>\nPerilla de temperatura ajustable de hasta 200\u00baC<br \/>\nMango fr\u00edo al tacto<br \/>\nBandeja interior extra\u00edble con recubrimiento Bioceramic\u2122 100% natural<br \/>\nFunci\u00f3n de apagado autom\u00e1tico al retirar la bandeja de cocci\u00f3n<br \/>\nPerfecta para preparar desde pollos y carnes, hasta vegetales, pescado y postres<br \/>\nVoltaje: 120V y 220V<br \/>\nRecomendaci\u00f3n Antes de usar por primera vez la freidora de aire con recubrimiento Bioceramic\u2122 o antiadherente, cubre la superficie de la cesta con aceite vegetal. Coloca la cesta en su lugar. Prende la freidora a la m\u00e1xima potencia por 5-10 minutos. Luego apaga y deja enfriar completamente. Finalmente, con un pa\u00f1o suave lava la cesta con agua caliente y seca. Ahora tu freidora de aire ya est\u00e1 curada y lista para usar.<\/p>\n","protected":false},"excerpt":{"rendered":"<p>FREIDORA DE AIRE 4L OSTER-PERILLA<\/p>\n","protected":false},"featured_media":10647,"comment_status":"open","ping_status":"closed","template":"","meta":{"_acf_changed":false},"pwb-brand":[235],"product_brand":[],"product_cat":[157,166,209],"product_tag":[],"class_list":{"0":"post-10648","1":"product","2":"type-product","3":"status-publish","4":"has-post-thumbnail","6":"pwb-brand-oster","7":"product_cat-electromenor","8":"product_cat-freidoras","9":"product_cat-ofertas-especiales","11":"first","12":"instock","13":"sale","14":"shipping-taxable","15":"purchasable","16":"product-type-simple"},"acf":[],"brands":[{"id":235,"name":"OSTER","slug":"oster"}],"_links":{"self":[{"href":"https:\/\/triplex.com.bo\/index.php\/wp-json\/wp\/v2\/product\/10648","targetHints":{"allow":["GET"]}}],"collection":[{"href":"https:\/\/triplex.com.bo\/index.php\/wp-json\/wp\/v2\/product"}],"about":[{"href":"https:\/\/triplex.com.bo\/index.php\/wp-json\/wp\/v2\/types\/product"}],"replies":[{"embeddable":true,"href":"https:\/\/triplex.com.bo\/index.php\/wp-json\/wp\/v2\/comments?post=10648"}],"wp:featuredmedia":[{"embeddable":true,"href":"https:\/\/triplex.com.bo\/index.php\/wp-json\/wp\/v2\/media\/10647"}],"wp:attachment":[{"href":"https:\/\/triplex.com.bo\/index.php\/wp-json\/wp\/v2\/media?parent=10648"}],"wp:term":[{"taxonomy":"pwb-brand","embeddable":true,"href":"https:\/\/triplex.com.bo\/index.php\/wp-json\/wp\/v2\/pwb-brand?post=10648"},{"taxonomy":"product_brand","embeddable":true,"href":"https:\/\/triplex.com.bo\/index.php\/wp-json\/wp\/v2\/product_brand?post=10648"},{"taxonomy":"product_cat","embeddable":true,"href":"https:\/\/triplex.com.bo\/index.php\/wp-json\/wp\/v2\/product_cat?post=10648"},{"taxonomy":"product_tag","embeddable":true,"href":"https:\/\/triplex.com.bo\/index.php\/wp-json\/wp\/v2\/product_tag?post=10648"}],"curies":[{"name":"wp","href":"https:\/\/api.w.org\/{rel}","templated":true}]}}