{"id":10638,"date":"2022-12-16T12:10:13","date_gmt":"2022-12-16T12:10:13","guid":{"rendered":"https:\/\/triplex.com.bo\/index.php\/product\/secadora-electrica-electrolux-8kgrs\/"},"modified":"2025-01-20T15:59:13","modified_gmt":"2025-01-20T19:59:13","slug":"secadora-electrica-electrolux-8kgrs","status":"publish","type":"product","link":"https:\/\/triplex.com.bo\/index.php\/product\/secadora-electrica-electrolux-8kgrs\/","title":{"rendered":"SECADORA ELECTRICA ELECTROLUX 8KGRS"},"content":{"rendered":"<ul>\n<li>Capacidad: 8kg<\/li>\n<li>14 programas.<\/li>\n<li>Tambor de acero inoxidable.<\/li>\n<li>Consumo De Energ\u00eda (KWh\/Ciclo): 4,48.<\/li>\n<li>Panel de control: pantalla LCD t\u00e1ctil.<\/li>\n<li>Tecnolog\u00eda Inverter: mucho m\u00e1s eficiencia energ\u00e9tica, con mejores resultados en el secado.<\/li>\n<li>Sistema de bomba de calor: el calor no se disipa, se genera a partir de un compresor.<\/li>\n<li>Temperatura exacta, sin variaciones para un secado uniforme.<\/li>\n<li>Programa para secar lana.<\/li>\n<li>Motor: Eco Inverter<\/li>\n<\/ul>\n","protected":false},"excerpt":{"rendered":"<p>SECADORA ELECTRICA ELECTROLUX 8KGRS<\/p>\n","protected":false},"featured_media":10637,"comment_status":"open","ping_status":"closed","template":"","meta":{"_acf_changed":false},"pwb-brand":[207],"product_brand":[],"product_cat":[189,192],"product_tag":[],"class_list":{"0":"post-10638","1":"product","2":"type-product","3":"status-publish","4":"has-post-thumbnail","6":"pwb-brand-electrolux","7":"product_cat-lavadoras-y-secadores","8":"product_cat-lavanderia-secadoras","10":"first","11":"outofstock","12":"shipping-taxable","13":"purchasable","14":"product-type-simple"},"acf":[],"brands":[{"id":207,"name":"Electrolux","slug":"electrolux"}],"_links":{"self":[{"href":"https:\/\/triplex.com.bo\/index.php\/wp-json\/wp\/v2\/product\/10638","targetHints":{"allow":["GET"]}}],"collection":[{"href":"https:\/\/triplex.com.bo\/index.php\/wp-json\/wp\/v2\/product"}],"about":[{"href":"https:\/\/triplex.com.bo\/index.php\/wp-json\/wp\/v2\/types\/product"}],"replies":[{"embeddable":true,"href":"https:\/\/triplex.com.bo\/index.php\/wp-json\/wp\/v2\/comments?post=10638"}],"wp:featuredmedia":[{"embeddable":true,"href":"https:\/\/triplex.com.bo\/index.php\/wp-json\/wp\/v2\/media\/10637"}],"wp:attachment":[{"href":"https:\/\/triplex.com.bo\/index.php\/wp-json\/wp\/v2\/media?parent=10638"}],"wp:term":[{"taxonomy":"pwb-brand","embeddable":true,"href":"https:\/\/triplex.com.bo\/index.php\/wp-json\/wp\/v2\/pwb-brand?post=10638"},{"taxonomy":"product_brand","embeddable":true,"href":"https:\/\/triplex.com.bo\/index.php\/wp-json\/wp\/v2\/product_brand?post=10638"},{"taxonomy":"product_cat","embeddable":true,"href":"https:\/\/triplex.com.bo\/index.php\/wp-json\/wp\/v2\/product_cat?post=10638"},{"taxonomy":"product_tag","embeddable":true,"href":"https:\/\/triplex.com.bo\/index.php\/wp-json\/wp\/v2\/product_tag?post=10638"}],"curies":[{"name":"wp","href":"https:\/\/api.w.org\/{rel}","templated":true}]}}