{"id":10623,"date":"2022-12-16T11:55:30","date_gmt":"2022-12-16T11:55:30","guid":{"rendered":"https:\/\/triplex.com.bo\/index.php\/product\/plancha-a-vapor-electrolux-3\/"},"modified":"2025-05-28T11:55:53","modified_gmt":"2025-05-28T15:55:53","slug":"plancha-a-vapor-electrolux-3","status":"publish","type":"product","link":"https:\/\/triplex.com.bo\/index.php\/product\/plancha-a-vapor-electrolux-3\/","title":{"rendered":"PLANCHA A VAPOR CELESTE ELECTROLUX"},"content":{"rendered":"<p>Descripci\u00f3n del Producto<br \/>\nPlancha de ropa a vapor base cer\u00e1mica 1500W SIV12 Electrolux:<\/p>\n<p>Deja tu ropa bien planchada y cu\u00eddala sin preocuparte. La Plancha a Vapor Steam Line SIV12 es un producto Electrolux desarrollado para hacer tu d\u00eda a d\u00eda m\u00e1s pr\u00e1ctico.<\/p>\n<p>El soporte de silicona ofrece una protecci\u00f3n extra para la base de tu plancha, evitando ara\u00f1azos en la base Perfect Glide, que permite apoyar la plancha incluso caliente. Elimina las arrugas de las camisas directamente en el gancho con la salida de Vapor Vertical y deja tu ropa perfecta en pocos segundos.<br \/>\nPara proporcionar mayor seguridad a la hora de planchar, la Plancha a Vapor Electrolux Steam Line SIV12 cuenta con un indicador que muestra cuando su base est\u00e1 caliente, indicando la hora correcta de usarla o si est\u00e1 a la temperatura ideal para ser guardada.<\/p>\n<p>El Sistema Antigoteo evita la salpicadura de agua en el momento de planchar y evita manchas en la ropa.<\/p>\n<p>Ventajas:<\/p>\n<p>Indicador de base caliente:<br \/>\nCambia de color indicando cu\u00e1ndo la base todav\u00eda est\u00e1 caliente y garantiza tu seguridad y de qui\u00e9n est\u00e1 a tu alrededor.<\/p>\n<p>Exclusivo Soporte de silicona:<br \/>\nProtecci\u00f3n adicional para la base de su plancha. Evita riesgos en su base al permitir apoyarlo incluso caliente, mientras est\u00e1 encendida.<\/p>\n<p>Sistema Antigoteo:<br \/>\nEvita el goteo de agua por la base, manteniendo tus camisas siempre lindas y sin salpicaduras.<\/p>\n<p>Exclusiva base Perfect Glide con 64 salidas de vapor:<br \/>\nConfeccionada en cer\u00e1mica, garantiza mayor cantidad de vapor y mejor deslizamiento, teniendo un resultado perfecto.<\/p>\n<p>Vapor Vertical:<br \/>\nPlancha directamente en la percha.<\/p>\n<p>Vapor Extra:<br \/>\nElimina las arrugas m\u00e1s dif\u00edciles.<\/p>\n<p>Spray:<br \/>\nquita las arrugas y pliegues mucho m\u00e1s f\u00e1cil con su spray.<\/p>\n<p>Dep\u00f3sito transparente con 280ml:<br \/>\nProporciona m\u00e1s autonom\u00eda a la hora de planchar la ropa.<\/p>\n<p>Soporte trasero y agarre de goma:<br \/>\nOfrece m\u00e1s seguridad y comodidad durante el uso.<\/p>\n<p>Sistema de Auto limpieza:<br \/>\nA trav\u00e9s de los agujeros de vapor, se elimina toda el agua del dep\u00f3sito, promoviendo una limpieza completa de todo el sistema.<\/p>\n<p>Sistema Anti calc\u00e1reo:<br \/>\nProlonga la vida \u00fatil del hierro y evita la obstrucci\u00f3n de las salidas de vapor.<\/p>\n<p>Cable el\u00e9ctrico 360\u00b0:<br \/>\nPasa tu ropa con m\u00e1s libertad de movimiento y seguridad.<\/p>\n<p>Punta m\u00e1s fina y borde guarda botones:<br \/>\nPrecisi\u00f3n en el acabado de las prendas, adem\u00e1s de facilitar a la hora de pasar entre los botones de camisas.<\/p>\n<p>Luz piloto:<br \/>\nIndicador para saber el momento exacto de planchar.<\/p>\n<p>Funciona como plancha en seco o vapor:<br \/>\nVers\u00e1til y completo para tu d\u00eda a d\u00eda.<\/p>\n<p>Selector de temperatura:<br \/>\nElije la temperatura ideal para planchar tu ropa.<\/p>\n<p>Especificaciones T\u00e9cnicas:<\/p>\n<p>Frecuencia: 60Hz<br \/>\nVoltaje: 127V<br \/>\nmodos vapor: 2<br \/>\nLuz encendido: si<br \/>\nbase suela: cer\u00e1mica anti adherente<br \/>\npotencia: 1500W<br \/>\ncapacidad tanque: 280ML<br \/>\nspary: si<br \/>\npeso total: 1,16 Kg<br \/>\nalto: 30 cm<br \/>\nancho:12,5 cm<br \/>\nprofundo: 14,1 cm<br \/>\ngarant\u00eda: 12 meses<\/p>\n","protected":false},"excerpt":{"rendered":"<p>Plancha a vapor Electrolux<\/p>\n","protected":false},"featured_media":10622,"comment_status":"open","ping_status":"closed","template":"","meta":{"_acf_changed":false},"pwb-brand":[207],"product_brand":[],"product_cat":[157,168],"product_tag":[],"class_list":{"0":"post-10623","1":"product","2":"type-product","3":"status-publish","4":"has-post-thumbnail","6":"pwb-brand-electrolux","7":"product_cat-electromenor","8":"product_cat-electromenor-planchas-ropa","10":"first","11":"outofstock","12":"shipping-taxable","13":"purchasable","14":"product-type-simple"},"acf":[],"brands":[{"id":207,"name":"Electrolux","slug":"electrolux"}],"_links":{"self":[{"href":"https:\/\/triplex.com.bo\/index.php\/wp-json\/wp\/v2\/product\/10623","targetHints":{"allow":["GET"]}}],"collection":[{"href":"https:\/\/triplex.com.bo\/index.php\/wp-json\/wp\/v2\/product"}],"about":[{"href":"https:\/\/triplex.com.bo\/index.php\/wp-json\/wp\/v2\/types\/product"}],"replies":[{"embeddable":true,"href":"https:\/\/triplex.com.bo\/index.php\/wp-json\/wp\/v2\/comments?post=10623"}],"wp:featuredmedia":[{"embeddable":true,"href":"https:\/\/triplex.com.bo\/index.php\/wp-json\/wp\/v2\/media\/10622"}],"wp:attachment":[{"href":"https:\/\/triplex.com.bo\/index.php\/wp-json\/wp\/v2\/media?parent=10623"}],"wp:term":[{"taxonomy":"pwb-brand","embeddable":true,"href":"https:\/\/triplex.com.bo\/index.php\/wp-json\/wp\/v2\/pwb-brand?post=10623"},{"taxonomy":"product_brand","embeddable":true,"href":"https:\/\/triplex.com.bo\/index.php\/wp-json\/wp\/v2\/product_brand?post=10623"},{"taxonomy":"product_cat","embeddable":true,"href":"https:\/\/triplex.com.bo\/index.php\/wp-json\/wp\/v2\/product_cat?post=10623"},{"taxonomy":"product_tag","embeddable":true,"href":"https:\/\/triplex.com.bo\/index.php\/wp-json\/wp\/v2\/product_tag?post=10623"}],"curies":[{"name":"wp","href":"https:\/\/api.w.org\/{rel}","templated":true}]}}