{"id":10621,"date":"2022-12-16T11:55:26","date_gmt":"2022-12-16T11:55:26","guid":{"rendered":"https:\/\/triplex.com.bo\/index.php\/product\/plancha-a-vapor-electrolux-2\/"},"modified":"2025-09-12T09:30:16","modified_gmt":"2025-09-12T13:30:16","slug":"plancha-a-vapor-electrolux-2","status":"publish","type":"product","link":"https:\/\/triplex.com.bo\/index.php\/product\/plancha-a-vapor-electrolux-2\/","title":{"rendered":"PLANCHA A VAPOR ELECTROLUX VERDE"},"content":{"rendered":"<p>Descripci\u00f3n del Producto<br \/>\n\u00a1Tus ropas bien, t\u00fa tambi\u00e9n! Planchar ropas ser\u00e1 m\u00e1s f\u00e1cil y pr\u00e1ctico con la SIE70.<br \/>\nTus camisetas y camisas sociales van a quedar lisas, sin ninguna arruga o vinco, dej\u00e1ndolas m\u00e1s presentables para cualquier ocasi\u00f3n de lo cotidiano.<br \/>\nLa exclusiva base SoftGlideTM Cer\u00e1mica ayuda en el planchado a ambos lados para que tu ropa favorita est\u00e9 siempre impecable.<\/p>\n<p>Sistema anti-goteo: Evita gotas y manchas en tus ropas, incluso en baja temperatura.<\/p>\n<p>Base de Cer\u00e1mica SoftGlide\u2122: El deslizamiento superior y la distribuci\u00f3n de vapor garantizan un resultado perfecto en tus ropas.<\/p>\n<p>Vapor vertical: Elimina las arrugas m\u00e1s dif\u00edciles de tus prendas de vestir, directamente en las perchas.<\/p>\n<p>Alta capacidad: Dep\u00f3sito con capacidad de 250ml, transparente, ofreciendo mayor autonom\u00eda.<\/p>\n<p>Cable inteligente: Con encaje perfecto, proporciona mayor durabilidad y practicidad a la hora de guardar la plancha.<\/p>\n<p>Borde salva-botones:Adem\u00e1s de garantizar la precisi\u00f3n del acabo de la ropa, es ideal para pasar entre los botones de camisas<\/p>\n<p>Auto limpieza: \u00abRemueve impurezas en las salidas de vapor, garantizando un excelente rendimiento\u00bb<\/p>\n","protected":false},"excerpt":{"rendered":"<p>Plancha a vapor Electrolux<\/p>\n","protected":false},"featured_media":10620,"comment_status":"open","ping_status":"closed","template":"","meta":{"_acf_changed":false},"pwb-brand":[207],"product_brand":[],"product_cat":[157,168],"product_tag":[],"class_list":{"0":"post-10621","1":"product","2":"type-product","3":"status-publish","4":"has-post-thumbnail","6":"pwb-brand-electrolux","7":"product_cat-electromenor","8":"product_cat-electromenor-planchas-ropa","10":"first","11":"outofstock","12":"shipping-taxable","13":"purchasable","14":"product-type-simple"},"acf":[],"brands":[{"id":207,"name":"Electrolux","slug":"electrolux"}],"_links":{"self":[{"href":"https:\/\/triplex.com.bo\/index.php\/wp-json\/wp\/v2\/product\/10621","targetHints":{"allow":["GET"]}}],"collection":[{"href":"https:\/\/triplex.com.bo\/index.php\/wp-json\/wp\/v2\/product"}],"about":[{"href":"https:\/\/triplex.com.bo\/index.php\/wp-json\/wp\/v2\/types\/product"}],"replies":[{"embeddable":true,"href":"https:\/\/triplex.com.bo\/index.php\/wp-json\/wp\/v2\/comments?post=10621"}],"wp:featuredmedia":[{"embeddable":true,"href":"https:\/\/triplex.com.bo\/index.php\/wp-json\/wp\/v2\/media\/10620"}],"wp:attachment":[{"href":"https:\/\/triplex.com.bo\/index.php\/wp-json\/wp\/v2\/media?parent=10621"}],"wp:term":[{"taxonomy":"pwb-brand","embeddable":true,"href":"https:\/\/triplex.com.bo\/index.php\/wp-json\/wp\/v2\/pwb-brand?post=10621"},{"taxonomy":"product_brand","embeddable":true,"href":"https:\/\/triplex.com.bo\/index.php\/wp-json\/wp\/v2\/product_brand?post=10621"},{"taxonomy":"product_cat","embeddable":true,"href":"https:\/\/triplex.com.bo\/index.php\/wp-json\/wp\/v2\/product_cat?post=10621"},{"taxonomy":"product_tag","embeddable":true,"href":"https:\/\/triplex.com.bo\/index.php\/wp-json\/wp\/v2\/product_tag?post=10621"}],"curies":[{"name":"wp","href":"https:\/\/api.w.org\/{rel}","templated":true}]}}