{"id":10619,"date":"2022-12-16T11:55:20","date_gmt":"2022-12-16T11:55:20","guid":{"rendered":"https:\/\/triplex.com.bo\/index.php\/product\/plancha-a-vapor-electrolux\/"},"modified":"2025-10-20T21:57:10","modified_gmt":"2025-10-21T01:57:10","slug":"plancha-a-vapor-electrolux","status":"publish","type":"product","link":"https:\/\/triplex.com.bo\/index.php\/product\/plancha-a-vapor-electrolux\/","title":{"rendered":"PLANCHA A VAPOR ELECTROLUX PLOMA"},"content":{"rendered":"<p>Descripci\u00f3n del Producto<br \/>\nPlancha a vapor y seco Electrolux Efficient ESI10<\/p>\n<p>Plancha a vapor y seco Electrolux Efficient ESI10<br \/>\nTu ropa te acompa\u00f1a la mayor parte del tiempo y dice mucho sobre tu personalidad y estilo de vida. Dale un cuidado especial a tu ropa con la plancha de vapor y seco ESI10 Electrolux.<br \/>\nLa Plancha Electrolux Efficient ESI10 tiene una Base Antiadherente, que permite que la plancha se deslice suavemente y de forma f\u00e1cil sobre el tejido, entregando un mejor resultado y reduciendo el esfuerzo a la hora de pasar. Cuenta con 23 salidas reales de vapor.<br \/>\nLa plancha ESI10 cuenta con la Funci\u00f3n Vapor Vertical que permite planchar la ropa directamente en el gancho, es f\u00e1cil de usar y vers\u00e1til, ideal para tu d\u00eda a d\u00eda. Reduce el tiempo dedicado a la tarea de planchar y reduce la cantidad de arrugas y pliegues, incluso esas m\u00e1s dif\u00edciles de quitar, cuenta con las Funciones de Vapor Extra y Spray.<br \/>\nCon el fin de evitar salpicaduras de agua que puedan dificultar el proceso de cuidado de sus piezas, la Plancha Electrolux Efficient ESI10 cuenta con tapa en el tanque de agua transparente con 200 ml de capacidad, ofrece una mejor visualizaci\u00f3n de su interior y te permite el abastecimiento en el momento ideal.<br \/>\nAdem\u00e1s, para mayor versatilidad puedes utilizar esta plancha de vapor en una de las dos opciones de intensidad de vapor o en modo seco, para almidonar tu ropa y as\u00ed asegurarse de que est\u00e9 bien cuidada y presentable. La luz piloto te ayuda a visualizar la hora correcta de pasar las prendas.<\/p>\n<p>Caracter\u00edsticas<\/p>\n<p>Base Antiadherente: Se desliza suave y f\u00e1cilmente sobre el tejido, garantizando un resultado perfecto.<br \/>\nVapor vertical: \u00a1Practicidad y versatilidad para el d\u00eda a d\u00eda! Tecnolog\u00eda que permite fuertes salidas de vapor en posici\u00f3n vertical para desatar la ropa directamente en la percha<br \/>\nVapor extra: Para eliminar incluso las arrugas m\u00e1s dif\u00edciles.<br \/>\nSpray: Elimina las arrugas y pliegues f\u00e1cilmente, optimizando el tiempo.<br \/>\nDep\u00f3sito de agua Transparente con 200ml con Tapa: Observa el nivel de agua en tiempo real y gana m\u00e1s autonom\u00eda y practicidad al planchar tus ropas. Para una mayor seguridad, evitando el derrame y salpicaduras de agua.<br \/>\nFuncionamiento Seco o Vapor: Tienes el control total a la hora de pasar. Puedes elegir entre 2 niveles de vapor o utilizar el modo seco para planchar tu ropa.<br \/>\nLuz piloto: Conoce cu\u00e1l es el momento m\u00e1s apropiado para pasar tu ropa gracias a la luz indicativa.<br \/>\nCable el\u00e9ctrico 360\u00ba: M\u00e1s libertad de movimiento a la hora de planchar la ropa.<br \/>\nBorde Salva Botones: Garantizan mayor precisi\u00f3n en el acabado de las prendas, incluso de las \u00e1reas alrededor de los botones de las camisas.<\/p>\n","protected":false},"excerpt":{"rendered":"<p>Plancha a vapor Electrolux<\/p>\n","protected":false},"featured_media":10618,"comment_status":"open","ping_status":"closed","template":"","meta":{"_acf_changed":false},"pwb-brand":[207],"product_brand":[],"product_cat":[157,168],"product_tag":[],"class_list":{"0":"post-10619","1":"product","2":"type-product","3":"status-publish","4":"has-post-thumbnail","6":"pwb-brand-electrolux","7":"product_cat-electromenor","8":"product_cat-electromenor-planchas-ropa","10":"first","11":"instock","12":"shipping-taxable","13":"purchasable","14":"product-type-simple"},"acf":[],"brands":[{"id":207,"name":"Electrolux","slug":"electrolux"}],"_links":{"self":[{"href":"https:\/\/triplex.com.bo\/index.php\/wp-json\/wp\/v2\/product\/10619","targetHints":{"allow":["GET"]}}],"collection":[{"href":"https:\/\/triplex.com.bo\/index.php\/wp-json\/wp\/v2\/product"}],"about":[{"href":"https:\/\/triplex.com.bo\/index.php\/wp-json\/wp\/v2\/types\/product"}],"replies":[{"embeddable":true,"href":"https:\/\/triplex.com.bo\/index.php\/wp-json\/wp\/v2\/comments?post=10619"}],"wp:featuredmedia":[{"embeddable":true,"href":"https:\/\/triplex.com.bo\/index.php\/wp-json\/wp\/v2\/media\/10618"}],"wp:attachment":[{"href":"https:\/\/triplex.com.bo\/index.php\/wp-json\/wp\/v2\/media?parent=10619"}],"wp:term":[{"taxonomy":"pwb-brand","embeddable":true,"href":"https:\/\/triplex.com.bo\/index.php\/wp-json\/wp\/v2\/pwb-brand?post=10619"},{"taxonomy":"product_brand","embeddable":true,"href":"https:\/\/triplex.com.bo\/index.php\/wp-json\/wp\/v2\/product_brand?post=10619"},{"taxonomy":"product_cat","embeddable":true,"href":"https:\/\/triplex.com.bo\/index.php\/wp-json\/wp\/v2\/product_cat?post=10619"},{"taxonomy":"product_tag","embeddable":true,"href":"https:\/\/triplex.com.bo\/index.php\/wp-json\/wp\/v2\/product_tag?post=10619"}],"curies":[{"name":"wp","href":"https:\/\/api.w.org\/{rel}","templated":true}]}}