{"id":10617,"date":"2022-12-16T11:55:15","date_gmt":"2022-12-16T11:55:15","guid":{"rendered":"https:\/\/triplex.com.bo\/index.php\/product\/tostadora-electrolux\/"},"modified":"2026-03-04T21:36:46","modified_gmt":"2026-03-05T01:36:46","slug":"tostadora-electrolux","status":"publish","type":"product","link":"https:\/\/triplex.com.bo\/index.php\/product\/tostadora-electrolux\/","title":{"rendered":"TOSTADORA ELECTROLUX"},"content":{"rendered":"<p>Descripci\u00f3n del Producto<br \/>\nPanes siempre crocantes y saborosos para su desayuno con la Tostadora El\u00e9ctrica Electrolux Efficient ETS10. El acabado con detalles en acero en Acero Inoxidable ofrece design y durabilidad en su cocina.<\/p>\n<p>Delicioso y a su manera con los 8 Niveles de Tostado, para panes deliciosos y a su manera. Descongele f\u00e1cilmente panes, waffles y mucho m\u00e1s, directamente del congelador con la Funci\u00f3n Descongelar y conveniente para calentar sin tostarlas, con la Funci\u00f3n Calentar. En caso de emergencia, interrumpa el funcionamiento de la tostadora en cualquier momento con la Funci\u00f3n Cancelar.<\/p>\n<p>El dise\u00f1o funcional facilita el uso de la tostadora, con funciones como el Recolector de Migas para facilitar la limpieza y las Aberturas Extra Anchas permite colocar diversos espesores de panes. El Bot\u00f3n Luminoso facilita la visualizaci\u00f3n del men\u00fa en uso &#8211; descongelar, calentar o cancelar.<\/p>\n","protected":false},"excerpt":{"rendered":"<p>Tostadora Electrolux<\/p>\n","protected":false},"featured_media":10616,"comment_status":"open","ping_status":"closed","template":"","meta":{"_acf_changed":false},"pwb-brand":[207],"product_brand":[],"product_cat":[157,209,171],"product_tag":[430],"class_list":{"0":"post-10617","1":"product","2":"type-product","3":"status-publish","4":"has-post-thumbnail","6":"pwb-brand-electrolux","7":"product_cat-electromenor","8":"product_cat-ofertas-especiales","9":"product_cat-electromenor-tostadoras","10":"product_tag-oferta","12":"first","13":"instock","14":"sale","15":"shipping-taxable","16":"purchasable","17":"product-type-simple"},"acf":[],"brands":[{"id":207,"name":"Electrolux","slug":"electrolux"}],"_links":{"self":[{"href":"https:\/\/triplex.com.bo\/index.php\/wp-json\/wp\/v2\/product\/10617","targetHints":{"allow":["GET"]}}],"collection":[{"href":"https:\/\/triplex.com.bo\/index.php\/wp-json\/wp\/v2\/product"}],"about":[{"href":"https:\/\/triplex.com.bo\/index.php\/wp-json\/wp\/v2\/types\/product"}],"replies":[{"embeddable":true,"href":"https:\/\/triplex.com.bo\/index.php\/wp-json\/wp\/v2\/comments?post=10617"}],"wp:featuredmedia":[{"embeddable":true,"href":"https:\/\/triplex.com.bo\/index.php\/wp-json\/wp\/v2\/media\/10616"}],"wp:attachment":[{"href":"https:\/\/triplex.com.bo\/index.php\/wp-json\/wp\/v2\/media?parent=10617"}],"wp:term":[{"taxonomy":"pwb-brand","embeddable":true,"href":"https:\/\/triplex.com.bo\/index.php\/wp-json\/wp\/v2\/pwb-brand?post=10617"},{"taxonomy":"product_brand","embeddable":true,"href":"https:\/\/triplex.com.bo\/index.php\/wp-json\/wp\/v2\/product_brand?post=10617"},{"taxonomy":"product_cat","embeddable":true,"href":"https:\/\/triplex.com.bo\/index.php\/wp-json\/wp\/v2\/product_cat?post=10617"},{"taxonomy":"product_tag","embeddable":true,"href":"https:\/\/triplex.com.bo\/index.php\/wp-json\/wp\/v2\/product_tag?post=10617"}],"curies":[{"name":"wp","href":"https:\/\/api.w.org\/{rel}","templated":true}]}}