{"id":10615,"date":"2022-12-16T11:55:05","date_gmt":"2022-12-16T11:55:05","guid":{"rendered":"https:\/\/triplex.com.bo\/index.php\/product\/cafetera-electrolux\/"},"modified":"2024-11-04T09:15:35","modified_gmt":"2024-11-04T13:15:35","slug":"cafetera-electrolux","status":"publish","type":"product","link":"https:\/\/triplex.com.bo\/index.php\/product\/cafetera-electrolux\/","title":{"rendered":"Cafetera   Electrolux"},"content":{"rendered":"<p>Descripci\u00f3n del Producto<br \/>\nCafetera Automatica Inoxidable 30 Tazas expresso ECM20 Electrolux<\/p>\n<p>Empieza el d\u00eda con modernidad y practicidad al preparar un delicioso caf\u00e9 con la Cafetera El\u00e9ctrica Electrolux Inoxidable 30 Tazas expresso Efficient ECM20. El acabado con detalles en acero inoxidable proporciona dise\u00f1o y calidad a tu cocina.<br \/>\nPrepara hasta 30 tazas de caf\u00e9 expresso con la compacta jarra de vidrio de 1,2 L con indicador de volumen transparente, ideal para servir a familiares y amigos.<br \/>\nEl Filtro Permanente Extra\u00edble y lavable reduce el uso de hasta 730 filtros de caf\u00e9 en un a\u00f1o\u00b9, trayendo econom\u00eda y sustentabilidad a tu desayuno.<br \/>\nConsiderando la preparaci\u00f3n del caf\u00e9 de forma convencional, dos veces al d\u00eda durante un per\u00edodo de un a\u00f1o.<br \/>\nLa Funci\u00f3n Mantener Caliente garantiza un caf\u00e9 caliente y delicioso incluso despu\u00e9s de que est\u00e9 listo. El Sistema Antigoteo permite interrumpir la preparaci\u00f3n para servir el caf\u00e9 en cualquier momento, sin gotear sobre la base. Mientras el Indicador de Nivel de agua permite visualizar f\u00e1cilmente el nivel de agua utilizado.<\/p>\n<p>Caracter\u00edsticas<\/p>\n<p>Acabado con detalles en Acero Inoxidable: la combinaci\u00f3n de modernidad y durabilidad en tu cocina.<br \/>\nGran Capacidad: Con 1.2L, prepara hasta 30 tazas de caf\u00e9 expresso .<br \/>\nFiltro Permanente Extra\u00edble: Sostenible, el uso del filtro de papel es opcional.<br \/>\nFunci\u00f3n Mantener Caliente: Para un caf\u00e9 caliente y delicioso incluso despu\u00e9s de que est\u00e9 listo.<br \/>\nSistema Antigoteo: Permite interrumpir la preparaci\u00f3n para servir el caf\u00e9 en cualquier momento, sin gotear sobre la base<br \/>\nIndicador de Nivel de agua: Visualiza f\u00e1cilmente el nivel de agua utilizado.<br \/>\nEl Bot\u00f3n LED Blanco Luminoso: Aporta un toque de modernidad a tu cafetera e indica si est\u00e1 en funcionamiento<br \/>\nJarra de Vidrio: Resistente, apto para lavavajillas.<\/p>\n","protected":false},"excerpt":{"rendered":"<p>Cafetera Electrolux<\/p>\n","protected":false},"featured_media":10614,"comment_status":"open","ping_status":"closed","template":"","meta":{"_acf_changed":false},"pwb-brand":[207],"product_brand":[],"product_cat":[254,157],"product_tag":[],"class_list":{"0":"post-10615","1":"product","2":"type-product","3":"status-publish","4":"has-post-thumbnail","6":"pwb-brand-electrolux","7":"product_cat-electromenor-cafeteras","8":"product_cat-electromenor","10":"first","11":"outofstock","12":"shipping-taxable","13":"purchasable","14":"product-type-simple"},"acf":[],"brands":[{"id":207,"name":"Electrolux","slug":"electrolux"}],"_links":{"self":[{"href":"https:\/\/triplex.com.bo\/index.php\/wp-json\/wp\/v2\/product\/10615","targetHints":{"allow":["GET"]}}],"collection":[{"href":"https:\/\/triplex.com.bo\/index.php\/wp-json\/wp\/v2\/product"}],"about":[{"href":"https:\/\/triplex.com.bo\/index.php\/wp-json\/wp\/v2\/types\/product"}],"replies":[{"embeddable":true,"href":"https:\/\/triplex.com.bo\/index.php\/wp-json\/wp\/v2\/comments?post=10615"}],"wp:featuredmedia":[{"embeddable":true,"href":"https:\/\/triplex.com.bo\/index.php\/wp-json\/wp\/v2\/media\/10614"}],"wp:attachment":[{"href":"https:\/\/triplex.com.bo\/index.php\/wp-json\/wp\/v2\/media?parent=10615"}],"wp:term":[{"taxonomy":"pwb-brand","embeddable":true,"href":"https:\/\/triplex.com.bo\/index.php\/wp-json\/wp\/v2\/pwb-brand?post=10615"},{"taxonomy":"product_brand","embeddable":true,"href":"https:\/\/triplex.com.bo\/index.php\/wp-json\/wp\/v2\/product_brand?post=10615"},{"taxonomy":"product_cat","embeddable":true,"href":"https:\/\/triplex.com.bo\/index.php\/wp-json\/wp\/v2\/product_cat?post=10615"},{"taxonomy":"product_tag","embeddable":true,"href":"https:\/\/triplex.com.bo\/index.php\/wp-json\/wp\/v2\/product_tag?post=10615"}],"curies":[{"name":"wp","href":"https:\/\/api.w.org\/{rel}","templated":true}]}}