{"id":10613,"date":"2022-12-16T11:55:00","date_gmt":"2022-12-16T11:55:00","guid":{"rendered":"https:\/\/triplex.com.bo\/index.php\/product\/batidora-3-en-1-electrolux\/"},"modified":"2026-03-04T19:43:39","modified_gmt":"2026-03-04T23:43:39","slug":"batidora-3-en-1-electrolux","status":"publish","type":"product","link":"https:\/\/triplex.com.bo\/index.php\/product\/batidora-3-en-1-electrolux\/","title":{"rendered":"BATIDORA 3 EN 1 ELECTROLUX"},"content":{"rendered":"<p>Moler granos, preparar batidos y otros ingredientes para cocinar ser\u00e1 una tarea sencilla a partir de ahora, con el? Mezclador 3 en 1 Inox Gris Granito. Equipado con la tecnolog\u00eda TruFlow\u2122, logre los mejores resultados de textura mientras evita la formaci\u00f3n de ampollas. La Barra de Acero Inoxidable hace que tu cocina sea m\u00e1s moderna y no se manche, adem\u00e1s de tener mayor resistencia y durabilidad. El ?Mixer 3 en 1 tiene una potencia de 600W, lo que hace posible crear las recetas m\u00e1s variadas, adem\u00e1s de la Funci\u00f3n Turbo, que procesa incluso los ingredientes m\u00e1s dif\u00edciles, como granos y nueces. Equipada con mini procesador de alimentos, batidor de claras, vaso de 600ml y cable de 1,2 metros, la Batidora de Acero Inoxidable 3 en 1 hace m\u00e1s pr\u00e1ctico tu d\u00eda a d\u00eda y procesa alimentos de diferentes texturas en el punto ideal<br \/>\nModelo<br \/>\nBEI20<br \/>\nAltura del producto envasado<br \/>\n22,2cm<br \/>\nMini procesador, batidor y vaso.<br \/>\nAncho del producto envasado<br \/>\n15,5 cm<br \/>\nFrecuencia<br \/>\n60 Hz<\/p>\n","protected":false},"excerpt":{"rendered":"<p>Batidora 3 en 1 Electrolux<\/p>\n","protected":false},"featured_media":12652,"comment_status":"open","ping_status":"closed","template":"","meta":{"_acf_changed":false},"pwb-brand":[207],"product_brand":[],"product_cat":[160,157,209],"product_tag":[],"class_list":{"0":"post-10613","1":"product","2":"type-product","3":"status-publish","4":"has-post-thumbnail","6":"pwb-brand-electrolux","7":"product_cat-electromenor-batidoras","8":"product_cat-electromenor","9":"product_cat-ofertas-especiales","11":"first","12":"instock","13":"sale","14":"shipping-taxable","15":"purchasable","16":"product-type-simple"},"acf":[],"brands":[{"id":207,"name":"Electrolux","slug":"electrolux"}],"_links":{"self":[{"href":"https:\/\/triplex.com.bo\/index.php\/wp-json\/wp\/v2\/product\/10613","targetHints":{"allow":["GET"]}}],"collection":[{"href":"https:\/\/triplex.com.bo\/index.php\/wp-json\/wp\/v2\/product"}],"about":[{"href":"https:\/\/triplex.com.bo\/index.php\/wp-json\/wp\/v2\/types\/product"}],"replies":[{"embeddable":true,"href":"https:\/\/triplex.com.bo\/index.php\/wp-json\/wp\/v2\/comments?post=10613"}],"wp:featuredmedia":[{"embeddable":true,"href":"https:\/\/triplex.com.bo\/index.php\/wp-json\/wp\/v2\/media\/12652"}],"wp:attachment":[{"href":"https:\/\/triplex.com.bo\/index.php\/wp-json\/wp\/v2\/media?parent=10613"}],"wp:term":[{"taxonomy":"pwb-brand","embeddable":true,"href":"https:\/\/triplex.com.bo\/index.php\/wp-json\/wp\/v2\/pwb-brand?post=10613"},{"taxonomy":"product_brand","embeddable":true,"href":"https:\/\/triplex.com.bo\/index.php\/wp-json\/wp\/v2\/product_brand?post=10613"},{"taxonomy":"product_cat","embeddable":true,"href":"https:\/\/triplex.com.bo\/index.php\/wp-json\/wp\/v2\/product_cat?post=10613"},{"taxonomy":"product_tag","embeddable":true,"href":"https:\/\/triplex.com.bo\/index.php\/wp-json\/wp\/v2\/product_tag?post=10613"}],"curies":[{"name":"wp","href":"https:\/\/api.w.org\/{rel}","templated":true}]}}