{"id":10611,"date":"2022-12-16T11:54:53","date_gmt":"2022-12-16T11:54:53","guid":{"rendered":"https:\/\/triplex.com.bo\/index.php\/product\/licuadora-electrolux-ebs30\/"},"modified":"2026-01-28T10:57:09","modified_gmt":"2026-01-28T14:57:09","slug":"licuadora-electrolux-ebs30","status":"publish","type":"product","link":"https:\/\/triplex.com.bo\/index.php\/product\/licuadora-electrolux-ebs30\/","title":{"rendered":"LICUADORA ELECTROLUX EBS30"},"content":{"rendered":"<p>Licuadora Electrolux 700w con Tecnologia TruFlow EBS30<\/p>\n<p>Logra el punto perfecto en tus preparaciones, desde deliciosas bebidas hasta una gran variedad de recetas, con la Licuadora Electrolux 700w con Tecnologia TruFlow\u2122 Experience. Equipada con tecnolog\u00eda Truflow\u2122, las cuchillas de acero inoxidable crean un poderoso efecto remolino, mezclando los ingredientes a la perfecci\u00f3n. Su potente motor de 700W se encarga de todo tipo de recetas con facilidad, desde las m\u00e1s delicadas hasta las m\u00e1s pesadas.<br \/>\nLa Licuadora con jarra de vidrio Electrolux tiene una capacidad \u00fatil de 1,5L y no se decolora ni absorbe olores. Su acabado en acero inoxidable combina sofisticaci\u00f3n y durabilidad para tu cocina. Con 5 velocidades diferentes y funci\u00f3n Pulsar, puedes lograr texturas ideales para muchas de tus recetas.<br \/>\nEquipada con un juego de 4 cuchillas de acero inoxidable de dise\u00f1o \u00fanico, la Licuadora Electrolux te ayuda a conseguir texturas ideales para preparar deliciosas bebidas o licuados. Adem\u00e1s, posee una tapa dosificadora, enrollador de cable y base antideslizantes, que ofrecen una mayor estabilidad para el dispositivo.<\/p>\n<p>Funciones Extras<\/p>\n<p>Excelente mezcla con las cuchillas TruFlow\u2122: Las cuchillas de acero inoxidable TruFlow\u2122 crean un poderoso efecto de remolino que combina los ingredientes a la perfecci\u00f3n.<br \/>\nMotor potente de 700W: El potente motor maneja todo tipo de recetas, desde las m\u00e1s delicadas hasta tritutar hielo.<br \/>\nJarra de vidrio resistente: F\u00e1cil de limpiar y no absorbe olores y\/o manchas, con una capacidad \u00fatil de 1.5L.<br \/>\nStainless Steel design: Para un dise\u00f1o m\u00e1s premium y durabilidad tambi\u00e9n.<br \/>\nM\u00faltiples velocidades y funci\u00f3n Pulsar: 5 velocidades diferentes y funci\u00f3n Pulsar para obtener los mejores resultados en varias recetas.<\/p>\n","protected":false},"excerpt":{"rendered":"<p>LICUADORA ELECTROLUX EBS30<\/p>\n","protected":false},"featured_media":10610,"comment_status":"open","ping_status":"closed","template":"","meta":{"_acf_changed":false},"pwb-brand":[207],"product_brand":[],"product_cat":[157,165],"product_tag":[],"class_list":{"0":"post-10611","1":"product","2":"type-product","3":"status-publish","4":"has-post-thumbnail","6":"pwb-brand-electrolux","7":"product_cat-electromenor","8":"product_cat-electromenor-licuadoras","10":"first","11":"outofstock","12":"shipping-taxable","13":"purchasable","14":"product-type-simple"},"acf":[],"brands":[{"id":207,"name":"Electrolux","slug":"electrolux"}],"_links":{"self":[{"href":"https:\/\/triplex.com.bo\/index.php\/wp-json\/wp\/v2\/product\/10611","targetHints":{"allow":["GET"]}}],"collection":[{"href":"https:\/\/triplex.com.bo\/index.php\/wp-json\/wp\/v2\/product"}],"about":[{"href":"https:\/\/triplex.com.bo\/index.php\/wp-json\/wp\/v2\/types\/product"}],"replies":[{"embeddable":true,"href":"https:\/\/triplex.com.bo\/index.php\/wp-json\/wp\/v2\/comments?post=10611"}],"wp:featuredmedia":[{"embeddable":true,"href":"https:\/\/triplex.com.bo\/index.php\/wp-json\/wp\/v2\/media\/10610"}],"wp:attachment":[{"href":"https:\/\/triplex.com.bo\/index.php\/wp-json\/wp\/v2\/media?parent=10611"}],"wp:term":[{"taxonomy":"pwb-brand","embeddable":true,"href":"https:\/\/triplex.com.bo\/index.php\/wp-json\/wp\/v2\/pwb-brand?post=10611"},{"taxonomy":"product_brand","embeddable":true,"href":"https:\/\/triplex.com.bo\/index.php\/wp-json\/wp\/v2\/product_brand?post=10611"},{"taxonomy":"product_cat","embeddable":true,"href":"https:\/\/triplex.com.bo\/index.php\/wp-json\/wp\/v2\/product_cat?post=10611"},{"taxonomy":"product_tag","embeddable":true,"href":"https:\/\/triplex.com.bo\/index.php\/wp-json\/wp\/v2\/product_tag?post=10611"}],"curies":[{"name":"wp","href":"https:\/\/api.w.org\/{rel}","templated":true}]}}