{"id":10607,"date":"2022-12-16T11:54:34","date_gmt":"2022-12-16T11:54:34","guid":{"rendered":"https:\/\/triplex.com.bo\/index.php\/product\/frigobar-ww-puerta-de-vidrio-125ltrs\/"},"modified":"2026-03-04T20:43:14","modified_gmt":"2026-03-05T00:43:14","slug":"frigobar-ww-puerta-de-vidrio-125ltrs","status":"publish","type":"product","link":"https:\/\/triplex.com.bo\/index.php\/product\/frigobar-ww-puerta-de-vidrio-125ltrs\/","title":{"rendered":"FRIGOBAR PUERTA DE VIDRIO NEGRA 125LTS WHITE WESTINGHOUSE"},"content":{"rendered":"<p>Dise\u00f1o elegante y compacto, ofrece una apariencia vers\u00e1til que funcionar\u00e1 muy bien con cualquier estilo o decoraci\u00f3n de oficina o hogar. Est\u00e1 construido con un frente de acero inoxidable con vidrio de tres paneles Low-E para evitar fugas de aire y ayudar a ahorrar energ\u00eda.<\/p>\n<p>La puerta de Vidrio facilita la visibilidad de las bebidas y alimentos sin tener que abrir la puerta.<\/p>\n<p>Capacidad de refrigeraci\u00f3n de sobra para que puedas disfrutar de unas bebidas bien fr\u00edas, ya sea durante una reuni\u00f3n familiar o simplemente porque s\u00ed. Cuenta con una capacidad de 115 Latas por ejemplo.<\/p>\n<div>Te permite ajustar la temperatura interna manualmente entre 1\u00b0C a 10\u00b0C, mantiene tu frescura por m\u00e1s tiempo a una temperatura \u00f3ptima.<\/div>\n<div><\/div>\n<table>\n<tbody>\n<tr>\n<td>Marca<\/td>\n<td>White Westinghouse<\/td>\n<\/tr>\n<tr>\n<td>Tipo<\/td>\n<td>Frigobar Exhibidor<\/td>\n<\/tr>\n<tr>\n<td>Color<\/td>\n<td>Acero inox \/ Negro<\/td>\n<\/tr>\n<tr>\n<td>Capacidad total<\/td>\n<td>125 Litros<\/td>\n<\/tr>\n<tr>\n<td><\/td>\n<td><\/td>\n<\/tr>\n<tr>\n<td>Rango de Temperatura<\/td>\n<td>1-10\u00b0C<\/td>\n<\/tr>\n<tr>\n<td>Voltaje(V) \/ Hertz(Hz)<\/td>\n<td>220V \/ 50Hz<\/td>\n<\/tr>\n<tr>\n<td>Nivel de Ruido<\/td>\n<td>48 dB<\/td>\n<\/tr>\n<tr>\n<td>Iluminacion interior<\/td>\n<td>S\u00ed LED<\/td>\n<\/tr>\n<tr>\n<td>Numero de estantes<\/td>\n<td>3<\/td>\n<\/tr>\n<tr>\n<td>Peso<\/td>\n<td>20 kg<\/td>\n<\/tr>\n<tr>\n<td>Alto<\/td>\n<td>84.2 cm<\/td>\n<\/tr>\n<tr>\n<td>Ancho<\/td>\n<td>48 cm<\/td>\n<\/tr>\n<tr>\n<td>Profundidad<\/td>\n<td>44cm<\/td>\n<\/tr>\n<tr>\n<td>Garant\u00eda<\/td>\n<td>2 A\u00f1o<\/td>\n<\/tr>\n<\/tbody>\n<\/table>\n<p>&nbsp;<\/p>\n","protected":false},"excerpt":{"rendered":"<p>FRIGOBAR WW PUERTA DE VIDRIO 125LTRS<\/p>\n","protected":false},"featured_media":17134,"comment_status":"open","ping_status":"closed","template":"","meta":{"_acf_changed":false},"pwb-brand":[208],"product_brand":[],"product_cat":[175,209,142],"product_tag":[],"class_list":{"0":"post-10607","1":"product","2":"type-product","3":"status-publish","4":"has-post-thumbnail","6":"pwb-brand-white-westinghouse","7":"product_cat-refrigeradores-frigobares","8":"product_cat-ofertas-especiales","9":"product_cat-refrigeradores","11":"first","12":"instock","13":"sale","14":"shipping-taxable","15":"purchasable","16":"product-type-simple"},"acf":[],"brands":[{"id":208,"name":"White-Westinghousesss","slug":"white-westinghouse"}],"_links":{"self":[{"href":"https:\/\/triplex.com.bo\/index.php\/wp-json\/wp\/v2\/product\/10607","targetHints":{"allow":["GET"]}}],"collection":[{"href":"https:\/\/triplex.com.bo\/index.php\/wp-json\/wp\/v2\/product"}],"about":[{"href":"https:\/\/triplex.com.bo\/index.php\/wp-json\/wp\/v2\/types\/product"}],"replies":[{"embeddable":true,"href":"https:\/\/triplex.com.bo\/index.php\/wp-json\/wp\/v2\/comments?post=10607"}],"wp:featuredmedia":[{"embeddable":true,"href":"https:\/\/triplex.com.bo\/index.php\/wp-json\/wp\/v2\/media\/17134"}],"wp:attachment":[{"href":"https:\/\/triplex.com.bo\/index.php\/wp-json\/wp\/v2\/media?parent=10607"}],"wp:term":[{"taxonomy":"pwb-brand","embeddable":true,"href":"https:\/\/triplex.com.bo\/index.php\/wp-json\/wp\/v2\/pwb-brand?post=10607"},{"taxonomy":"product_brand","embeddable":true,"href":"https:\/\/triplex.com.bo\/index.php\/wp-json\/wp\/v2\/product_brand?post=10607"},{"taxonomy":"product_cat","embeddable":true,"href":"https:\/\/triplex.com.bo\/index.php\/wp-json\/wp\/v2\/product_cat?post=10607"},{"taxonomy":"product_tag","embeddable":true,"href":"https:\/\/triplex.com.bo\/index.php\/wp-json\/wp\/v2\/product_tag?post=10607"}],"curies":[{"name":"wp","href":"https:\/\/api.w.org\/{rel}","templated":true}]}}