{"id":10599,"date":"2022-12-16T11:53:50","date_gmt":"2022-12-16T11:53:50","guid":{"rendered":"https:\/\/triplex.com.bo\/index.php\/product\/celular-honor-x7\/"},"modified":"2024-08-13T14:47:41","modified_gmt":"2024-08-13T18:47:41","slug":"celular-honor-x7","status":"publish","type":"product","link":"https:\/\/triplex.com.bo\/index.php\/product\/celular-honor-x7\/","title":{"rendered":"CELULAR HONOR X7"},"content":{"rendered":"<p>Honor X7 (RAM 4GB| ROM 128GB) ram expandible hasta 6gb<br \/>\nEl Honor X7 luce un panel TFT LCD de 6,74 pulgadas con una resoluci\u00f3n de 1600 x 720 p\u00edxeles (HD+), 16,7 millones de colores y una frecuencia de actualizaci\u00f3n de 90 Hz. La pantalla con certificaci\u00f3n T\u00dcV Rheinland (para baja emisi\u00f3n de luz azul) tambi\u00e9n tiene una muesca de gota de roc\u00edo con una relaci\u00f3n pantalla-cuerpo del 90,07 %.<br \/>\nEst\u00e1 alimentado por un SoC MediaTek Dimensity 700 junto con 4 GB\/6 GB\/8 GB de RAM y 128 GB de almacenamiento. En cuanto al software, arranca Magic UI 5.0 basado en Android 11.<br \/>\nEl Honor X7 alberga una configuraci\u00f3n de c\u00e1mara dual en la parte posterior que consta de un sensor primario de 13MP y un sensor de profundidad de 2MP. En el frente, usa un disparador de 5MP para selfies y videollamadas.<br \/>\nEn el frente de la conectividad, el tel\u00e9fono inteligente admite doble SIM, 5G, WiFi de doble banda, Bluetooth 5.1 y GNSS (GPS, A-GPS, BeiDou). Tambi\u00e9n cuenta con un conector para auriculares de 3,5 mm, un puerto USB tipo C y una ranura para tarjeta MicroSD.<br \/>\nEl dispositivo viene con todos los sensores esenciales, como un aceler\u00f3metro, un sensor de luz ambiental, una br\u00fajula, un sensor de luz de proximidad y un sensor de huellas dactilares de montaje lateral. Mide 167,59 \u00d7 77,19 \u00d7 8,62 mm de dimensiones, pesa 198 g<\/p>\n","protected":false},"excerpt":{"rendered":"<p>CELULAR HONOR X7<\/p>\n","protected":false},"featured_media":10598,"comment_status":"open","ping_status":"closed","template":"","meta":{"_acf_changed":false},"pwb-brand":[356],"product_brand":[],"product_cat":[339],"product_tag":[],"class_list":{"0":"post-10599","1":"product","2":"type-product","3":"status-publish","4":"has-post-thumbnail","6":"pwb-brand-honor","7":"product_cat-tecnologia-celulares","9":"first","10":"outofstock","11":"shipping-taxable","12":"purchasable","13":"product-type-simple"},"acf":[],"brands":[{"id":356,"name":"HONOR","slug":"honor"}],"_links":{"self":[{"href":"https:\/\/triplex.com.bo\/index.php\/wp-json\/wp\/v2\/product\/10599","targetHints":{"allow":["GET"]}}],"collection":[{"href":"https:\/\/triplex.com.bo\/index.php\/wp-json\/wp\/v2\/product"}],"about":[{"href":"https:\/\/triplex.com.bo\/index.php\/wp-json\/wp\/v2\/types\/product"}],"replies":[{"embeddable":true,"href":"https:\/\/triplex.com.bo\/index.php\/wp-json\/wp\/v2\/comments?post=10599"}],"wp:featuredmedia":[{"embeddable":true,"href":"https:\/\/triplex.com.bo\/index.php\/wp-json\/wp\/v2\/media\/10598"}],"wp:attachment":[{"href":"https:\/\/triplex.com.bo\/index.php\/wp-json\/wp\/v2\/media?parent=10599"}],"wp:term":[{"taxonomy":"pwb-brand","embeddable":true,"href":"https:\/\/triplex.com.bo\/index.php\/wp-json\/wp\/v2\/pwb-brand?post=10599"},{"taxonomy":"product_brand","embeddable":true,"href":"https:\/\/triplex.com.bo\/index.php\/wp-json\/wp\/v2\/product_brand?post=10599"},{"taxonomy":"product_cat","embeddable":true,"href":"https:\/\/triplex.com.bo\/index.php\/wp-json\/wp\/v2\/product_cat?post=10599"},{"taxonomy":"product_tag","embeddable":true,"href":"https:\/\/triplex.com.bo\/index.php\/wp-json\/wp\/v2\/product_tag?post=10599"}],"curies":[{"name":"wp","href":"https:\/\/api.w.org\/{rel}","templated":true}]}}